{"id":10960,"date":"2020-01-22T18:36:55","date_gmt":"2020-01-22T17:36:55","guid":{"rendered":"https:\/\/home.graf-rasso-gymnasium.de\/home\/?page_id=10960"},"modified":"2024-01-10T16:07:02","modified_gmt":"2024-01-10T15:07:02","slug":"sozialpaedagogische-unterstuetzung-am-gymnasium-spug-2","status":"publish","type":"page","link":"https:\/\/home.graf-rasso-gymnasium.de\/home\/unsere-schule\/sozialpaedagogische-unterstuetzung-am-gymnasium-spug-2\/","title":{"rendered":"Sozialp\u00e4dagogische Unterst\u00fctzung am Gymnasium (SPUG)"},"content":{"rendered":"\n<p><strong>Name: <\/strong>Alena Hofman-Distler<\/p>\n\n\n\n<p><strong>Sprechstunde:<\/strong> montags bis freitags vormittags und nach Vereinbarung<\/p>\n\n\n\n<p><strong>Raum: <\/strong>B.2.09<\/p>\n\n\n\n<p><strong>Telefon:<\/strong> 08141 6111 409<\/p>\n\n\n\n<p><strong>E-Mail:<\/strong> <a href=\"mailto:alena.hofman-distler@lra-ffb.de\">alena.hofman-distler@lra-ffb.de<\/a><\/p>\n\n\n\n<p>Mein Name ist Alena Hofman-Distler, ich bin Sozialp\u00e4dagogin (B.A.) und nun seit November 2019 am Graf-Rasso-Gymnasium als sozialp\u00e4dagogische Unterst\u00fctzung t\u00e4tig. Die sozialp\u00e4dagogische Unterst\u00fctzung an Gymnasien, oder auch SPUG, stellt eine Schnittstelle zwischen Jugendhilfe und Schule dar. Sie bietet Kindern und Jugendlichen unserer Schule und deren Eltern Unterst\u00fctzung und Beratung an. <br \/>Die SPUG unterst\u00fctzt junge Menschen in ihrer Entwicklung, im schulischen Alltag, bei Schwierigkeiten im schulischen und auch famili\u00e4ren Bereich und versucht gemeinsam mit Kindern, Eltern und Lehrkr\u00e4ften L\u00f6sungswege zu finden. Dabei kooperiert die SPUG mit anderen sozialen Einrichtungen und \u00f6ffentlichen Institutionen.<\/p>\n\n\n\n<p>Sie k\u00f6nnen sich als Eltern oder Erziehungsberechtigte an mich wenden, wenn Sie &#8230;<\/p>\n\n\n\n<ul class=\"wp-block-list\">\n<li>sich Beratung w\u00fcnschen.<\/li>\n\n\n\n<li>Probleme Ihrer Kinder in der Schule wahrnehmen.<\/li>\n\n\n\n<li>sich Vermittlung oder Informationen zu anderen Einrichtungen w\u00fcnschen.<\/li>\n\n\n\n<li>einfach jemanden zum Reden brauchen.<\/li>\n<\/ul>\n\n\n\n<p>Als Sch\u00fcler oder Sch\u00fclerin kannst du dich an mich wenden, wenn du &#8230;<\/p>\n\n\n\n<ul class=\"wp-block-list\">\n<li>zu Hause oder in der Schule Probleme hast und dabei Unterst\u00fctzung brauchst.<\/li>\n\n\n\n<li>in deiner Klasse oder in der Schule Schwierigkeiten hast.<\/li>\n\n\n\n<li>Streit mit einem anderen Sch\u00fcler hast.<\/li>\n\n\n\n<li>einfach jemanden zum Reden brauchst.<\/li>\n<\/ul>\n\n\n\n<p>Die Beratung ist kostenlos, freiwillig und unterliegt der Schweigepflicht<\/p>\n\n\n\n<p>In Tr\u00e4gerschaft von:<\/p>\n\n\n\n<figure class=\"wp-block-image size-medium\"><img loading=\"lazy\" decoding=\"async\" width=\"300\" height=\"96\" src=\"https:\/\/home.graf-rasso-gymnasium.de\/home\/files\/2020\/01\/2023-24\/LRA-Logo-300x96.png\" alt=\"\" class=\"wp-image-16696\" srcset=\"https:\/\/home.graf-rasso-gymnasium.de\/home\/files\/2020\/01\/2023-24\/LRA-Logo-300x96.png 300w, https:\/\/home.graf-rasso-gymnasium.de\/home\/files\/2020\/01\/2023-24\/LRA-Logo.png 360w\" sizes=\"auto, (max-width: 300px) 100vw, 300px\" \/><\/figure>\n\n\n\n<div class=\"wp-block-file\"><a id=\"wp-block-file--media-e8a1cd90-9670-4a71-a406-4a353a7d7d72\" href=\"https:\/\/home.graf-rasso-gymnasium.de\/home\/files\/2020-21\/Datenschutzhinweise.pdf\">Datenschutzhinweise<\/a><a href=\"https:\/\/home.graf-rasso-gymnasium.de\/home\/files\/2020-21\/Datenschutzhinweise.pdf\" class=\"wp-block-file__button wp-element-button\" download aria-describedby=\"wp-block-file--media-e8a1cd90-9670-4a71-a406-4a353a7d7d72\">Herunterladen<\/a><\/div>\n","protected":false},"excerpt":{"rendered":"<p>Name: Alena Hofman-Distler Sprechstunde: montags bis freitags vormittags und nach Vereinbarung Raum: B.2.09 Telefon: 08141 6111 409 E-Mail: alena.hofman-distler@lra-ffb.de Mein Name ist Alena Hofman-Distler, ich bin Sozialp\u00e4dagogin (B.A.) und nun seit November 2019 am Graf-Rasso-Gymnasium als sozialp\u00e4dagogische Unterst\u00fctzung t\u00e4tig. Die sozialp\u00e4dagogische Unterst\u00fctzung an Gymnasien, oder auch SPUG, stellt eine Schnittstelle zwischen Jugendhilfe und Schule dar. [&hellip;]<\/p>\n","protected":false},"author":2,"featured_media":0,"parent":1653,"menu_order":0,"comment_status":"closed","ping_status":"closed","template":"","meta":{"footnotes":""},"class_list":["post-10960","page","type-page","status-publish","hentry"],"_links":{"self":[{"href":"https:\/\/home.graf-rasso-gymnasium.de\/home\/wp-json\/wp\/v2\/pages\/10960","targetHints":{"allow":["GET"]}}],"collection":[{"href":"https:\/\/home.graf-rasso-gymnasium.de\/home\/wp-json\/wp\/v2\/pages"}],"about":[{"href":"https:\/\/home.graf-rasso-gymnasium.de\/home\/wp-json\/wp\/v2\/types\/page"}],"author":[{"embeddable":true,"href":"https:\/\/home.graf-rasso-gymnasium.de\/home\/wp-json\/wp\/v2\/users\/2"}],"replies":[{"embeddable":true,"href":"https:\/\/home.graf-rasso-gymnasium.de\/home\/wp-json\/wp\/v2\/comments?post=10960"}],"version-history":[{"count":23,"href":"https:\/\/home.graf-rasso-gymnasium.de\/home\/wp-json\/wp\/v2\/pages\/10960\/revisions"}],"predecessor-version":[{"id":16697,"href":"https:\/\/home.graf-rasso-gymnasium.de\/home\/wp-json\/wp\/v2\/pages\/10960\/revisions\/16697"}],"up":[{"embeddable":true,"href":"https:\/\/home.graf-rasso-gymnasium.de\/home\/wp-json\/wp\/v2\/pages\/1653"}],"wp:attachment":[{"href":"https:\/\/home.graf-rasso-gymnasium.de\/home\/wp-json\/wp\/v2\/media?parent=10960"}],"curies":[{"name":"wp","href":"https:\/\/api.w.org\/{rel}","templated":true}]}}