{"id":11096,"date":"2020-01-30T14:17:29","date_gmt":"2020-01-30T13:17:29","guid":{"rendered":"https:\/\/home.graf-rasso-gymnasium.de\/home\/?page_id=11096"},"modified":"2025-12-18T07:42:17","modified_gmt":"2025-12-18T06:42:17","slug":"besonderheiten-am-grg-alt","status":"publish","type":"page","link":"https:\/\/home.graf-rasso-gymnasium.de\/home\/unsere-schule\/besonderheiten-am-grg-alt\/","title":{"rendered":"Besonderheiten am GRG"},"content":{"rendered":"\n<div class=\"wp-block-columns is-layout-flex wp-container-core-columns-is-layout-28f84493 wp-block-columns-is-layout-flex\">\n<div class=\"wp-block-column is-layout-flow wp-block-column-is-layout-flow\" style=\"flex-basis:33.33%\">\n<p><a href=\"https:\/\/home.graf-rasso-gymnasium.de\/home\/files\/2019-20\/Stundenplan_einer_aktuellen_5.pdf\">Stundenplan einer 5. Klasse<\/a><\/p>\n<\/div>\n\n\n\n<div class=\"wp-block-column is-layout-flow wp-block-column-is-layout-flow\" style=\"flex-basis:66.66%\">\n<p><strong>Doppelstunden- und Fachraumprinzip<\/strong><\/p>\n\n\n\n<p>Seit dem Schuljahr 2014\/2015 halten wir am Graf-Rasso-Gym\u00adnasium unseren Unterricht soweit m\u00f6glich in Doppelstunden. Das hat f\u00fcr die Sch\u00fclerinnen und Sch\u00fcler mehrere Vorteile:<\/p>\n\n\n\n<ul class=\"wp-block-list\">\n<li>Der Schultag wird ruhiger.<\/li>\n\n\n\n<li>Die h\u00e4usliche Vorbereitung wird \u00fcberschaubarer.<\/li>\n\n\n\n<li>Der Schulranzen wird leichter.<\/li>\n<\/ul>\n<\/div>\n<\/div>\n\n\n\n<div class=\"wp-block-columns is-layout-flex wp-container-core-columns-is-layout-28f84493 wp-block-columns-is-layout-flex\">\n<div class=\"wp-block-column is-layout-flow wp-block-column-is-layout-flow\" style=\"flex-basis:33.33%\">\n<figure class=\"wp-block-image aligncenter size-medium\"><img loading=\"lazy\" decoding=\"async\" width=\"300\" height=\"113\" src=\"https:\/\/home.graf-rasso-gymnasium.de\/home\/files\/2017-18\/buecherstapel-300x113.jpg\" alt=\"\" class=\"wp-image-8802\"\/><\/figure>\n<\/div>\n\n\n\n<div class=\"wp-block-column is-layout-flow wp-block-column-is-layout-flow\" style=\"flex-basis:66.66%\">\n<p><strong>Leichter Schulranzen in den 5. und 6. Klassen<\/strong><\/p>\n\n\n\n<p> F\u00fcr die Sch\u00fclerinnen und Sch\u00fcler der 5. und 6. Klassen h\u00e4lt das Graf-Rasso-Gymnasium f\u00fcr die Kernf\u00e4cher Deutsch, Englisch und Mathematik doppelte B\u00fcchers\u00e4tze bereit.<br \/>Ein B\u00fcchersatz befindet sich jeweils im Raum der Fachlehrkraft, so dass die Kinder die eigenen Englisch-, Deutsch- und Ma\u00adthematikb\u00fccher zuhause lassen k\u00f6nnen.<br \/>Auch in der offenen Ganztagsschule sind die entsprechenden B\u00fccher vorhanden.<\/p>\n<\/div>\n<\/div>\n\n\n\n<div class=\"wp-block-columns is-layout-flex wp-container-core-columns-is-layout-28f84493 wp-block-columns-is-layout-flex\">\n<div class=\"wp-block-column is-layout-flow wp-block-column-is-layout-flow\" style=\"flex-basis:33.33%\">\n<figure class=\"wp-block-image size-medium\"><img loading=\"lazy\" decoding=\"async\" width=\"300\" height=\"210\" src=\"https:\/\/home.graf-rasso-gymnasium.de\/home\/files\/2016-17\/ogts_action-300x210.jpg\" alt=\"\" class=\"wp-image-8569\" srcset=\"https:\/\/home.graf-rasso-gymnasium.de\/home\/files\/2016-17\/ogts_action-300x210.jpg 300w, https:\/\/home.graf-rasso-gymnasium.de\/home\/files\/2016-17\/ogts_action.jpg 600w\" sizes=\"auto, (max-width: 300px) 100vw, 300px\" \/><\/figure>\n\n\n\n<figure class=\"wp-block-image size-full is-resized\"><img loading=\"lazy\" decoding=\"async\" width=\"406\" height=\"600\" src=\"https:\/\/home.graf-rasso-gymnasium.de\/home\/files\/2016-17\/ogts_masken.jpg\" alt=\"\" class=\"wp-image-8571\" srcset=\"https:\/\/home.graf-rasso-gymnasium.de\/home\/files\/2016-17\/ogts_masken.jpg 406w, https:\/\/home.graf-rasso-gymnasium.de\/home\/files\/2016-17\/ogts_masken-203x300.jpg 203w\" sizes=\"auto, (max-width: 406px) 100vw, 406px\" \/><\/figure>\n<\/div>\n\n\n\n<div class=\"wp-block-column is-layout-flow wp-block-column-is-layout-flow\" style=\"flex-basis:66.66%\">\n<p><strong>offene Ganztagsschule<\/strong><\/p>\n\n\n\n<p>Seit mehreren Jahren kooperiert das Graf-Rasso-Gymnasium in Sachen Nachmittagsbetreuung mit der Gesellschaft zur F\u00f6r\u00adderung beruflicher und sozialer Integration (gfi), einem der gr\u00f6\u00dften privaten Tr\u00e4ger der offenen Ganztagsschule in Bay\u00adern.<br \/>Die offene Ganztagsschule betreut die Kinder von Montag bis Donnerstag jeweils von 13:00 Uhr bis 16:00 Uhr in den R\u00e4umen des Graf-Rasso-Gymnasiums.<br \/>Die Betreuung ist f\u00fcr die Eltern kostenlos. Das Kind muss jedoch f\u00fcr mindestens zwei Nachmittage\/Woche angemeldet wer\u00adden.<br \/>Erfolgt die \u2013 verbindliche \u2013 Anmeldung rechtzeitig Anfang Mai, ist dem Kind ein Betreuungsplatz im kommenden Schuljahr sicher. Eine sp\u00e4tere Anmeldung kann nur dann ber\u00fccksichtigt werden, wenn freie Pl\u00e4tze vorhanden sind.<\/p>\n<\/div>\n<\/div>\n\n\n\n<div class=\"wp-block-columns is-layout-flex wp-container-core-columns-is-layout-28f84493 wp-block-columns-is-layout-flex\">\n<div class=\"wp-block-column is-layout-flow wp-block-column-is-layout-flow\" style=\"flex-basis:33.33%\">\n<figure class=\"wp-block-image size-large is-resized\"><img loading=\"lazy\" decoding=\"async\" width=\"768\" height=\"1024\" src=\"https:\/\/home.graf-rasso-gymnasium.de\/home\/files\/2017-18\/mensa-768x1024.jpg\" alt=\"\" class=\"wp-image-8824\" srcset=\"https:\/\/home.graf-rasso-gymnasium.de\/home\/files\/2017-18\/mensa-768x1024.jpg 768w, https:\/\/home.graf-rasso-gymnasium.de\/home\/files\/2017-18\/mensa-225x300.jpg 225w\" sizes=\"auto, (max-width: 768px) 100vw, 768px\" \/><\/figure>\n<\/div>\n\n\n\n<div class=\"wp-block-column is-layout-flow wp-block-column-is-layout-flow\" style=\"flex-basis:66.66%\">\n<p><strong>Mensa<\/strong><\/p>\n\n\n\n<p>In der GRG-Mensa wird von Montag bis Donnerstag frisch ge\u00adkocht. Unser Mensa-P\u00e4chter legt dabei besonderen Wert da\u00adrauf, regionale Produkte zu verwenden.<br \/>Zur Auswahl stehen t\u00e4glich ein warmes Hauptgericht mit Fleisch oder Fisch sowie ein vegetarisches Gericht.<br \/>Daneben h\u00e4lt das Mensa-Team zahlreiche kleinere Gerichte und Brotzeiten bereit, wobei die Auswahl von diversen Sala\u00adten, frisch zubereiteten Obstspeisen \u00fcber verschiedenes Ge\u00adb\u00e4ck bis zu Leberk\u00e4s- und Schnitzelsemmeln reicht.<br \/>Kinder, die in der 7. Stunde Unterricht haben, erhalten \u2013 nach Vorbestellung \u2013 auch um 14.00 Uhr noch ein warmes Mittages\u00adsen.<\/p>\n<\/div>\n<\/div>\n\n\n\n<div class=\"wp-block-columns is-layout-flex wp-container-core-columns-is-layout-28f84493 wp-block-columns-is-layout-flex\">\n<div class=\"wp-block-column is-layout-flow wp-block-column-is-layout-flow\" style=\"flex-basis:33.33%\">\n<figure class=\"wp-block-image aligncenter size-medium\"><img loading=\"lazy\" decoding=\"async\" width=\"300\" height=\"225\" src=\"https:\/\/home.graf-rasso-gymnasium.de\/home\/files\/2017-18\/wahlkurs_robotik-300x225.jpg\" alt=\"\" class=\"wp-image-8826\" srcset=\"https:\/\/home.graf-rasso-gymnasium.de\/home\/files\/2017-18\/wahlkurs_robotik-300x225.jpg 300w, https:\/\/home.graf-rasso-gymnasium.de\/home\/files\/2017-18\/wahlkurs_robotik-768x576.jpg 768w, https:\/\/home.graf-rasso-gymnasium.de\/home\/files\/2017-18\/wahlkurs_robotik-1024x768.jpg 1024w\" sizes=\"auto, (max-width: 300px) 100vw, 300px\" \/><\/figure>\n<\/div>\n\n\n\n<div class=\"wp-block-column is-layout-flow wp-block-column-is-layout-flow\" style=\"flex-basis:66.66%\">\n<p><strong>Attraktives Wahlkursangebot ab 5. Jahrgangsstufe<\/strong><\/p>\n\n\n\n<p>Bereits in der 5. Jahrgangsstufe haben unsere Sch\u00fclerinnen und Sch\u00fcler die M\u00f6glichkeit, an zahlreichen Wahlkursen oder AGs teilzunehmen.<br \/>Neben zahlreichen Angeboten im Bereich der Musik sind das beispielsweise die Robo AG, die SchulFAIRbesserer, das Improtheater oder der Sportkurs Akrobatik.<\/p>\n<\/div>\n<\/div>\n\n\n\n<div class=\"wp-block-columns is-layout-flex wp-container-core-columns-is-layout-28f84493 wp-block-columns-is-layout-flex\">\n<div class=\"wp-block-column is-layout-flow wp-block-column-is-layout-flow\" style=\"flex-basis:33.33%\">\n<figure class=\"wp-block-image aligncenter size-medium\"><img loading=\"lazy\" decoding=\"async\" width=\"300\" height=\"225\" src=\"https:\/\/home.graf-rasso-gymnasium.de\/home\/files\/2017-18\/schulhausrallye2-300x225.jpg\" alt=\"\" class=\"wp-image-8807\" srcset=\"https:\/\/home.graf-rasso-gymnasium.de\/home\/files\/2017-18\/schulhausrallye2-300x225.jpg 300w, https:\/\/home.graf-rasso-gymnasium.de\/home\/files\/2017-18\/schulhausrallye2-768x576.jpg 768w, https:\/\/home.graf-rasso-gymnasium.de\/home\/files\/2017-18\/schulhausrallye2-1024x768.jpg 1024w\" sizes=\"auto, (max-width: 300px) 100vw, 300px\" \/><\/figure>\n<\/div>\n\n\n\n<div class=\"wp-block-column is-layout-flow wp-block-column-is-layout-flow\" style=\"flex-basis:66.66%\">\n<p><strong>Tutorensystem<\/strong><\/p>\n\n\n\n<p>In ihrem ersten Schuljahr am Graf-Rasso-Gymnasium werden alle 5. Klassen jeweils von einem Team aus Sch\u00fclertutoren und \u2013 tutorinnen begleitet.<br \/>Diese besuchen in der Regel die 9. oder 10. Jahrgangsstufe. Sie unterst\u00fctzen die F\u00fcnftkl\u00e4ssler bei der Eingew\u00f6hnung in den ersten Schulwochen und bieten das ganze Schuljahr hindurch immer wieder gemeinsame Veranstaltungen an.<br \/>Alle Tutorinnen und Tutoren durchlaufen im Vorjahr ein Aus\u00adwahlverfahren und nehmen an einer zweit\u00e4gigen Tutoren\u00adschulung teil, die vom Kreisjugendring durchgef\u00fchrt wird.<\/p>\n<\/div>\n<\/div>\n\n\n\n<div class=\"wp-block-columns is-layout-flex wp-container-core-columns-is-layout-28f84493 wp-block-columns-is-layout-flex\">\n<div class=\"wp-block-column is-layout-flow wp-block-column-is-layout-flow\" style=\"flex-basis:33.33%\">\n<figure class=\"wp-block-image aligncenter size-medium\"><img loading=\"lazy\" decoding=\"async\" width=\"300\" height=\"225\" src=\"https:\/\/home.graf-rasso-gymnasium.de\/home\/files\/2017-18\/wartaweil_spielerunde-300x225.jpg\" alt=\"\" class=\"wp-image-8882\" srcset=\"https:\/\/home.graf-rasso-gymnasium.de\/home\/files\/2017-18\/wartaweil_spielerunde-300x225.jpg 300w, https:\/\/home.graf-rasso-gymnasium.de\/home\/files\/2017-18\/wartaweil_spielerunde-768x576.jpg 768w, https:\/\/home.graf-rasso-gymnasium.de\/home\/files\/2017-18\/wartaweil_spielerunde-1024x768.jpg 1024w, https:\/\/home.graf-rasso-gymnasium.de\/home\/files\/2017-18\/wartaweil_spielerunde.jpg 1040w\" sizes=\"auto, (max-width: 300px) 100vw, 300px\" \/><\/figure>\n<\/div>\n\n\n\n<div class=\"wp-block-column is-layout-flow wp-block-column-is-layout-flow\" style=\"flex-basis:66.66%\">\n<p><strong>Kennenlerntage in Wartaweil<\/strong><\/p>\n\n\n\n<p>Alle 5. Klassen fahren zu Beginn des Schuljahres mit ihrem Klas\u00adsenleiter\/ihrer Klassenleiterin, einer weiteren Begleitlehrkraft sowie dem jeweiligen Tutorenteam nach Wartaweil, ein Schullandheim am Ammersee.<br \/>In diesen beiden Tagen geht es vor allem um das gegensei\u00adtige Kennenlernen.<\/p>\n<\/div>\n<\/div>\n\n\n\n<div class=\"wp-block-columns is-layout-flex wp-container-core-columns-is-layout-28f84493 wp-block-columns-is-layout-flex\">\n<div class=\"wp-block-column is-layout-flow wp-block-column-is-layout-flow\" style=\"flex-basis:33.33%\">\n<figure class=\"wp-block-image aligncenter size-medium\"><img loading=\"lazy\" decoding=\"async\" width=\"300\" height=\"225\" src=\"https:\/\/home.graf-rasso-gymnasium.de\/home\/files\/2017-18\/sami-300x225.jpg\" alt=\"\" class=\"wp-image-8827\" srcset=\"https:\/\/home.graf-rasso-gymnasium.de\/home\/files\/2017-18\/sami-300x225.jpg 300w, https:\/\/home.graf-rasso-gymnasium.de\/home\/files\/2017-18\/sami-768x576.jpg 768w, https:\/\/home.graf-rasso-gymnasium.de\/home\/files\/2017-18\/sami-1024x768.jpg 1024w\" sizes=\"auto, (max-width: 300px) 100vw, 300px\" \/><\/figure>\n<\/div>\n\n\n\n<div class=\"wp-block-column is-layout-flow wp-block-column-is-layout-flow\" style=\"flex-basis:66.66%\">\n<p><strong>Sozialkompetenztraining SAMI<\/strong><\/p>\n\n\n\n<p>Ein positives Miteinander ist uns am Graf-Rasso-Gymnasium ein besonderes Anliegen.<br \/>Sozialkompetenz will aber auch ge\u00fcbt und reflektiert sein. Da\u00adher f\u00fchren wir in allen f\u00fcnften Klassen das Sozialkompetenz\u00adtraining SAMI durch. SAMI steht f\u00fcr <em>sozial \u2013 achtsam \u2013 mutig \u2013 intelligent<\/em>. In f\u00fcnf Einheiten geht es zun\u00e4chst um Gruppen- und Gespr\u00e4chsregeln, aber z.B. auch um die Frage, was &#8222;sich wohlf\u00fchlen&#8220; ist.<br \/>Gemeinsam reflektieren die Sch\u00fclerinnen und Sch\u00fcler au\u00dfer\u00addem, wie die Kommunikation in der Klasse gelingen kann; sie besch\u00e4ftigen sich mit ihrem Selbstbild und lernen zwischen Selbst- und Fremdwahrnehmung zu unterscheiden.<\/p>\n<\/div>\n<\/div>\n\n\n\n<div class=\"wp-block-columns is-layout-flex wp-container-core-columns-is-layout-28f84493 wp-block-columns-is-layout-flex\">\n<div class=\"wp-block-column is-layout-flow wp-block-column-is-layout-flow\" style=\"flex-basis:33.33%\">\n<figure class=\"wp-block-image aligncenter size-medium\"><img loading=\"lazy\" decoding=\"async\" width=\"300\" height=\"225\" src=\"https:\/\/home.graf-rasso-gymnasium.de\/home\/files\/2017-18\/lernen_lernen-300x225.jpg\" alt=\"\" class=\"wp-image-8808\" srcset=\"https:\/\/home.graf-rasso-gymnasium.de\/home\/files\/2017-18\/lernen_lernen-300x225.jpg 300w, https:\/\/home.graf-rasso-gymnasium.de\/home\/files\/2017-18\/lernen_lernen-768x576.jpg 768w, https:\/\/home.graf-rasso-gymnasium.de\/home\/files\/2017-18\/lernen_lernen-1024x768.jpg 1024w\" sizes=\"auto, (max-width: 300px) 100vw, 300px\" \/><\/figure>\n<\/div>\n\n\n\n<div class=\"wp-block-column is-layout-flow wp-block-column-is-layout-flow\" style=\"flex-basis:66.66%\">\n<p><strong>Lernen lernen \u2013 Angebote f\u00fcr Sch\u00fcler und Eltern<\/strong><\/p>\n\n\n\n<p>Um den \u00dcbergang an die neue Schulart zu erleichtern, f\u00fchren wir in allen 5. Klassen ein Lernkompetenztraining durch. Mit Heftf\u00fchrung, Hausaufgaben und Fragen der Zeiteinteilung steht zun\u00e4chst die Organisation des Lernprozesses im Mittel\u00adpunkt. Dar\u00fcber hinaus werden \u2013 in altersgem\u00e4\u00dfer Form &#8211; grundlegende lernbiologische Kenntnisse vermittelt. Das Lern\u00adkompetenztraining umfasst mehrere Doppelstunden und fin\u00addet im Rahmen des Vormittagsunterrichts statt.<br \/>Der regelm\u00e4\u00dfig stattfindende Elternabend \u201eLernen lernen\u201c zu Beginn des Schuljahres informiert die Eltern nicht nur dar\u00fcber, was die Kinder zu diesem Thema erfahren, sondern zeigt auch auf, wie Eltern zuhause unterst\u00fctzend wirken k\u00f6nnen.<\/p>\n<\/div>\n<\/div>\n\n\n\n<div class=\"wp-block-columns is-layout-flex wp-container-core-columns-is-layout-28f84493 wp-block-columns-is-layout-flex\">\n<div class=\"wp-block-column is-layout-flow wp-block-column-is-layout-flow\" style=\"flex-basis:33.33%\">\n<figure class=\"wp-block-image aligncenter size-medium\"><img loading=\"lazy\" decoding=\"async\" width=\"300\" height=\"228\" src=\"https:\/\/home.graf-rasso-gymnasium.de\/home\/files\/2017-18\/schwimmunterricht-300x228.jpg\" alt=\"\" class=\"wp-image-8810\" srcset=\"https:\/\/home.graf-rasso-gymnasium.de\/home\/files\/2017-18\/schwimmunterricht-300x228.jpg 300w, https:\/\/home.graf-rasso-gymnasium.de\/home\/files\/2017-18\/schwimmunterricht-768x583.jpg 768w, https:\/\/home.graf-rasso-gymnasium.de\/home\/files\/2017-18\/schwimmunterricht.jpg 949w\" sizes=\"auto, (max-width: 300px) 100vw, 300px\" \/><\/figure>\n<\/div>\n\n\n\n<div class=\"wp-block-column is-layout-flow wp-block-column-is-layout-flow\" style=\"flex-basis:66.66%\">\n<p><strong>Schwimmen in den Jahrgangsstufen 5 und 6<\/strong><\/p>\n\n\n\n<p>Im Rahmen des Sportunterrichts gehen alle Sch\u00fclerinnen und Sch\u00fcler der 5. und 6. Klassen regelm\u00e4\u00dfig zum Schwimmen in die Amperoase.<br \/>Dabei geht es vor allem um die Vertiefung bereits vorhande\u00adner Schwimmkenntnisse, unterschiedliche Techniken, erste Taucherfahrungen und die Selbstsicherung im Wasser.<br \/>Auch im Sportunterricht der Oberstufe wird Schwimmen an\u00adgeboten.<\/p>\n<\/div>\n<\/div>\n\n\n\n<div class=\"wp-block-columns is-layout-flex wp-container-core-columns-is-layout-28f84493 wp-block-columns-is-layout-flex\">\n<div class=\"wp-block-column is-layout-flow wp-block-column-is-layout-flow\" style=\"flex-basis:33.33%\">\n<figure class=\"wp-block-image size-medium\"><img loading=\"lazy\" decoding=\"async\" width=\"300\" height=\"225\" src=\"https:\/\/home.graf-rasso-gymnasium.de\/home\/files\/2017-18\/rallye_fuerhomepage-300x225.jpg\" alt=\"\" class=\"wp-image-8781\" srcset=\"https:\/\/home.graf-rasso-gymnasium.de\/home\/files\/2017-18\/rallye_fuerhomepage-300x225.jpg 300w, https:\/\/home.graf-rasso-gymnasium.de\/home\/files\/2017-18\/rallye_fuerhomepage-768x576.jpg 768w, https:\/\/home.graf-rasso-gymnasium.de\/home\/files\/2017-18\/rallye_fuerhomepage-1024x768.jpg 1024w\" sizes=\"auto, (max-width: 300px) 100vw, 300px\" \/><\/figure>\n<\/div>\n\n\n\n<div class=\"wp-block-column is-layout-flow wp-block-column-is-layout-flow\" style=\"flex-basis:66.66%\">\n<p><strong>Fahrradturnier der 5. Klassen<\/strong><\/p>\n\n\n\n<p>Mit dem \u00dcbertritt an eine weiterf\u00fchrende Schule ver\u00e4ndert sich auch der Schulweg. Viele unserer Sch\u00fclerinnen und Sch\u00fcler kommen mit dem Fahrrad ans GRG.<br \/>Da uns die Sicherheit unserer Sch\u00fclerinnen und Sch\u00fcler am Herzen liegt, f\u00fchrt unser Beauftragter f\u00fcr Sicherheit und Ver\u00adkehrserziehung in Kooperation mit den ADAC S\u00fcdbayern unter dem Motto \u201eSicher zur Schule\u201c jeweils zum Schuljahresbeginn f\u00fcr alle 5. Klassen ein Fahrradsicherheitstraining durch.<br \/>Unterst\u00fctzt und begleitet wird auch diese Aktion von den Tuto\u00adrinnen und Tutoren der 5. Klassen.<\/p>\n<\/div>\n<\/div>\n\n\n\n<div class=\"wp-block-columns is-layout-flex wp-container-core-columns-is-layout-28f84493 wp-block-columns-is-layout-flex\">\n<div class=\"wp-block-column is-layout-flow wp-block-column-is-layout-flow\" style=\"flex-basis:33.33%\">\n<figure class=\"wp-block-image aligncenter size-medium\"><img loading=\"lazy\" decoding=\"async\" width=\"300\" height=\"298\" src=\"https:\/\/home.graf-rasso-gymnasium.de\/home\/files\/2015-16\/Logo-USE-INA-300x298.jpg\" alt=\"\" class=\"wp-image-6982\" srcset=\"https:\/\/home.graf-rasso-gymnasium.de\/home\/files\/2015-16\/Logo-USE-INA-300x298.jpg 300w, https:\/\/home.graf-rasso-gymnasium.de\/home\/files\/2015-16\/Logo-USE-INA-150x150.jpg 150w, https:\/\/home.graf-rasso-gymnasium.de\/home\/files\/2015-16\/Logo-USE-INA-1024x1019.jpg 1024w, https:\/\/home.graf-rasso-gymnasium.de\/home\/files\/2015-16\/Logo-USE-INA-50x50.jpg 50w, https:\/\/home.graf-rasso-gymnasium.de\/home\/files\/2015-16\/Logo-USE-INA.jpg 1181w\" sizes=\"auto, (max-width: 300px) 100vw, 300px\" \/><\/figure>\n<\/div>\n\n\n\n<div class=\"wp-block-column is-layout-flow wp-block-column-is-layout-flow\" style=\"flex-basis:66.66%\">\n<p><strong>Umweltschule<\/strong><\/p>\n\n\n\n<p>Wir freuen wir uns sehr, dass sich das Graf-Rasso-Gymnasium erneut erfolgreich als Umweltschule in Europa bewerben konnte und daf\u00fcr die h\u00f6chste Auszeichnung mit drei Sternen erhalten hat.<\/p>\n\n\n\n<p>Danke an alle, die hierzu beigetragen haben und tagt\u00e4glich mithelfen, unsere Schule St\u00fcck um St\u00fcck nachhaltiger zu gestalten.<\/p>\n\n\n\n<p>Wir blicken gespannt auf weitere interessante Projekte \u2013 und freuen uns \u00fcber jede tatkr\u00e4ftige Unterst\u00fctzung!<\/p>\n\n\n\n<figure class=\"wp-block-image size-large is-resized\"><img loading=\"lazy\" decoding=\"async\" width=\"1024\" height=\"683\" src=\"https:\/\/home.graf-rasso-gymnasium.de\/home\/files\/2020\/01\/2024-25\/DSC08287-1024x683.jpg\" alt=\"\" class=\"wp-image-18263\" style=\"aspect-ratio:1.499315906963347;width:441px;height:auto\" srcset=\"https:\/\/home.graf-rasso-gymnasium.de\/home\/files\/2020\/01\/2024-25\/DSC08287-1024x683.jpg 1024w, https:\/\/home.graf-rasso-gymnasium.de\/home\/files\/2020\/01\/2024-25\/DSC08287-300x200.jpg 300w, https:\/\/home.graf-rasso-gymnasium.de\/home\/files\/2020\/01\/2024-25\/DSC08287-768x512.jpg 768w, https:\/\/home.graf-rasso-gymnasium.de\/home\/files\/2020\/01\/2024-25\/DSC08287-1536x1024.jpg 1536w, https:\/\/home.graf-rasso-gymnasium.de\/home\/files\/2020\/01\/2024-25\/DSC08287-2048x1365.jpg 2048w\" sizes=\"auto, (max-width: 1024px) 100vw, 1024px\" \/><\/figure>\n<\/div>\n<\/div>\n\n\n\n<p><\/p>\n\n\n\n<p><\/p>\n\n\n\n<p><\/p>\n\n\n\n<div class=\"wp-block-columns is-layout-flex wp-container-core-columns-is-layout-28f84493 wp-block-columns-is-layout-flex\">\n<div class=\"wp-block-column is-layout-flow wp-block-column-is-layout-flow\" style=\"flex-basis:33.33%\">\n<figure class=\"wp-block-image aligncenter size-full is-resized\"><img loading=\"lazy\" decoding=\"async\" width=\"235\" height=\"100\" src=\"https:\/\/home.graf-rasso-gymnasium.de\/home\/files\/2017-18\/mint_schule_2017.png\" alt=\"\" class=\"wp-image-8919\"\/><\/figure>\n<\/div>\n\n\n\n<div class=\"wp-block-column is-layout-flow wp-block-column-is-layout-flow\" style=\"flex-basis:66.66%\">\n<p><strong>MINT-freundliche Schule (seit 2017)<\/strong><\/p>\n\n\n\n<p>&#8222;Unsere Schulen sind von zentraler Bedeutung, wenn es darum geht, junge  Menschen f\u00fcr Wissenschaft und Technik zu begeistern. Je fr\u00fcher Talente  entdeckt werden, umso gezielter k\u00f6nnen sie bei ihrer Entfaltung  gef\u00f6rdert werden. MINT-freundliche Schulen nehmen sich dieser Aufgabe in  beispielhafter Weise an. Mit diesem Signet ist f\u00fcr Sch\u00fclerinnen und Sch\u00fcler,  f\u00fcr deren Eltern und auch f\u00fcr Unternehmen sichtbar: MINT-F\u00f6rderung hat  an diesen Schulen einen besonders hohen Stellenwert. Mit ihrem  Engagement er\u00f6ffnen sie ihren Sch\u00fclerinnen und Sch\u00fclern bestm\u00f6gliche  Chancen f\u00fcr eine erfolgreiche Zukunft in einem MINT-Beruf oder -Studium.  Zugleich leisten sie einen Beitrag zum Fortschritt des Wissenschafts-  und Wirtschaftsstandorts Bayern.&#8220; (Staatssekret\u00e4r Georg Eisenreich bei der Verleihung der Auszeichnung)<\/p>\n<\/div>\n<\/div>\n\n\n\n<div class=\"wp-block-columns is-layout-flex wp-container-core-columns-is-layout-28f84493 wp-block-columns-is-layout-flex\">\n<div class=\"wp-block-column is-layout-flow wp-block-column-is-layout-flow\" style=\"flex-basis:33.33%\"><\/div>\n\n\n\n<div class=\"wp-block-column is-layout-flow wp-block-column-is-layout-flow\" style=\"flex-basis:66.66%\">\n<p><!-- <\/p><p><strong>Fairtrade-Schule<\/strong><\/p> -->\n\n\n\n<p><br \/><br \/>\n<\/p><p>Das sind wir \u2013 die SchulFAIRbesserer: Eine kleine, aber sehr motivierte Gruppe aus unterschiedlichen Jahrgangsstufen. Nicht weil wir uns f\u00fcr etwas Besseres halten, sondern weil wir unsere Schule und unsere Umwelt ein klein wenig besser machen wollen. Wenn ihr uns nicht kennt, kennt ihr vielleicht unsere <strong>fairen Waffeln<\/strong>, die wir an vielen Veranstaltungen wie der MINT-Messe, dem Weihnachtsbasar etc. backen. Eines unserer ersten gro\u00dfen Projekte war die \u201e<strong>Stadtschokolade<\/strong>\u201c. F\u00fcnf verschiedene Motive, gemalt von Sch\u00fclerinnen und Sch\u00fclern des GRG, zieren diese Sonderedition der \u201eGuten Schokolade\u201c. Leider ist sie nicht mehr zu kaufen, da es \u2013 wie so oft \u2013 an den Finanzen gescheitert ist. Was ihr aber immer noch (und auch weiterhin!) erwerben k\u00f6nnt: Unsere umweltfreundlichen <strong>GRG-Schulhefte<\/strong>. Die Hefte werden regional in Oberbayern gedruckt und auch nur in dieser Region geliefert. Das umweltzertifizierte 100% Altpapier wird im benachbarten \u00d6sterreich hergestellt, Druckproduktion und Lieferung der Hefte erfolgen CO<sub>2<\/sub>-neutral. Und das Beste: zus\u00e4tzliche Umschlag-Einb\u00e4nde sind nicht mehr notwendig. Nachhaltigkeit liegt uns in allen Bereichen am Herzen. Deswegen denken wir uns auch immer wieder Tipps aus, die f\u00fcr alle Sch\u00fclerinnen und Sch\u00fcler des GRG wertvoll sein k\u00f6nnen und wollen. Diese gestalten wir dann auf Plakaten, die wir im Schulhaus aufh\u00e4ngen (sogar als \u201eKlobotschaften\u201c). Dabei darf unser Markenzeichen \u2013 \u201eGraf-Affo\u201c \u2013 nicht fehlen. In unseren w\u00f6chentlichen Treffen entscheiden wir gemeinsam, welche Themen wir bearbeiten und welche Projekte wir angehen wollen. Beispielsweise stellen wir uns immer wieder kleineren oder gr\u00f6\u00dferen Challenges der \u201eWeltfairsteher\u201c, bei denen ebenfalls nachhaltige Bildung im Mittelpunkt steht. Mehrfach haben wir schon an <strong>Wettbewerben <\/strong>teilgenommen \u2013 und gewonnen. Sowohl als es um nachhaltige Schulverpflegung ging als auch um klimaschonende Landwirtschaft. Zwischendurch darf es dann wieder mal eine Aktion sein, wie z. B. ein <strong>Kleiderkreisel <\/strong>in der Schule. Dabei kann jede und jeder gut erhaltene Kleidung mitbringen und sich so viele Kleidungsst\u00fccke von anderen nehmen, wie er oder sie gebrauchen kann. Oder wir bepflanzen die <strong>Hochbeete <\/strong>auf unserem Schulgel\u00e4nde, die wir selbst geplant haben! Hier darf jedes Jahr etwas Neues wachsen und wir freuen uns jedes Mal auf eine reiche Ernte. Lecker! Mit diesen und weiteren kleinen oder gro\u00dfen Dingen tragen wir auch jedes Jahr dazu bei, dass wir immer wieder neu zur \u201eInternationalen Nachhaltigkeitsschule\u201c ausgezeichnet werden. Lust bekommen? <strong>Dann schau doch einfach vorbei!<\/strong><\/p>\n<\/div>\n<\/div>\n\n\n\n<p><\/p>\n","protected":false},"excerpt":{"rendered":"<p>Stundenplan einer 5. Klasse Doppelstunden- und Fachraumprinzip Seit dem Schuljahr 2014\/2015 halten wir am Graf-Rasso-Gym\u00adnasium unseren Unterricht soweit m\u00f6glich in Doppelstunden. Das hat f\u00fcr die Sch\u00fclerinnen und Sch\u00fcler mehrere Vorteile: Leichter Schulranzen in den 5. und 6. Klassen F\u00fcr die Sch\u00fclerinnen und Sch\u00fcler der 5. und 6. Klassen h\u00e4lt das Graf-Rasso-Gymnasium f\u00fcr die Kernf\u00e4cher Deutsch, [&hellip;]<\/p>\n","protected":false},"author":2,"featured_media":0,"parent":1653,"menu_order":0,"comment_status":"closed","ping_status":"closed","template":"","meta":{"footnotes":""},"class_list":["post-11096","page","type-page","status-publish","hentry"],"_links":{"self":[{"href":"https:\/\/home.graf-rasso-gymnasium.de\/home\/wp-json\/wp\/v2\/pages\/11096","targetHints":{"allow":["GET"]}}],"collection":[{"href":"https:\/\/home.graf-rasso-gymnasium.de\/home\/wp-json\/wp\/v2\/pages"}],"about":[{"href":"https:\/\/home.graf-rasso-gymnasium.de\/home\/wp-json\/wp\/v2\/types\/page"}],"author":[{"embeddable":true,"href":"https:\/\/home.graf-rasso-gymnasium.de\/home\/wp-json\/wp\/v2\/users\/2"}],"replies":[{"embeddable":true,"href":"https:\/\/home.graf-rasso-gymnasium.de\/home\/wp-json\/wp\/v2\/comments?post=11096"}],"version-history":[{"count":41,"href":"https:\/\/home.graf-rasso-gymnasium.de\/home\/wp-json\/wp\/v2\/pages\/11096\/revisions"}],"predecessor-version":[{"id":18264,"href":"https:\/\/home.graf-rasso-gymnasium.de\/home\/wp-json\/wp\/v2\/pages\/11096\/revisions\/18264"}],"up":[{"embeddable":true,"href":"https:\/\/home.graf-rasso-gymnasium.de\/home\/wp-json\/wp\/v2\/pages\/1653"}],"wp:attachment":[{"href":"https:\/\/home.graf-rasso-gymnasium.de\/home\/wp-json\/wp\/v2\/media?parent=11096"}],"curies":[{"name":"wp","href":"https:\/\/api.w.org\/{rel}","templated":true}]}}