{"id":12116,"date":"2020-07-07T18:21:35","date_gmt":"2020-07-07T16:21:35","guid":{"rendered":"https:\/\/home.graf-rasso-gymnasium.de\/home\/?page_id=12116"},"modified":"2022-02-28T12:18:16","modified_gmt":"2022-02-28T11:18:16","slug":"wichtig-schuljahresanfang-2020-21","status":"publish","type":"page","link":"https:\/\/home.graf-rasso-gymnasium.de\/home\/unsere-schule\/wichtig-schuljahresanfang-2020-21\/","title":{"rendered":"Information f\u00fcr Sch\u00fcler*innen der 5. Klassen und deren Eltern: Beginn des Schuljahres 2020\/2021"},"content":{"rendered":"\n<p class=\"has-text-align-right\">F\u00fcrstenfeldbruck, den 4. September 2020<\/p>\n\n\n\n<p><strong>Liebe F\u00fcnftkl\u00e4sslerinnen und F\u00fcnftkl\u00e4ssler!<br \/>Liebe Eltern!<\/strong><\/p>\n\n\n\n<p>Herzlich willkommen am Graf-Rasso-Gymnasium!<\/p>\n\n\n\n<p>Der erste Schultag steht nun unmittelbar bevor. Wir freuen uns, das neue Schuljahr mit ganzen Klassen beginnen zu k\u00f6nnen. Dennoch wird auch das Schul\u00adjahr 2020\/2021 \u2013 zumindest zu Beginn \u2013 noch stark von der Corona-Pandemie beeinflusst sein. &nbsp;<\/p>\n\n\n\n<p>So gilt in ganz Bayern in den ersten beiden Schulwochen, also bis einschlie\u00dflich 18. September 2020, eine generelle Maskenpflicht \u2013 selbst im Unterricht.<\/p>\n\n\n\n<p>Auch der erste Schultag am Graf-Rasso-Gymnasium am 8. September 2020 kann nicht wie ge\u00adwohnt mit einer gemeinsamen Begr\u00fc\u00dfungsveranstaltung f\u00fcr alle in der Aula beginnen.<\/p>\n\n\n\n<p>Stattdessen werden die Klassenleiterinnen und Klassenleiter sowie deren Stellvertreterinnen und Stellvertreter die Kinder im Au\u00dfenbereich vor der Schule erwarten, um nach einer kurzen Anwe\u00adsenheitskontrolle umgehend gemeinsam mit den Sch\u00fclerinnen und Sch\u00fclern ins Klassen\u00adzimmer zu gehen.<\/p>\n\n\n\n<p>Um auch in dieser Situation das Abstandsgebot einhalten zu k\u00f6nnen, bitten wir Sie, sich m\u00f6glichst schon vor dem Schulgel\u00e4nde von Ihren Kindern zu verabschieden. Grunds\u00e4tz\u00adlich gilt auf dem Schulgel\u00e4nde Maskenpflicht.<\/p>\n\n\n\n<p>Damit alle Sch\u00fclerinnen und Sch\u00fcler \u201eihre\u201c Klasse rasch finden, h\u00e4ngen bereits ab Freitag, 4. Sep\u00adtember 2020, 15:00 Uhr, die Klassenlisten im Eingangsbereich der Schule aus. Am ersten Schultag dann haben die Lehrkr\u00e4fte Schilder bei sich, so dass die Kinder die entsprechende Klasse leicht erkennen k\u00f6nnen. Selbstverst\u00e4ndlich sind auch zus\u00e4tzliche Lehrkr\u00e4fte vor Ort, die gegebenenfalls Fragen beantworten.&nbsp;<\/p>\n\n\n\n<p>F\u00fcr die 5. Klassen findet am ersten Schultag ausschlie\u00dflich Klassenleiterunterricht statt. Mitzu\u00adbringen sind lediglich Mund-Nasen-Schutz und Schreibzeug. Unterrichtsende ist an diesem Tag um 11:15 Uhr.<\/p>\n\n\n\n<p>Ab Mittwoch, 9. September 2020, wird dann von 7:55 \u2013 13:00 Uhr nach Stundenplan unterrich\u00adtet.<\/p>\n\n\n\n<p>Die offene Ganztagsschule betreut die Kinder ab Mittwoch, 9. September 2020, 13:00 Uhr, &nbsp;Mensa und Pausenverkauf sind ab dem ersten Schultag ge\u00f6ffnet.<\/p>\n\n\n\n<p>Am ersten Schultag erhalten Sie \u00fcber Ihre Kinder einen Zugang zum Elternportal. \u00dcber dieses Portal lassen wir Ihnen k\u00fcnftig alle wichtigen Informationen zukommen. Gleichzeitig werden die Schrei\u00adben jeweils im gesch\u00fctzten Bereich unserer Schulhomepage ver\u00f6ffentlicht.<\/p>\n\n\n\n<p>Schon heute laden wir Sie als Eltern zu unseren Klas\u00adsenelternversammlungen am Montag,<br \/>21. September 2020, ein, zu denen noch eine ge\u00adsonderte Einladung erfolgt. Wir freuen uns, Sie bei dieser Gelegenheit endlich kennenzuler\u00adnen.<\/p>\n\n\n\n<p>Mit den besten W\u00fcnschen f\u00fcr einen guten Start ins Schuljahr 2020\/2021!<\/p>\n\n\n\n<p>Herzlichen Gru\u00df<\/p>\n\n\n\n<p>Doris H\u00fcbler, OStDin<br \/>(Schulleiterin)<\/p>\n\n\n\n<div class=\"wp-block-file\"><a href=\"https:\/\/home.graf-rasso-gymnasium.de\/home\/files\/2020-21\/Liebe-Fuenftklaesslerinnen-und-Fuenftklaessler.pdf\"><em>Download als Pdf-Datei<\/em><\/a><a href=\"https:\/\/home.graf-rasso-gymnasium.de\/home\/files\/2020-21\/Liebe-Fuenftklaesslerinnen-und-Fuenftklaessler.pdf\" class=\"wp-block-file__button\" download>Herunterladen<\/a><\/div>\n","protected":false},"excerpt":{"rendered":"<p>F\u00fcrstenfeldbruck, den 4. September 2020 Liebe F\u00fcnftkl\u00e4sslerinnen und F\u00fcnftkl\u00e4ssler!Liebe Eltern! Herzlich willkommen am Graf-Rasso-Gymnasium! Der erste Schultag steht nun unmittelbar bevor. Wir freuen uns, das neue Schuljahr mit ganzen Klassen beginnen zu k\u00f6nnen. Dennoch wird auch das Schul\u00adjahr 2020\/2021 \u2013 zumindest zu Beginn \u2013 noch stark von der Corona-Pandemie beeinflusst sein. &nbsp; So gilt in [&hellip;]<\/p>\n","protected":false},"author":2,"featured_media":0,"parent":1653,"menu_order":0,"comment_status":"closed","ping_status":"closed","template":"","meta":{"footnotes":""},"class_list":["post-12116","page","type-page","status-publish","hentry"],"_links":{"self":[{"href":"https:\/\/home.graf-rasso-gymnasium.de\/home\/wp-json\/wp\/v2\/pages\/12116","targetHints":{"allow":["GET"]}}],"collection":[{"href":"https:\/\/home.graf-rasso-gymnasium.de\/home\/wp-json\/wp\/v2\/pages"}],"about":[{"href":"https:\/\/home.graf-rasso-gymnasium.de\/home\/wp-json\/wp\/v2\/types\/page"}],"author":[{"embeddable":true,"href":"https:\/\/home.graf-rasso-gymnasium.de\/home\/wp-json\/wp\/v2\/users\/2"}],"replies":[{"embeddable":true,"href":"https:\/\/home.graf-rasso-gymnasium.de\/home\/wp-json\/wp\/v2\/comments?post=12116"}],"version-history":[{"count":17,"href":"https:\/\/home.graf-rasso-gymnasium.de\/home\/wp-json\/wp\/v2\/pages\/12116\/revisions"}],"predecessor-version":[{"id":12210,"href":"https:\/\/home.graf-rasso-gymnasium.de\/home\/wp-json\/wp\/v2\/pages\/12116\/revisions\/12210"}],"up":[{"embeddable":true,"href":"https:\/\/home.graf-rasso-gymnasium.de\/home\/wp-json\/wp\/v2\/pages\/1653"}],"wp:attachment":[{"href":"https:\/\/home.graf-rasso-gymnasium.de\/home\/wp-json\/wp\/v2\/media?parent=12116"}],"curies":[{"name":"wp","href":"https:\/\/api.w.org\/{rel}","templated":true}]}}