{"id":12306,"date":"2020-10-17T08:04:42","date_gmt":"2020-10-17T06:04:42","guid":{"rendered":"https:\/\/home.graf-rasso-gymnasium.de\/home\/?page_id=12306"},"modified":"2021-01-20T12:45:08","modified_gmt":"2021-01-20T11:45:08","slug":"erinnern-wider-das-vergessen","status":"publish","type":"page","link":"https:\/\/home.graf-rasso-gymnasium.de\/home\/faecher\/geschichte\/erinnern-wider-das-vergessen\/","title":{"rendered":"Erinnern wider das Vergessen"},"content":{"rendered":"\n<p><strong>\u201eIhr seid nicht schuld an dem, was war,<br \/>aber verantwortlich daf\u00fcr, dass es nicht mehr geschieht.\u201c<br \/><\/strong><em>Max Mannheimer<\/em>, Holocaust-\u00dcberlebender<\/p>\n\n\n\n<p>Das Gedenken an den Holocaust war an unserer Schule lange Zeit eng mit den Vortr\u00e4gen Max Mannheimers verbunden. Nach dessen Tod suchte das P-Seminar \u201eErinnern wider das Vergessen\u201c einen Weg, wie am Graf-Rasso-Gymnasium das Gedenken an Opfer der Nationalsozialisten angemessenen gestaltet werden kann.<br \/>Neben der Ausstellung von Erinnerungstafeln, die \u00e4hnlich wie Stolpersteine auf Einzelschicksale aufmerksam machen sollen, kann man \u00fcber einen QR-Code, der mit dieser Webseite verlinkt ist, mehr \u00fcber die Opfer erfahren. Damit sollen die von uns in intensiver Recherche ausgew\u00e4hlten Kinder und Jugendlichen in die Erinnerung unserer Sch\u00fclerschaft eingehen und somit dem Vergessen zumindest ein kleines St\u00fcck weit entrissen werden.<\/p>\n\n\n\n<p>(Michael Weisel Q12 f\u00fcr das Seminar)<\/p>\n\n\n\n<figure class=\"wp-block-image size-large\"><img loading=\"lazy\" decoding=\"async\" width=\"700\" height=\"467\" src=\"https:\/\/home.graf-rasso-gymnasium.de\/home\/files\/2020-21\/P-Seminar_Erinnern_Haupttafel.jpg\" alt=\"\" class=\"wp-image-12508\" srcset=\"https:\/\/home.graf-rasso-gymnasium.de\/home\/files\/2020-21\/P-Seminar_Erinnern_Haupttafel.jpg 700w, https:\/\/home.graf-rasso-gymnasium.de\/home\/files\/2020-21\/P-Seminar_Erinnern_Haupttafel-300x200.jpg 300w\" sizes=\"auto, (max-width: 700px) 100vw, 700px\" \/><\/figure>\n\n\n\n<figure class=\"wp-block-image size-large\"><img loading=\"lazy\" decoding=\"async\" width=\"700\" height=\"467\" src=\"https:\/\/home.graf-rasso-gymnasium.de\/home\/files\/2020-21\/P-Seminar_Erinnern_Blum.jpg\" alt=\"\" class=\"wp-image-12509\" srcset=\"https:\/\/home.graf-rasso-gymnasium.de\/home\/files\/2020-21\/P-Seminar_Erinnern_Blum.jpg 700w, https:\/\/home.graf-rasso-gymnasium.de\/home\/files\/2020-21\/P-Seminar_Erinnern_Blum-300x200.jpg 300w\" sizes=\"auto, (max-width: 700px) 100vw, 700px\" \/><\/figure>\n\n\n\n<p><a href=\"https:\/\/home.graf-rasso-gymnasium.de\/home\/files\/2020-21\/P-Seminar_Erinnern_Alois_Zaehringer.pdf\">Alois Z\u00e4hringer<\/a><br \/>geboren 29.09.1921<br \/>gestorben 06.09.1940<br \/>W\u00fcrdest du zulassen, dass Menschen aufgrund ihrer Behinderung get\u00f6tet werden?<\/p>\n\n\n\n<p><a href=\"https:\/\/home.graf-rasso-gymnasium.de\/home\/files\/2020-21\/P-Seminar_Erinnern_Anna_Proell.pdf\">Anna Pr\u00f6ll<\/a><br \/>geboren 12.06.1916<br \/>gestorben 28.05.2006<br \/>\u201eIch m\u00f6chte, dass die Kinder ohne Angst vor der Zukunft aufwachsen k\u00f6nnen. Nie mehr sollen Menschen Krieg oder Faschismus erleiden m\u00fcssen.\u201c<\/p>\n\n\n\n<p><a href=\"https:\/\/home.graf-rasso-gymnasium.de\/home\/files\/2020-21\/P-Seminar_Erinnern_Erwin_Rehn.pdf\">Erwin Rehn<\/a><br \/>geboren 23.02.1927<br \/>gestorben 23.05.2000<br \/>\u201eWenn immer ich eine Meldung machen wollte oder etwas vorzubringen h\u00e4tte, sollte es hei\u00dfen \u2018Lagerz\u00f6gling Rehn Nr. 933 w\u00fcnscht oder bittet\u2026\u2019\u201c<\/p>\n\n\n\n<p><a href=\"https:\/\/home.graf-rasso-gymnasium.de\/home\/files\/2020-21\/P-Seminar_Erinnern_Willy_Blum.pdf\">Willy Blum<\/a><br \/>geboren 1928<br \/>gestorben 26.08.1944<br \/>H\u00e4ttest du deinen kleinen Bruder alleine in den Tod gehen lassen?<\/p>\n\n\n\n<p><a href=\"https:\/\/home.graf-rasso-gymnasium.de\/home\/files\/2020-21\/P-Seminar_Erinnern_Halina_Spichalski.pdf\">Halina Spichalski<\/a><br \/>geboren 24.03.1932<br \/>gestorben 16.06.1944<br \/>Anstatt ihr therapeutische Unterst\u00fctzung zu gew\u00e4hren, ermordet man Halina wegen der Diagnose \u201eSchwachsinn\u201c.<\/p>\n\n\n\n<p><a href=\"https:\/\/home.graf-rasso-gymnasium.de\/home\/files\/2020-21\/P-Seminar_Erinnern_Wolfgang_Bruehl.pdf\">Wolfgang Br\u00fchl<\/a><br \/>geboren 01.01.1927<br \/>gestorben 16.06.1941<br \/>\u201eMama, hol mich hier raus.\u201c<\/p>\n\n\n\n<p><a href=\"https:\/\/home.graf-rasso-gymnasium.de\/home\/files\/2020-21\/P-Seminar_Erinnern_Wolfgang_Goetz_Zerban.pdf\">Wolfgang G\u00f6tz Zerban<\/a><br \/>geboren 26.1.1941<br \/>gestorben 23.7.1944<br \/>Ein Opfer der nationalsozialistischen \u201eEuthanasie\u201c-Morde.<br \/>Die T\u00e4ter waren Wissenschaftler, \u00c4rzte, Pfleger, Angeh\u00f6rige der Justiz, der Polizei, der Gesundheits- und Arbeitsverwaltung.<\/p>\n\n\n\n<p><a href=\"https:\/\/home.graf-rasso-gymnasium.de\/home\/files\/2020-21\/P-Seminar_Erinnern_Haupttafel.pdf\">Haupttafel<\/a><\/p>\n","protected":false},"excerpt":{"rendered":"<p>\u201eIhr seid nicht schuld an dem, was war,aber verantwortlich daf\u00fcr, dass es nicht mehr geschieht.\u201cMax Mannheimer, Holocaust-\u00dcberlebender Das Gedenken an den Holocaust war an unserer Schule lange Zeit eng mit den Vortr\u00e4gen Max Mannheimers verbunden. Nach dessen Tod suchte das P-Seminar \u201eErinnern wider das Vergessen\u201c einen Weg, wie am Graf-Rasso-Gymnasium das Gedenken an Opfer der [&hellip;]<\/p>\n","protected":false},"author":2,"featured_media":12508,"parent":1611,"menu_order":0,"comment_status":"closed","ping_status":"closed","template":"","meta":{"footnotes":""},"class_list":["post-12306","page","type-page","status-publish","has-post-thumbnail","hentry"],"_links":{"self":[{"href":"https:\/\/home.graf-rasso-gymnasium.de\/home\/wp-json\/wp\/v2\/pages\/12306","targetHints":{"allow":["GET"]}}],"collection":[{"href":"https:\/\/home.graf-rasso-gymnasium.de\/home\/wp-json\/wp\/v2\/pages"}],"about":[{"href":"https:\/\/home.graf-rasso-gymnasium.de\/home\/wp-json\/wp\/v2\/types\/page"}],"author":[{"embeddable":true,"href":"https:\/\/home.graf-rasso-gymnasium.de\/home\/wp-json\/wp\/v2\/users\/2"}],"replies":[{"embeddable":true,"href":"https:\/\/home.graf-rasso-gymnasium.de\/home\/wp-json\/wp\/v2\/comments?post=12306"}],"version-history":[{"count":14,"href":"https:\/\/home.graf-rasso-gymnasium.de\/home\/wp-json\/wp\/v2\/pages\/12306\/revisions"}],"predecessor-version":[{"id":12510,"href":"https:\/\/home.graf-rasso-gymnasium.de\/home\/wp-json\/wp\/v2\/pages\/12306\/revisions\/12510"}],"up":[{"embeddable":true,"href":"https:\/\/home.graf-rasso-gymnasium.de\/home\/wp-json\/wp\/v2\/pages\/1611"}],"wp:featuredmedia":[{"embeddable":true,"href":"https:\/\/home.graf-rasso-gymnasium.de\/home\/wp-json\/wp\/v2\/media\/12508"}],"wp:attachment":[{"href":"https:\/\/home.graf-rasso-gymnasium.de\/home\/wp-json\/wp\/v2\/media?parent=12306"}],"curies":[{"name":"wp","href":"https:\/\/api.w.org\/{rel}","templated":true}]}}