{"id":14272,"date":"2022-07-27T17:30:28","date_gmt":"2022-07-27T15:30:28","guid":{"rendered":"https:\/\/home.graf-rasso-gymnasium.de\/home\/?page_id=14272"},"modified":"2024-03-25T12:18:45","modified_gmt":"2024-03-25T11:18:45","slug":"technik-ag","status":"publish","type":"page","link":"https:\/\/home.graf-rasso-gymnasium.de\/home\/unsere-schule\/wahlunterrichte\/technik-ag\/","title":{"rendered":"Technik AG"},"content":{"rendered":"\n<p>Sie sind die Meister des Tons und des Lichts: ohne die Technik-AG g\u00e4be es kaum eine Schulauff\u00fchrung am GRG! Jede Generation leitet die jeweils j\u00fcngeren Mitglieder an, so dass m\u00f6glichst keine Kenntnisse verloren gehen. Und nat\u00fcrlich muss man das Equipment pflegen und stetig erneuern. Die Technik-AG bleibt dran am Puls der Veranstaltungstechnik und trifft sich immer am Dienstag in der 7. Stunde in A.2.05! <\/p>\n","protected":false},"excerpt":{"rendered":"<p>Sie sind die Meister des Tons und des Lichts: ohne die Technik-AG g\u00e4be es kaum eine Schulauff\u00fchrung am GRG! Jede Generation leitet die jeweils j\u00fcngeren Mitglieder an, so dass m\u00f6glichst keine Kenntnisse verloren gehen. Und nat\u00fcrlich muss man das Equipment pflegen und stetig erneuern. Die Technik-AG bleibt dran am Puls der Veranstaltungstechnik und trifft sich [&hellip;]<\/p>\n","protected":false},"author":18,"featured_media":0,"parent":8284,"menu_order":0,"comment_status":"closed","ping_status":"closed","template":"","meta":{"footnotes":""},"class_list":["post-14272","page","type-page","status-publish","hentry"],"_links":{"self":[{"href":"https:\/\/home.graf-rasso-gymnasium.de\/home\/wp-json\/wp\/v2\/pages\/14272","targetHints":{"allow":["GET"]}}],"collection":[{"href":"https:\/\/home.graf-rasso-gymnasium.de\/home\/wp-json\/wp\/v2\/pages"}],"about":[{"href":"https:\/\/home.graf-rasso-gymnasium.de\/home\/wp-json\/wp\/v2\/types\/page"}],"author":[{"embeddable":true,"href":"https:\/\/home.graf-rasso-gymnasium.de\/home\/wp-json\/wp\/v2\/users\/18"}],"replies":[{"embeddable":true,"href":"https:\/\/home.graf-rasso-gymnasium.de\/home\/wp-json\/wp\/v2\/comments?post=14272"}],"version-history":[{"count":4,"href":"https:\/\/home.graf-rasso-gymnasium.de\/home\/wp-json\/wp\/v2\/pages\/14272\/revisions"}],"predecessor-version":[{"id":17026,"href":"https:\/\/home.graf-rasso-gymnasium.de\/home\/wp-json\/wp\/v2\/pages\/14272\/revisions\/17026"}],"up":[{"embeddable":true,"href":"https:\/\/home.graf-rasso-gymnasium.de\/home\/wp-json\/wp\/v2\/pages\/8284"}],"wp:attachment":[{"href":"https:\/\/home.graf-rasso-gymnasium.de\/home\/wp-json\/wp\/v2\/media?parent=14272"}],"curies":[{"name":"wp","href":"https:\/\/api.w.org\/{rel}","templated":true}]}}