{"id":1497,"date":"2013-07-21T15:55:32","date_gmt":"2013-07-21T13:55:32","guid":{"rendered":"https:\/\/home.graf-rasso-gymnasium.de\/home\/?page_id=1497"},"modified":"2026-01-23T10:22:35","modified_gmt":"2026-01-23T09:22:35","slug":"schulleitung","status":"publish","type":"page","link":"https:\/\/home.graf-rasso-gymnasium.de\/home\/unsere-schule\/schulleitung\/","title":{"rendered":"Schulleitung"},"content":{"rendered":"\n<figure class=\"wp-block-image aligncenter size-large\"><a href=\"https:\/\/home.graf-rasso-gymnasium.de\/home\/files\/2013\/07\/2024-25\/2025-11-19_GRG-SL_01_web.jpg\" target=\"_blank\" rel=\"noreferrer noopener\"><img loading=\"lazy\" decoding=\"async\" width=\"1024\" height=\"682\" src=\"https:\/\/home.graf-rasso-gymnasium.de\/home\/files\/2013\/07\/2024-25\/2025-11-19_GRG-SL_01_web-1024x682.jpg\" alt=\"\" class=\"wp-image-18428\" srcset=\"https:\/\/home.graf-rasso-gymnasium.de\/home\/files\/2013\/07\/2024-25\/2025-11-19_GRG-SL_01_web-1024x682.jpg 1024w, https:\/\/home.graf-rasso-gymnasium.de\/home\/files\/2013\/07\/2024-25\/2025-11-19_GRG-SL_01_web-300x200.jpg 300w, https:\/\/home.graf-rasso-gymnasium.de\/home\/files\/2013\/07\/2024-25\/2025-11-19_GRG-SL_01_web-768x512.jpg 768w, https:\/\/home.graf-rasso-gymnasium.de\/home\/files\/2013\/07\/2024-25\/2025-11-19_GRG-SL_01_web-1536x1023.jpg 1536w, https:\/\/home.graf-rasso-gymnasium.de\/home\/files\/2013\/07\/2024-25\/2025-11-19_GRG-SL_01_web.jpg 2048w\" sizes=\"auto, (max-width: 1024px) 100vw, 1024px\" \/><\/a><figcaption class=\"wp-element-caption\"><strong>von links nach rechts: <\/strong><strong>A. Diederichs<\/strong>, <strong>S. Orth-Saidi, J. Wolthuis, Ph. Raths<\/strong><\/figcaption><\/figure>\n\n\n\n<p>Die Schulleitung des GRG tr\u00e4gt die Verantwortung f\u00fcr die p\u00e4dagogische, organisatorische und personelle Entwicklung unserer Schule. Gemeinsam mit allen Lehrkr\u00e4ften, den Sch\u00fclerinnen und Sch\u00fclern und den Eltern setzen wir uns f\u00fcr ein wertsch\u00e4tzendes, vertrauensvolles und lernwirksames Schulklima ein.\u00a0Eine transparente Kommunikation und ein konstruktives Miteinander sind uns dabei wichtig, wir wollen den Schulalltag aktiv und zukunftsorientiert gestalten. Die Gesch\u00e4ftsverteilung der Schulleitung finden sie <a href=\"https:\/\/home.graf-rasso-gymnasium.de\/home\/files\/2024\/10\/2024-25\/Schulleitung_Geschaeftsverteilung.pdf\" data-type=\"attachment\" data-id=\"17484\">hier<\/a>.<\/p>\n\n\n\n<p>Schulleitung:<br \/>OStD <strong>Jan Wolthuis<\/strong> (Schulleiter),<br \/>StD <strong>Philippe Raths<\/strong> (Stellvertretender Schulleiter),<br \/>StDin <strong>Silvia Orth-Saidi <\/strong>(Mitarbeiterin im Direktorat),<br \/>StD <strong>Andreas Diederichs<\/strong> (Mitarbeiter im Direktorat)<\/p>\n\n\n\n<p><\/p>\n\n\n\n<p><\/p>\n\n\n\n<p><\/p>\n","protected":false},"excerpt":{"rendered":"<p>Die Schulleitung des GRG tr\u00e4gt die Verantwortung f\u00fcr die p\u00e4dagogische, organisatorische und personelle Entwicklung unserer Schule. Gemeinsam mit allen Lehrkr\u00e4ften, den Sch\u00fclerinnen und Sch\u00fclern und den Eltern setzen wir uns f\u00fcr ein wertsch\u00e4tzendes, vertrauensvolles und lernwirksames Schulklima ein.\u00a0Eine transparente Kommunikation und ein konstruktives Miteinander sind uns dabei wichtig, wir wollen den Schulalltag aktiv und zukunftsorientiert [&hellip;]<\/p>\n","protected":false},"author":18,"featured_media":0,"parent":1653,"menu_order":1,"comment_status":"closed","ping_status":"closed","template":"","meta":{"footnotes":""},"class_list":["post-1497","page","type-page","status-publish","hentry"],"_links":{"self":[{"href":"https:\/\/home.graf-rasso-gymnasium.de\/home\/wp-json\/wp\/v2\/pages\/1497","targetHints":{"allow":["GET"]}}],"collection":[{"href":"https:\/\/home.graf-rasso-gymnasium.de\/home\/wp-json\/wp\/v2\/pages"}],"about":[{"href":"https:\/\/home.graf-rasso-gymnasium.de\/home\/wp-json\/wp\/v2\/types\/page"}],"author":[{"embeddable":true,"href":"https:\/\/home.graf-rasso-gymnasium.de\/home\/wp-json\/wp\/v2\/users\/18"}],"replies":[{"embeddable":true,"href":"https:\/\/home.graf-rasso-gymnasium.de\/home\/wp-json\/wp\/v2\/comments?post=1497"}],"version-history":[{"count":49,"href":"https:\/\/home.graf-rasso-gymnasium.de\/home\/wp-json\/wp\/v2\/pages\/1497\/revisions"}],"predecessor-version":[{"id":18605,"href":"https:\/\/home.graf-rasso-gymnasium.de\/home\/wp-json\/wp\/v2\/pages\/1497\/revisions\/18605"}],"up":[{"embeddable":true,"href":"https:\/\/home.graf-rasso-gymnasium.de\/home\/wp-json\/wp\/v2\/pages\/1653"}],"wp:attachment":[{"href":"https:\/\/home.graf-rasso-gymnasium.de\/home\/wp-json\/wp\/v2\/media?parent=1497"}],"curies":[{"name":"wp","href":"https:\/\/api.w.org\/{rel}","templated":true}]}}