{"id":1517,"date":"2013-07-22T10:16:32","date_gmt":"2013-07-22T09:16:32","guid":{"rendered":"https:\/\/home.graf-rasso-gymnasium.de\/home\/?page_id=1517"},"modified":"2026-04-10T15:13:21","modified_gmt":"2026-04-10T13:13:21","slug":"informatik","status":"publish","type":"page","link":"https:\/\/home.graf-rasso-gymnasium.de\/home\/faecher\/informatik\/","title":{"rendered":"Informatik"},"content":{"rendered":"\n<figure class=\"wp-block-image aligncenter size-full is-resized\"><a href=\"https:\/\/home.graf-rasso-gymnasium.de\/home\/files\/2026\/02\/2024-25\/Info.png\" target=\"_blank\" rel=\"noreferrer noopener\"><img loading=\"lazy\" decoding=\"async\" width=\"1024\" height=\"1024\" src=\"https:\/\/home.graf-rasso-gymnasium.de\/home\/files\/2026\/02\/2024-25\/Info.png\" alt=\"\" class=\"wp-image-18663\" style=\"width:400px\" srcset=\"https:\/\/home.graf-rasso-gymnasium.de\/home\/files\/2026\/02\/2024-25\/Info.png 1024w, https:\/\/home.graf-rasso-gymnasium.de\/home\/files\/2026\/02\/2024-25\/Info-300x300.png 300w, https:\/\/home.graf-rasso-gymnasium.de\/home\/files\/2026\/02\/2024-25\/Info-768x768.png 768w\" sizes=\"auto, (max-width: 1024px) 100vw, 1024px\" \/><\/a><\/figure>\n\n\n\n<p>Informatik geht weit \u00fcber die blo\u00dfe Anwendung von Programmen hinaus. Es geht darum, die Logik hinter der digitalen Welt zu begreifen. Im Unterricht stehen die Entwicklung eigener Softwarel\u00f6sungen, der Aufbau sicherer Netzwerke und die Funktionsweise von k\u00fcnstlicher Intelligenz im Mittelpunkt. Das Ziel ist es, technische Prozesse zu durchschauen und selbst L\u00f6sungen f\u00fcr digitale Probleme zu entwickeln.<\/p>\n\n\n\n<p>F\u00fcr das praktische Arbeiten bietet das GRG mit zwei modern ausgestatteten Computerr\u00e4umen eine optimale Umgebung. Wer das Gelernte direkt in Bewegung umsetzen m\u00f6chte, findet in der Robotik-AG eine ideale Erg\u00e4nzung. Dort wird theoretisches Wissen genutzt, um Roboter f\u00fcr verschiedene Aufgaben zu programmieren und zu steuern. So verbindet das Fach technisches Verst\u00e4ndnis mit praktischer Erfahrung.<\/p>\n","protected":false},"excerpt":{"rendered":"<p>Informatik geht weit \u00fcber die blo\u00dfe Anwendung von Programmen hinaus. Es geht darum, die Logik hinter der digitalen Welt zu begreifen. Im Unterricht stehen die Entwicklung eigener Softwarel\u00f6sungen, der Aufbau sicherer Netzwerke und die Funktionsweise von k\u00fcnstlicher Intelligenz im Mittelpunkt. Das Ziel ist es, technische Prozesse zu durchschauen und selbst L\u00f6sungen f\u00fcr digitale Probleme zu [&hellip;]<\/p>\n","protected":false},"author":18,"featured_media":0,"parent":1491,"menu_order":0,"comment_status":"closed","ping_status":"closed","template":"","meta":{"footnotes":""},"class_list":["post-1517","page","type-page","status-publish","hentry"],"_links":{"self":[{"href":"https:\/\/home.graf-rasso-gymnasium.de\/home\/wp-json\/wp\/v2\/pages\/1517","targetHints":{"allow":["GET"]}}],"collection":[{"href":"https:\/\/home.graf-rasso-gymnasium.de\/home\/wp-json\/wp\/v2\/pages"}],"about":[{"href":"https:\/\/home.graf-rasso-gymnasium.de\/home\/wp-json\/wp\/v2\/types\/page"}],"author":[{"embeddable":true,"href":"https:\/\/home.graf-rasso-gymnasium.de\/home\/wp-json\/wp\/v2\/users\/18"}],"replies":[{"embeddable":true,"href":"https:\/\/home.graf-rasso-gymnasium.de\/home\/wp-json\/wp\/v2\/comments?post=1517"}],"version-history":[{"count":15,"href":"https:\/\/home.graf-rasso-gymnasium.de\/home\/wp-json\/wp\/v2\/pages\/1517\/revisions"}],"predecessor-version":[{"id":18884,"href":"https:\/\/home.graf-rasso-gymnasium.de\/home\/wp-json\/wp\/v2\/pages\/1517\/revisions\/18884"}],"up":[{"embeddable":true,"href":"https:\/\/home.graf-rasso-gymnasium.de\/home\/wp-json\/wp\/v2\/pages\/1491"}],"wp:attachment":[{"href":"https:\/\/home.graf-rasso-gymnasium.de\/home\/wp-json\/wp\/v2\/media?parent=1517"}],"curies":[{"name":"wp","href":"https:\/\/api.w.org\/{rel}","templated":true}]}}