{"id":15246,"date":"2023-01-24T15:08:21","date_gmt":"2023-01-24T14:08:21","guid":{"rendered":"https:\/\/home.graf-rasso-gymnasium.de\/home\/?page_id=15246"},"modified":"2024-03-25T12:20:11","modified_gmt":"2024-03-25T11:20:11","slug":"schuelerzeitung","status":"publish","type":"page","link":"https:\/\/home.graf-rasso-gymnasium.de\/home\/unsere-schule\/wahlunterrichte\/schuelerzeitung\/","title":{"rendered":"Sch\u00fclerzeitung Sgrabble"},"content":{"rendered":"\n<p>Die Sch\u00fclerzeitung ist ein normaler Wahlkurs, wir treffen uns einmal in der Woche zur Sitzung im Computerraum. Was genau wir machen? Grunds\u00e4tzlich schreiben wir unterschiedlichste Artikel, zum Beispiel \u00fcber gesellschaftliche Themen wie Cancel Culture oder Interviews mit Lehrern an unserer Schule oder selbst geschriebene Geschichten.<\/p>\n\n\n\n<p>Das Sgrabble-Team besteht nat\u00fcrlich aus Redakteuren und Redakteurinnen, sowie Layout-, Foto- und Werbebeauftragten und eines Chefredakteurs bzw. einer Chefredakteurin, seines Stellvertreters oder seiner Stellvertreterin und unserem Betreuungslehrer Herrn Schulze.<\/p>\n\n\n\n<p>Im Regelfall bringen wir eine Ausgabe mit ca. 70 Seiten pro Schuljahr heraus. So eine Ausgabe beinhaltet verschiedenste Texte aus Bereichen wie Schulisches, z. B. \u00fcber Veranstaltungen, interessanten Reiseberichten, Politisches sowie zeitaktuelle Texte. Auch selbstgeschriebene Geschichten mit Fortsetzungen und Buchrezensionen lassen sich zusammen mit vielen Grafiken und Bildern in unseren Ausgaben finden. Im Vordergrund steht dabei die Arbeit uns Sch\u00fclern f\u00fcr andere Sch\u00fcler.<\/p>\n\n\n\n<p>Wir m\u00f6chten nat\u00fcrlich m\u00f6glichst viele unserer Ausgaben verkaufen und \u201eunter die Leute bringen\u201c. Daf\u00fcr bieten sich nat\u00fcrlich Veranstaltungen wie das Weihnachtskonzert und Sommerkonzert oder die MINT-Messe und das Sommerfest an. Aber zus\u00e4tzlich bieten wir manchmal auch einen Pausenverkauf an.<\/p>\n\n\n\n<p>Des Weiteren freuen wir uns jeder Zeit \u00fcber Leserbriefe. Auch darf man uns gerne auf Artikelw\u00fcnsche oder sonstige Vorschl\u00e4ge ansprechen.<\/p>\n\n\n\n<p>Wir w\u00fcrden uns auch sehr \u00fcber neue Mitglieder in unserem Team freuen. Wir suchen nicht nur Redakteure und Redakteurinnen, sondern auch Sch\u00fcler, die sich mit dem Layout besch\u00e4ftigen w\u00fcrden.<\/p>\n\n\n\n<p>Wenn ihr uns erreichen wollt, k\u00f6nnt ihr uns pers\u00f6nlich ansprechen, uns einen Zettel im Sch\u00fclerzeitungsbriefkasten (am Raum B.1.11) werfen oder uns eine Mail an <a href=\"mailto:schuelerzeitung@graf-rasso-gymnasium.de\">schuelerzeitung@graf-rasso-gymnasium.de<\/a> schicken.<\/p>\n\n\n\n<p><em>Fabian Sterba, Chefredakteur<\/em><\/p>\n","protected":false},"excerpt":{"rendered":"<p>Die Sch\u00fclerzeitung ist ein normaler Wahlkurs, wir treffen uns einmal in der Woche zur Sitzung im Computerraum. Was genau wir machen? Grunds\u00e4tzlich schreiben wir unterschiedlichste Artikel, zum Beispiel \u00fcber gesellschaftliche Themen wie Cancel Culture oder Interviews mit Lehrern an unserer Schule oder selbst geschriebene Geschichten. Das Sgrabble-Team besteht nat\u00fcrlich aus Redakteuren und Redakteurinnen, sowie Layout-, [&hellip;]<\/p>\n","protected":false},"author":18,"featured_media":0,"parent":8284,"menu_order":0,"comment_status":"closed","ping_status":"closed","template":"","meta":{"footnotes":""},"class_list":["post-15246","page","type-page","status-publish","hentry"],"_links":{"self":[{"href":"https:\/\/home.graf-rasso-gymnasium.de\/home\/wp-json\/wp\/v2\/pages\/15246","targetHints":{"allow":["GET"]}}],"collection":[{"href":"https:\/\/home.graf-rasso-gymnasium.de\/home\/wp-json\/wp\/v2\/pages"}],"about":[{"href":"https:\/\/home.graf-rasso-gymnasium.de\/home\/wp-json\/wp\/v2\/types\/page"}],"author":[{"embeddable":true,"href":"https:\/\/home.graf-rasso-gymnasium.de\/home\/wp-json\/wp\/v2\/users\/18"}],"replies":[{"embeddable":true,"href":"https:\/\/home.graf-rasso-gymnasium.de\/home\/wp-json\/wp\/v2\/comments?post=15246"}],"version-history":[{"count":4,"href":"https:\/\/home.graf-rasso-gymnasium.de\/home\/wp-json\/wp\/v2\/pages\/15246\/revisions"}],"predecessor-version":[{"id":17028,"href":"https:\/\/home.graf-rasso-gymnasium.de\/home\/wp-json\/wp\/v2\/pages\/15246\/revisions\/17028"}],"up":[{"embeddable":true,"href":"https:\/\/home.graf-rasso-gymnasium.de\/home\/wp-json\/wp\/v2\/pages\/8284"}],"wp:attachment":[{"href":"https:\/\/home.graf-rasso-gymnasium.de\/home\/wp-json\/wp\/v2\/media?parent=15246"}],"curies":[{"name":"wp","href":"https:\/\/api.w.org\/{rel}","templated":true}]}}