{"id":1536,"date":"2013-07-22T10:20:58","date_gmt":"2013-07-22T09:20:58","guid":{"rendered":"https:\/\/home.graf-rasso-gymnasium.de\/home\/?page_id=1536"},"modified":"2026-02-10T11:41:25","modified_gmt":"2026-02-10T10:41:25","slug":"religion","status":"publish","type":"page","link":"https:\/\/home.graf-rasso-gymnasium.de\/home\/faecher\/religion\/","title":{"rendered":"Religion"},"content":{"rendered":"\n<figure class=\"wp-block-image aligncenter size-full is-resized\"><a href=\"https:\/\/home.graf-rasso-gymnasium.de\/home\/files\/2026\/02\/2024-25\/Reli.png\" target=\"_blank\" rel=\"noreferrer noopener\"><img loading=\"lazy\" decoding=\"async\" width=\"1024\" height=\"1024\" src=\"https:\/\/home.graf-rasso-gymnasium.de\/home\/files\/2026\/02\/2024-25\/Reli.png\" alt=\"\" class=\"wp-image-18659\" style=\"width:400px\" srcset=\"https:\/\/home.graf-rasso-gymnasium.de\/home\/files\/2026\/02\/2024-25\/Reli.png 1024w, https:\/\/home.graf-rasso-gymnasium.de\/home\/files\/2026\/02\/2024-25\/Reli-300x300.png 300w, https:\/\/home.graf-rasso-gymnasium.de\/home\/files\/2026\/02\/2024-25\/Reli-768x768.png 768w\" sizes=\"auto, (max-width: 1024px) 100vw, 1024px\" \/><\/a><\/figure>\n\n\n\n<p><strong>Muss ich jedem helfen? \u2013 Hat Gott nur Getaufte lieb? \u2013 Was kann ich schon alleine ver\u00e4ndern?&nbsp; <\/strong><strong>\u2013 G\u00e4be es ohne Religionen auch keine Religionskriege mehr?<\/strong><\/p>\n\n\n\n<p>Fragen, auf die es nicht fertige Antworten gibt, die es&nbsp;auswendig zu lernen g\u00e4be oder die&nbsp;blind \u201ezu glauben\u201c w\u00e4ren.&nbsp; Im Gegenteil: im offenen Diskurs angesichts der Pluralit\u00e4t und Freiheit, die uns inspirierend, herausfordernd, verunsichernd und be\u00e4ngstigend zugleich gegen\u00fcbertritt suchen wir nach verantwortbaren Antworten f\u00fcr jeden einzelnen.<\/p>\n\n\n\n<p>Dabei braucht es religi\u00f6se Kompetenz, die den Andersgl\u00e4ubigen nicht verteufelt, aber auch nicht in der Beliebigkeit einer patchwork-Identit\u00e4t verblasst.<\/p>\n\n\n\n<p>\u201eGottes Sprache sind die Menschen!\u201c: Jeder kann sich mit seiner ganz besonderen Pers\u00f6nlichkeit einbringen und zum religi\u00f6sen Schulleben beitragen, im Rahmen des \u00d6kumenischen Arbeitskreises, bei Schulgottesdiensten oder als Klassengemeinschaft in den Orientierungstagen.<\/p>\n","protected":false},"excerpt":{"rendered":"<p>Muss ich jedem helfen? \u2013 Hat Gott nur Getaufte lieb? \u2013 Was kann ich schon alleine ver\u00e4ndern?&nbsp; \u2013 G\u00e4be es ohne Religionen auch keine Religionskriege mehr? Fragen, auf die es nicht fertige Antworten gibt, die es&nbsp;auswendig zu lernen g\u00e4be oder die&nbsp;blind \u201ezu glauben\u201c w\u00e4ren.&nbsp; Im Gegenteil: im offenen Diskurs angesichts der Pluralit\u00e4t und Freiheit, die [&hellip;]<\/p>\n","protected":false},"author":18,"featured_media":0,"parent":1491,"menu_order":0,"comment_status":"closed","ping_status":"closed","template":"","meta":{"footnotes":""},"class_list":["post-1536","page","type-page","status-publish","hentry"],"_links":{"self":[{"href":"https:\/\/home.graf-rasso-gymnasium.de\/home\/wp-json\/wp\/v2\/pages\/1536","targetHints":{"allow":["GET"]}}],"collection":[{"href":"https:\/\/home.graf-rasso-gymnasium.de\/home\/wp-json\/wp\/v2\/pages"}],"about":[{"href":"https:\/\/home.graf-rasso-gymnasium.de\/home\/wp-json\/wp\/v2\/types\/page"}],"author":[{"embeddable":true,"href":"https:\/\/home.graf-rasso-gymnasium.de\/home\/wp-json\/wp\/v2\/users\/18"}],"replies":[{"embeddable":true,"href":"https:\/\/home.graf-rasso-gymnasium.de\/home\/wp-json\/wp\/v2\/comments?post=1536"}],"version-history":[{"count":11,"href":"https:\/\/home.graf-rasso-gymnasium.de\/home\/wp-json\/wp\/v2\/pages\/1536\/revisions"}],"predecessor-version":[{"id":18683,"href":"https:\/\/home.graf-rasso-gymnasium.de\/home\/wp-json\/wp\/v2\/pages\/1536\/revisions\/18683"}],"up":[{"embeddable":true,"href":"https:\/\/home.graf-rasso-gymnasium.de\/home\/wp-json\/wp\/v2\/pages\/1491"}],"wp:attachment":[{"href":"https:\/\/home.graf-rasso-gymnasium.de\/home\/wp-json\/wp\/v2\/media?parent=1536"}],"curies":[{"name":"wp","href":"https:\/\/api.w.org\/{rel}","templated":true}]}}