{"id":1542,"date":"2013-07-22T10:23:08","date_gmt":"2013-07-22T08:23:08","guid":{"rendered":"https:\/\/home.graf-rasso-gymnasium.de\/home\/?page_id=1542"},"modified":"2026-01-17T15:16:02","modified_gmt":"2026-01-17T14:16:02","slug":"sport","status":"publish","type":"page","link":"https:\/\/home.graf-rasso-gymnasium.de\/home\/faecher\/sport\/","title":{"rendered":"Sport"},"content":{"rendered":"\n<figure class=\"wp-block-image aligncenter size-full is-resized\"><a href=\"https:\/\/home.graf-rasso-gymnasium.de\/home\/files\/2013\/07\/2024-25\/2025_HP_Sport_Photo.jpg\" target=\"_blank\" rel=\"noreferrer noopener\"><img loading=\"lazy\" decoding=\"async\" width=\"2380\" height=\"1584\" src=\"https:\/\/home.graf-rasso-gymnasium.de\/home\/files\/2013\/07\/2024-25\/2025_HP_Sport_Photo.jpg\" alt=\"\" class=\"wp-image-18544\" style=\"aspect-ratio:1.5025531665134115;width:1062px;height:auto\" srcset=\"https:\/\/home.graf-rasso-gymnasium.de\/home\/files\/2013\/07\/2024-25\/2025_HP_Sport_Photo.jpg 2380w, https:\/\/home.graf-rasso-gymnasium.de\/home\/files\/2013\/07\/2024-25\/2025_HP_Sport_Photo-300x200.jpg 300w, https:\/\/home.graf-rasso-gymnasium.de\/home\/files\/2013\/07\/2024-25\/2025_HP_Sport_Photo-1024x682.jpg 1024w, https:\/\/home.graf-rasso-gymnasium.de\/home\/files\/2013\/07\/2024-25\/2025_HP_Sport_Photo-768x511.jpg 768w, https:\/\/home.graf-rasso-gymnasium.de\/home\/files\/2013\/07\/2024-25\/2025_HP_Sport_Photo-1536x1022.jpg 1536w, https:\/\/home.graf-rasso-gymnasium.de\/home\/files\/2013\/07\/2024-25\/2025_HP_Sport_Photo-2048x1363.jpg 2048w\" sizes=\"auto, (max-width: 2380px) 100vw, 2380px\" \/><\/a><\/figure>\n\n\n\n<p><strong>Bewegung statt Stillstand \u2013 <\/strong><strong>Sport <\/strong><strong>am Rasso<\/strong><\/p>\n\n\n\n<p>Der Sportunterricht am GRG bietet ein vielf\u00e4ltiges und erlebnisorientiertes Angebot.<\/p>\n\n\n\n<p>Schulinterne Turniere und Veranstaltungen \u00fcber alle Jahrgangsstufen hinweg&nbsp;erlauben Sch\u00fclerinnen und Sch\u00fclern eine aktive Teilnahme.<\/p>\n\n\n\n<p>In unseren Schulmannschaften k\u00f6nnen sehr gute Sportler und Sportlerinnen&nbsp;in den unterschiedlichsten Disziplinen ihre besonderen sportlichen F\u00e4higkeiten unter Beweis stellen.<\/p>\n\n\n\n<p>In der Oberstufe bieten wir unseren Sch\u00fclerinnen und Sch\u00fclern seit Jahren sehr erfolgreich die M\u00f6glichkeit, mit der Wahl des Leistungsfaches Sport die Abiturpr\u00fcfung abzulegen.<\/p>\n\n\n\n<p>Jedes Jahr f\u00e4hrt die 6. Jahrgangsstufe zur Sommersportwoche nach Inzell, wo wir den Sch\u00fclerinnen und Sch\u00fclern ein reichhaltiges Sportangebot bieten k\u00f6nnen, wie Bergwandern, Mountainbiken, Klettern, Bogenschie\u00dfen u.v.m.<\/p>\n\n\n\n<p>Der Schwimmunterricht in der 5. und 6. Jahrgangsstufe sowie diverse Wahlkurse runden unser sportliches Angebot ab.<\/p>\n","protected":false},"excerpt":{"rendered":"<p>Bewegung statt Stillstand \u2013 Sport am Rasso Der Sportunterricht am GRG bietet ein vielf\u00e4ltiges und erlebnisorientiertes Angebot. Schulinterne Turniere und Veranstaltungen \u00fcber alle Jahrgangsstufen hinweg&nbsp;erlauben Sch\u00fclerinnen und Sch\u00fclern eine aktive Teilnahme. In unseren Schulmannschaften k\u00f6nnen sehr gute Sportler und Sportlerinnen&nbsp;in den unterschiedlichsten Disziplinen ihre besonderen sportlichen F\u00e4higkeiten unter Beweis stellen. In der Oberstufe bieten wir [&hellip;]<\/p>\n","protected":false},"author":18,"featured_media":0,"parent":1491,"menu_order":0,"comment_status":"closed","ping_status":"closed","template":"","meta":{"footnotes":""},"class_list":["post-1542","page","type-page","status-publish","hentry"],"_links":{"self":[{"href":"https:\/\/home.graf-rasso-gymnasium.de\/home\/wp-json\/wp\/v2\/pages\/1542","targetHints":{"allow":["GET"]}}],"collection":[{"href":"https:\/\/home.graf-rasso-gymnasium.de\/home\/wp-json\/wp\/v2\/pages"}],"about":[{"href":"https:\/\/home.graf-rasso-gymnasium.de\/home\/wp-json\/wp\/v2\/types\/page"}],"author":[{"embeddable":true,"href":"https:\/\/home.graf-rasso-gymnasium.de\/home\/wp-json\/wp\/v2\/users\/18"}],"replies":[{"embeddable":true,"href":"https:\/\/home.graf-rasso-gymnasium.de\/home\/wp-json\/wp\/v2\/comments?post=1542"}],"version-history":[{"count":16,"href":"https:\/\/home.graf-rasso-gymnasium.de\/home\/wp-json\/wp\/v2\/pages\/1542\/revisions"}],"predecessor-version":[{"id":18545,"href":"https:\/\/home.graf-rasso-gymnasium.de\/home\/wp-json\/wp\/v2\/pages\/1542\/revisions\/18545"}],"up":[{"embeddable":true,"href":"https:\/\/home.graf-rasso-gymnasium.de\/home\/wp-json\/wp\/v2\/pages\/1491"}],"wp:attachment":[{"href":"https:\/\/home.graf-rasso-gymnasium.de\/home\/wp-json\/wp\/v2\/media?parent=1542"}],"curies":[{"name":"wp","href":"https:\/\/api.w.org\/{rel}","templated":true}]}}