{"id":1546,"date":"2013-07-22T10:23:47","date_gmt":"2013-07-22T09:23:47","guid":{"rendered":"https:\/\/home.graf-rasso-gymnasium.de\/home\/?page_id=1546"},"modified":"2026-02-10T11:41:44","modified_gmt":"2026-02-10T10:41:44","slug":"kunst","status":"publish","type":"page","link":"https:\/\/home.graf-rasso-gymnasium.de\/home\/faecher\/kunst\/","title":{"rendered":"Kunst"},"content":{"rendered":"\n<figure class=\"wp-block-image aligncenter size-full is-resized\"><a href=\"https:\/\/home.graf-rasso-gymnasium.de\/home\/files\/2026\/02\/2024-25\/Kunst.png\" target=\"_blank\" rel=\"noreferrer noopener\"><img loading=\"lazy\" decoding=\"async\" width=\"1024\" height=\"1024\" src=\"https:\/\/home.graf-rasso-gymnasium.de\/home\/files\/2026\/02\/2024-25\/Kunst.png\" alt=\"\" class=\"wp-image-18666\" style=\"width:400px\" srcset=\"https:\/\/home.graf-rasso-gymnasium.de\/home\/files\/2026\/02\/2024-25\/Kunst.png 1024w, https:\/\/home.graf-rasso-gymnasium.de\/home\/files\/2026\/02\/2024-25\/Kunst-300x300.png 300w, https:\/\/home.graf-rasso-gymnasium.de\/home\/files\/2026\/02\/2024-25\/Kunst-768x768.png 768w\" sizes=\"auto, (max-width: 1024px) 100vw, 1024px\" \/><\/a><\/figure>\n\n\n\n<p>In drei lichtdurchfluteten Zeichens\u00e4len, einem Werkraum und einem Brennraum f\u00fcr Ton wirkt unser kleines, aber vielseitiges Fachschaftsteam Kunst. Hier unterrichten derzeit zwei Kunstlehrerinnen und zwei Kunstlehrer. Auf Grundlage des LehrplanPLUS m\u00f6chten wir vor allem eines weitergeben: Freude am eigenen Gestalten und an kreativem Denken.<\/p>\n\n\n\n<p>&nbsp;In der Verbindung von Wahrnehmung, Reflexion und bildnerischer Praxis erwerben die Sch\u00fclerinnen und Sch\u00fcler Kompetenzen, die ihnen Orientierung in einer zunehmend von Bildern gepr\u00e4gten Welt erm\u00f6glichen. Die Lernbereiche Bildende Kunst, Architektur, Produktdesign und Kommunikation werden dabei wahrnehmend, gestaltend und analysierend erschlossen.<\/p>\n\n\n\n<p>Im praktischen Arbeiten begegnen die Jugendlichen verschiedenen Zeichen-, Mal- und Drucktechniken, plastischen Gestaltungsformen sowie digitaler Bildbearbeitung und Ausdrucksformen des darstellenden Spiels. Wir m\u00f6chten ihre sch\u00f6pferische Phantasie st\u00e4rken und ihnen Raum geben, sich k\u00fcnstlerisch mit ihrer Welt auseinanderzusetzen.<\/p>\n","protected":false},"excerpt":{"rendered":"<p>In drei lichtdurchfluteten Zeichens\u00e4len, einem Werkraum und einem Brennraum f\u00fcr Ton wirkt unser kleines, aber vielseitiges Fachschaftsteam Kunst. Hier unterrichten derzeit zwei Kunstlehrerinnen und zwei Kunstlehrer. Auf Grundlage des LehrplanPLUS m\u00f6chten wir vor allem eines weitergeben: Freude am eigenen Gestalten und an kreativem Denken. &nbsp;In der Verbindung von Wahrnehmung, Reflexion und bildnerischer Praxis erwerben die [&hellip;]<\/p>\n","protected":false},"author":18,"featured_media":0,"parent":1491,"menu_order":0,"comment_status":"closed","ping_status":"closed","template":"","meta":{"footnotes":""},"class_list":["post-1546","page","type-page","status-publish","hentry"],"_links":{"self":[{"href":"https:\/\/home.graf-rasso-gymnasium.de\/home\/wp-json\/wp\/v2\/pages\/1546","targetHints":{"allow":["GET"]}}],"collection":[{"href":"https:\/\/home.graf-rasso-gymnasium.de\/home\/wp-json\/wp\/v2\/pages"}],"about":[{"href":"https:\/\/home.graf-rasso-gymnasium.de\/home\/wp-json\/wp\/v2\/types\/page"}],"author":[{"embeddable":true,"href":"https:\/\/home.graf-rasso-gymnasium.de\/home\/wp-json\/wp\/v2\/users\/18"}],"replies":[{"embeddable":true,"href":"https:\/\/home.graf-rasso-gymnasium.de\/home\/wp-json\/wp\/v2\/comments?post=1546"}],"version-history":[{"count":26,"href":"https:\/\/home.graf-rasso-gymnasium.de\/home\/wp-json\/wp\/v2\/pages\/1546\/revisions"}],"predecessor-version":[{"id":18684,"href":"https:\/\/home.graf-rasso-gymnasium.de\/home\/wp-json\/wp\/v2\/pages\/1546\/revisions\/18684"}],"up":[{"embeddable":true,"href":"https:\/\/home.graf-rasso-gymnasium.de\/home\/wp-json\/wp\/v2\/pages\/1491"}],"wp:attachment":[{"href":"https:\/\/home.graf-rasso-gymnasium.de\/home\/wp-json\/wp\/v2\/media?parent=1546"}],"curies":[{"name":"wp","href":"https:\/\/api.w.org\/{rel}","templated":true}]}}