{"id":1559,"date":"2013-07-22T10:25:51","date_gmt":"2013-07-22T09:25:51","guid":{"rendered":"https:\/\/home.graf-rasso-gymnasium.de\/home\/?page_id=1559"},"modified":"2026-02-23T16:31:42","modified_gmt":"2026-02-23T15:31:42","slug":"politik-und-gesellschaft","status":"publish","type":"page","link":"https:\/\/home.graf-rasso-gymnasium.de\/home\/faecher\/politik-und-gesellschaft\/","title":{"rendered":"Politik und Gesellschaft (PuG)"},"content":{"rendered":"\n<figure class=\"wp-block-image aligncenter size-full is-resized\"><a href=\"https:\/\/home.graf-rasso-gymnasium.de\/home\/files\/2026\/02\/2024-25\/PG.png\" target=\"_blank\" rel=\"noreferrer noopener\"><img loading=\"lazy\" decoding=\"async\" width=\"1024\" height=\"1024\" src=\"https:\/\/home.graf-rasso-gymnasium.de\/home\/files\/2026\/02\/2024-25\/PG.png\" alt=\"\" class=\"wp-image-18658\" style=\"width:400px\" srcset=\"https:\/\/home.graf-rasso-gymnasium.de\/home\/files\/2026\/02\/2024-25\/PG.png 1024w, https:\/\/home.graf-rasso-gymnasium.de\/home\/files\/2026\/02\/2024-25\/PG-300x300.png 300w, https:\/\/home.graf-rasso-gymnasium.de\/home\/files\/2026\/02\/2024-25\/PG-768x768.png 768w\" sizes=\"auto, (max-width: 1024px) 100vw, 1024px\" \/><\/a><\/figure>\n\n\n\n<p>\u201ePolitik und Gesellschaft\u201c wird am Graf-Rasso-Gymnasium ab der 10. Jahrgangsstufe unterrichtet und bildet seit der Einf\u00fchrung des G9 ein eigenst\u00e4ndiges Fach, das auch zum Abitur f\u00fchren und als Pr\u00fcfungsfach gew\u00e4hlt werden kann.<\/p>\n\n\n\n<p>\u201ePuG\u201c, wie es kurz genannt wird, ist ein riesiges Feld, und genau deshalb macht es Spa\u00df, sich darin zu bewegen. Politik organisiert das Zusammenleben: Wer entscheidet? Wie werden Ressourcen verteilt? Welche Regeln gelten? Gesellschaft beschreibt, wie Menschen miteinander leben: Es geht um Bev\u00f6lkerungsentwicklung, soziale Gruppen, Identit\u00e4ten, Konflikte, Werte.<\/p>\n\n\n\n<p>Beide Bereiche beeinflussen sich st\u00e4ndig gegenseitig. Politische Entscheidungen formen gesellschaftliche Realit\u00e4ten, und gesellschaftliche Stimmungen treiben politische Entwicklungen an.<\/p>\n\n\n\n<p>Wie ver\u00e4ndert Digitalisierung politische Prozesse und soziale Beziehungen? Welche Rolle spielen soziale Ungleichheiten f\u00fcr politische Stabilit\u00e4t? Warum polarisieren bestimmte Themen st\u00e4rker als fr\u00fcher? Wie wirken Migration, Globalisierung oder demografischer Wandel auf gesellschaftliche Strukturen? Das sind nur ein paar Beispiele f\u00fcr die vielf\u00e4ltigen aktuellen Fragen, mit denen wir uns in diesem Fach besch\u00e4ftigen.<\/p>\n\n\n\n<p>Die j\u00e4hrliche Studienfahrt der 11. Klassen in die Bundeshauptstadt Berlin bietet \u201ePolitik im Brennglas\u201c mit Besuchen im Deutschen Bundestag, dem Bundesrat, dem Bundeskanzleramt und einem politischen Informationsgespr\u00e4ch mit einem\/r Bundestagsabgeordneten vor Ort.<\/p>\n\n\n\n<p>Zentrales Ziel des Unterrichts im Fach Politik und Gesellschaft ist die Demokratief\u00e4higkeit junger Menschen und die F\u00f6rderung einer werteorientierten Pers\u00f6nlichkeitsentwicklung der Sch\u00fclerinnen und Sch\u00fcler. Diese Werteorientierung setzt ethische Ma\u00dfst\u00e4be f\u00fcr die eigene Lebensf\u00fchrung, gr\u00fcndet sich auf Demokratie, Frieden und Freiheit als fundamentale Prinzipien, insbesondere auf die Achtung der Menschenw\u00fcrde sowie der Menschen- und B\u00fcrgerrechte, und schlie\u00dft die Ablehnung extremistischer Grundhaltungen ein.&nbsp;<\/p>\n","protected":false},"excerpt":{"rendered":"<p>\u201ePolitik und Gesellschaft\u201c wird am Graf-Rasso-Gymnasium ab der 10. Jahrgangsstufe unterrichtet und bildet seit der Einf\u00fchrung des G9 ein eigenst\u00e4ndiges Fach, das auch zum Abitur f\u00fchren und als Pr\u00fcfungsfach gew\u00e4hlt werden kann. \u201ePuG\u201c, wie es kurz genannt wird, ist ein riesiges Feld, und genau deshalb macht es Spa\u00df, sich darin zu bewegen. Politik organisiert das [&hellip;]<\/p>\n","protected":false},"author":18,"featured_media":0,"parent":1491,"menu_order":0,"comment_status":"closed","ping_status":"closed","template":"","meta":{"footnotes":""},"class_list":["post-1559","page","type-page","status-publish","hentry"],"_links":{"self":[{"href":"https:\/\/home.graf-rasso-gymnasium.de\/home\/wp-json\/wp\/v2\/pages\/1559","targetHints":{"allow":["GET"]}}],"collection":[{"href":"https:\/\/home.graf-rasso-gymnasium.de\/home\/wp-json\/wp\/v2\/pages"}],"about":[{"href":"https:\/\/home.graf-rasso-gymnasium.de\/home\/wp-json\/wp\/v2\/types\/page"}],"author":[{"embeddable":true,"href":"https:\/\/home.graf-rasso-gymnasium.de\/home\/wp-json\/wp\/v2\/users\/18"}],"replies":[{"embeddable":true,"href":"https:\/\/home.graf-rasso-gymnasium.de\/home\/wp-json\/wp\/v2\/comments?post=1559"}],"version-history":[{"count":11,"href":"https:\/\/home.graf-rasso-gymnasium.de\/home\/wp-json\/wp\/v2\/pages\/1559\/revisions"}],"predecessor-version":[{"id":18694,"href":"https:\/\/home.graf-rasso-gymnasium.de\/home\/wp-json\/wp\/v2\/pages\/1559\/revisions\/18694"}],"up":[{"embeddable":true,"href":"https:\/\/home.graf-rasso-gymnasium.de\/home\/wp-json\/wp\/v2\/pages\/1491"}],"wp:attachment":[{"href":"https:\/\/home.graf-rasso-gymnasium.de\/home\/wp-json\/wp\/v2\/media?parent=1559"}],"curies":[{"name":"wp","href":"https:\/\/api.w.org\/{rel}","templated":true}]}}