{"id":1565,"date":"2013-07-22T10:27:13","date_gmt":"2013-07-22T08:27:13","guid":{"rendered":"https:\/\/home.graf-rasso-gymnasium.de\/home\/?page_id=1565"},"modified":"2026-02-10T11:39:39","modified_gmt":"2026-02-10T10:39:39","slug":"englisch","status":"publish","type":"page","link":"https:\/\/home.graf-rasso-gymnasium.de\/home\/faecher\/englisch\/","title":{"rendered":"Englisch"},"content":{"rendered":"\n<figure class=\"wp-block-image aligncenter size-full is-resized\"><a href=\"https:\/\/home.graf-rasso-gymnasium.de\/home\/files\/2026\/02\/2024-25\/Englisch-.png\" target=\"_blank\" rel=\"noreferrer noopener\"><img loading=\"lazy\" decoding=\"async\" width=\"1024\" height=\"1024\" src=\"https:\/\/home.graf-rasso-gymnasium.de\/home\/files\/2026\/02\/2024-25\/Englisch-.png\" alt=\"\" class=\"wp-image-18670\" style=\"width:400px\" srcset=\"https:\/\/home.graf-rasso-gymnasium.de\/home\/files\/2026\/02\/2024-25\/Englisch-.png 1024w, https:\/\/home.graf-rasso-gymnasium.de\/home\/files\/2026\/02\/2024-25\/Englisch--300x300.png 300w, https:\/\/home.graf-rasso-gymnasium.de\/home\/files\/2026\/02\/2024-25\/Englisch--768x768.png 768w\" sizes=\"auto, (max-width: 1024px) 100vw, 1024px\" \/><\/a><\/figure>\n\n\n\n<p>Englisch ist \u00fcberall \u2013 in Songs, in der Werbung, im Internet.&nbsp;Und nat\u00fcrlich auch im gymnasialen Unterricht!&nbsp;<\/p>\n\n\n\n<p>Am GRG ist Englisch f\u00fcr alle Sch\u00fclerinnen und Sch\u00fcler die erste Fremdsprache. Im Laufe der Schuljahre erlernen und erweitern sie die verschiedenen <em>skills<\/em>, die die Sprachkompetenz in einer modernen Fremdsprache ausmachen, vom H\u00f6ren und Sprechen \u00fcber das Lesen und Schreiben bis hin zum zusammenfassenden \u00dcbersetzen \u2013 nat\u00fcrlich stets in korrekter Grammatik und Aussprache und unter Verwendung eines tiefgr\u00fcndigen Wortschatzes.&nbsp;<\/p>\n\n\n\n<p>In der Oberstufe ist Englisch am GRG eines der meistgew\u00e4hlten F\u00e4cher. Hier geht es um kulturelle und politische Themen sowie die Besch\u00e4ftigung mit Literatur. Englisch ist viel mehr als nur die Weltsprache schlechthin!In der 8. Jahrgangsstufe gibt es die M\u00f6glichkeit, an einer Fahrt nach Brighton teilzunehmen.<\/p>\n","protected":false},"excerpt":{"rendered":"<p>Englisch ist \u00fcberall \u2013 in Songs, in der Werbung, im Internet.&nbsp;Und nat\u00fcrlich auch im gymnasialen Unterricht!&nbsp; Am GRG ist Englisch f\u00fcr alle Sch\u00fclerinnen und Sch\u00fcler die erste Fremdsprache. Im Laufe der Schuljahre erlernen und erweitern sie die verschiedenen skills, die die Sprachkompetenz in einer modernen Fremdsprache ausmachen, vom H\u00f6ren und Sprechen \u00fcber das Lesen und [&hellip;]<\/p>\n","protected":false},"author":18,"featured_media":0,"parent":1491,"menu_order":0,"comment_status":"closed","ping_status":"closed","template":"","meta":{"footnotes":""},"class_list":["post-1565","page","type-page","status-publish","hentry"],"_links":{"self":[{"href":"https:\/\/home.graf-rasso-gymnasium.de\/home\/wp-json\/wp\/v2\/pages\/1565","targetHints":{"allow":["GET"]}}],"collection":[{"href":"https:\/\/home.graf-rasso-gymnasium.de\/home\/wp-json\/wp\/v2\/pages"}],"about":[{"href":"https:\/\/home.graf-rasso-gymnasium.de\/home\/wp-json\/wp\/v2\/types\/page"}],"author":[{"embeddable":true,"href":"https:\/\/home.graf-rasso-gymnasium.de\/home\/wp-json\/wp\/v2\/users\/18"}],"replies":[{"embeddable":true,"href":"https:\/\/home.graf-rasso-gymnasium.de\/home\/wp-json\/wp\/v2\/comments?post=1565"}],"version-history":[{"count":19,"href":"https:\/\/home.graf-rasso-gymnasium.de\/home\/wp-json\/wp\/v2\/pages\/1565\/revisions"}],"predecessor-version":[{"id":18678,"href":"https:\/\/home.graf-rasso-gymnasium.de\/home\/wp-json\/wp\/v2\/pages\/1565\/revisions\/18678"}],"up":[{"embeddable":true,"href":"https:\/\/home.graf-rasso-gymnasium.de\/home\/wp-json\/wp\/v2\/pages\/1491"}],"wp:attachment":[{"href":"https:\/\/home.graf-rasso-gymnasium.de\/home\/wp-json\/wp\/v2\/media?parent=1565"}],"curies":[{"name":"wp","href":"https:\/\/api.w.org\/{rel}","templated":true}]}}