{"id":1575,"date":"2013-07-22T10:30:35","date_gmt":"2013-07-22T09:30:35","guid":{"rendered":"https:\/\/home.graf-rasso-gymnasium.de\/home\/?page_id=1575"},"modified":"2026-02-10T11:42:46","modified_gmt":"2026-02-10T10:42:46","slug":"physik","status":"publish","type":"page","link":"https:\/\/home.graf-rasso-gymnasium.de\/home\/faecher\/physik\/","title":{"rendered":"Physik"},"content":{"rendered":"\n<figure class=\"wp-block-image aligncenter size-full is-resized\"><a href=\"https:\/\/home.graf-rasso-gymnasium.de\/home\/files\/2026\/02\/2024-25\/Physik.png\" target=\"_blank\" rel=\"noreferrer noopener\"><img loading=\"lazy\" decoding=\"async\" width=\"1024\" height=\"1024\" src=\"https:\/\/home.graf-rasso-gymnasium.de\/home\/files\/2026\/02\/2024-25\/Physik.png\" alt=\"\" class=\"wp-image-18665\" style=\"width:400px\" srcset=\"https:\/\/home.graf-rasso-gymnasium.de\/home\/files\/2026\/02\/2024-25\/Physik.png 1024w, https:\/\/home.graf-rasso-gymnasium.de\/home\/files\/2026\/02\/2024-25\/Physik-300x300.png 300w, https:\/\/home.graf-rasso-gymnasium.de\/home\/files\/2026\/02\/2024-25\/Physik-768x768.png 768w\" sizes=\"auto, (max-width: 1024px) 100vw, 1024px\" \/><\/a><\/figure>\n\n\n\n<p>Physik begegnet uns t\u00e4glich: im Lichtschalter, im Fahrrad, im Smartphone. Im Unterricht entdecken Sch\u00fclerinnen und Sch\u00fcler diese Zusammenh\u00e4nge durch einfache, alltagsnahe Experimente. Wir messen, beobachten, bauen Modelle und diskutieren, warum Dinge funktionieren \u2013 oder manchmal nicht. So entwickeln die Lernenden technisches Verst\u00e4ndnis, Genauigkeit und Vertrauen in ihre eigenen F\u00e4higkeiten. Themen wie Elektrizit\u00e4t, Mechanik, W\u00e4rme oder Klima zeigen, wie physikalisches Wissen zu besseren Entscheidungen im Alltag beitr\u00e4gt. Physik f\u00f6rdert Neugier, hilft beim Verstehen unserer Umwelt und macht sichtbar, wie spannend Naturwissenschaft wirklich sein kann. So wird das Fach zu einem wichtigen Begleiter f\u00fcr Schule, Beruf und Alltag gleicherma\u00dfen, f\u00fcr uns alle.<\/p>\n","protected":false},"excerpt":{"rendered":"<p>Physik begegnet uns t\u00e4glich: im Lichtschalter, im Fahrrad, im Smartphone. Im Unterricht entdecken Sch\u00fclerinnen und Sch\u00fcler diese Zusammenh\u00e4nge durch einfache, alltagsnahe Experimente. Wir messen, beobachten, bauen Modelle und diskutieren, warum Dinge funktionieren \u2013 oder manchmal nicht. So entwickeln die Lernenden technisches Verst\u00e4ndnis, Genauigkeit und Vertrauen in ihre eigenen F\u00e4higkeiten. Themen wie Elektrizit\u00e4t, Mechanik, W\u00e4rme oder [&hellip;]<\/p>\n","protected":false},"author":18,"featured_media":0,"parent":1491,"menu_order":0,"comment_status":"closed","ping_status":"closed","template":"","meta":{"footnotes":""},"class_list":["post-1575","page","type-page","status-publish","hentry"],"_links":{"self":[{"href":"https:\/\/home.graf-rasso-gymnasium.de\/home\/wp-json\/wp\/v2\/pages\/1575","targetHints":{"allow":["GET"]}}],"collection":[{"href":"https:\/\/home.graf-rasso-gymnasium.de\/home\/wp-json\/wp\/v2\/pages"}],"about":[{"href":"https:\/\/home.graf-rasso-gymnasium.de\/home\/wp-json\/wp\/v2\/types\/page"}],"author":[{"embeddable":true,"href":"https:\/\/home.graf-rasso-gymnasium.de\/home\/wp-json\/wp\/v2\/users\/18"}],"replies":[{"embeddable":true,"href":"https:\/\/home.graf-rasso-gymnasium.de\/home\/wp-json\/wp\/v2\/comments?post=1575"}],"version-history":[{"count":12,"href":"https:\/\/home.graf-rasso-gymnasium.de\/home\/wp-json\/wp\/v2\/pages\/1575\/revisions"}],"predecessor-version":[{"id":18685,"href":"https:\/\/home.graf-rasso-gymnasium.de\/home\/wp-json\/wp\/v2\/pages\/1575\/revisions\/18685"}],"up":[{"embeddable":true,"href":"https:\/\/home.graf-rasso-gymnasium.de\/home\/wp-json\/wp\/v2\/pages\/1491"}],"wp:attachment":[{"href":"https:\/\/home.graf-rasso-gymnasium.de\/home\/wp-json\/wp\/v2\/media?parent=1575"}],"curies":[{"name":"wp","href":"https:\/\/api.w.org\/{rel}","templated":true}]}}