{"id":1606,"date":"2013-07-22T11:28:03","date_gmt":"2013-07-22T09:28:03","guid":{"rendered":"https:\/\/home.graf-rasso-gymnasium.de\/home\/?page_id=1606"},"modified":"2026-01-17T15:00:24","modified_gmt":"2026-01-17T14:00:24","slug":"franzoesisch","status":"publish","type":"page","link":"https:\/\/home.graf-rasso-gymnasium.de\/home\/faecher\/franzoesisch\/","title":{"rendered":"Franz\u00f6sisch"},"content":{"rendered":"\n<figure class=\"wp-block-image aligncenter size-full is-resized\"><img loading=\"lazy\" decoding=\"async\" width=\"1734\" height=\"1621\" src=\"https:\/\/home.graf-rasso-gymnasium.de\/home\/files\/2013\/07\/2024-25\/2025_HP_Franzoesisch_Foto.jpg\" alt=\"\" class=\"wp-image-18526\" style=\"aspect-ratio:1.069712375513615;width:539px;height:auto\" srcset=\"https:\/\/home.graf-rasso-gymnasium.de\/home\/files\/2013\/07\/2024-25\/2025_HP_Franzoesisch_Foto.jpg 1734w, https:\/\/home.graf-rasso-gymnasium.de\/home\/files\/2013\/07\/2024-25\/2025_HP_Franzoesisch_Foto-300x280.jpg 300w, https:\/\/home.graf-rasso-gymnasium.de\/home\/files\/2013\/07\/2024-25\/2025_HP_Franzoesisch_Foto-1024x957.jpg 1024w, https:\/\/home.graf-rasso-gymnasium.de\/home\/files\/2013\/07\/2024-25\/2025_HP_Franzoesisch_Foto-768x718.jpg 768w, https:\/\/home.graf-rasso-gymnasium.de\/home\/files\/2013\/07\/2024-25\/2025_HP_Franzoesisch_Foto-1536x1436.jpg 1536w\" sizes=\"auto, (max-width: 1734px) 100vw, 1734px\" \/><\/figure>\n\n\n\n<p>Bonjour et bienvenue! Franz\u00f6sisch ist eine wundersch\u00f6ne Sprache, die wir am GRG so lebendig\u00a0und lebensnah wie m\u00f6glich unterrichten wollen, entweder als 2. Fremdsprache ab der 6. Klasse oder als 3. Fremdsprache ab der 8. Klasse.\u00a0Auch in Zeiten von \u00dcbersetzungsapps bleibt es wichtig, eine Fremdsprache selbst zu lernen und sicher zu beherrschen \u2013 nur so sind echte Gespr\u00e4che, kulturelles Verst\u00e4ndnis und spontane Begegnungen m\u00f6glich.\u00a0Um diese\u00a0Ziele zu erreichen, tragen unter anderem die\u00a0beiden Sch\u00fcleraustausche mit unseren langj\u00e4hrigen Partnerschulen in La-Chaux-de-Fonds (CH) und Chamb\u00e9ry (F) in der 9. und 10. Klasse bei. Zudem besteht die M\u00f6glichkeit, am GRG das franz\u00f6sische Sprachdiplom DELF zu erwerben.\u00a0Die Grundlage bleibt aber nat\u00fcrlich ein Franz\u00f6sischunterricht, der die Freude an der franz\u00f6sischen Sprache und frankophonen Kultur f\u00f6rdert. A bient\u00f4t au GRG!<\/p>\n","protected":false},"excerpt":{"rendered":"<p>Bonjour et bienvenue! Franz\u00f6sisch ist eine wundersch\u00f6ne Sprache, die wir am GRG so lebendig\u00a0und lebensnah wie m\u00f6glich unterrichten wollen, entweder als 2. Fremdsprache ab der 6. Klasse oder als 3. Fremdsprache ab der 8. Klasse.\u00a0Auch in Zeiten von \u00dcbersetzungsapps bleibt es wichtig, eine Fremdsprache selbst zu lernen und sicher zu beherrschen \u2013 nur so sind [&hellip;]<\/p>\n","protected":false},"author":2,"featured_media":0,"parent":1491,"menu_order":0,"comment_status":"closed","ping_status":"closed","template":"","meta":{"footnotes":""},"class_list":["post-1606","page","type-page","status-publish","hentry"],"_links":{"self":[{"href":"https:\/\/home.graf-rasso-gymnasium.de\/home\/wp-json\/wp\/v2\/pages\/1606","targetHints":{"allow":["GET"]}}],"collection":[{"href":"https:\/\/home.graf-rasso-gymnasium.de\/home\/wp-json\/wp\/v2\/pages"}],"about":[{"href":"https:\/\/home.graf-rasso-gymnasium.de\/home\/wp-json\/wp\/v2\/types\/page"}],"author":[{"embeddable":true,"href":"https:\/\/home.graf-rasso-gymnasium.de\/home\/wp-json\/wp\/v2\/users\/2"}],"replies":[{"embeddable":true,"href":"https:\/\/home.graf-rasso-gymnasium.de\/home\/wp-json\/wp\/v2\/comments?post=1606"}],"version-history":[{"count":31,"href":"https:\/\/home.graf-rasso-gymnasium.de\/home\/wp-json\/wp\/v2\/pages\/1606\/revisions"}],"predecessor-version":[{"id":18527,"href":"https:\/\/home.graf-rasso-gymnasium.de\/home\/wp-json\/wp\/v2\/pages\/1606\/revisions\/18527"}],"up":[{"embeddable":true,"href":"https:\/\/home.graf-rasso-gymnasium.de\/home\/wp-json\/wp\/v2\/pages\/1491"}],"wp:attachment":[{"href":"https:\/\/home.graf-rasso-gymnasium.de\/home\/wp-json\/wp\/v2\/media?parent=1606"}],"curies":[{"name":"wp","href":"https:\/\/api.w.org\/{rel}","templated":true}]}}