{"id":1608,"date":"2013-07-22T11:33:30","date_gmt":"2013-07-22T09:33:30","guid":{"rendered":"https:\/\/home.graf-rasso-gymnasium.de\/home\/?page_id=1608"},"modified":"2026-01-17T14:46:49","modified_gmt":"2026-01-17T13:46:49","slug":"biologie","status":"publish","type":"page","link":"https:\/\/home.graf-rasso-gymnasium.de\/home\/faecher\/biologie\/","title":{"rendered":"Biologie"},"content":{"rendered":"\n<figure class=\"wp-block-image aligncenter size-full is-resized\"><a href=\"https:\/\/home.graf-rasso-gymnasium.de\/home\/files\/2013\/07\/2024-25\/2025_HP_Biologie_Foto-scaled.jpg\" target=\"_blank\" rel=\"noreferrer noopener\"><img loading=\"lazy\" decoding=\"async\" width=\"1920\" height=\"2560\" src=\"https:\/\/home.graf-rasso-gymnasium.de\/home\/files\/2013\/07\/2024-25\/2025_HP_Biologie_Foto-scaled.jpg\" alt=\"\" class=\"wp-image-18516\" style=\"width:585px;height:auto\" srcset=\"https:\/\/home.graf-rasso-gymnasium.de\/home\/files\/2013\/07\/2024-25\/2025_HP_Biologie_Foto-scaled.jpg 1920w, https:\/\/home.graf-rasso-gymnasium.de\/home\/files\/2013\/07\/2024-25\/2025_HP_Biologie_Foto-225x300.jpg 225w, https:\/\/home.graf-rasso-gymnasium.de\/home\/files\/2013\/07\/2024-25\/2025_HP_Biologie_Foto-768x1024.jpg 768w, https:\/\/home.graf-rasso-gymnasium.de\/home\/files\/2013\/07\/2024-25\/2025_HP_Biologie_Foto-1152x1536.jpg 1152w, https:\/\/home.graf-rasso-gymnasium.de\/home\/files\/2013\/07\/2024-25\/2025_HP_Biologie_Foto-1536x2048.jpg 1536w\" sizes=\"auto, (max-width: 1920px) 100vw, 1920px\" \/><\/a><\/figure>\n\n\n\n<p><strong>Alles B<\/strong><strong>IO<\/strong><strong> oder was?<\/strong><\/p>\n\n\n\n<p>BIOlebensmittel aus dem Supermarkt, BIOgasanlagen&nbsp;f\u00fcr die Energiegewinnung, BIOtechnologische Verfahren zum Nachweis von Erkrankungen oder einfach nur der Grundbaustein eines jeden Lebewesens: die Zelle. \u00dcberall steht nicht nur BIO drauf, sondern ist auch BIO drin. Da liegt es nahe, diese Ph\u00e4nomene auch im Unterricht zu beleuchten! Ob Pantoffeltierchen unter dem Mikroskop, oder die Linse eines Schweineauges, die Best\u00e4ubungsmechanismen auf einer Blumenwiese, oder das mit der mobilen K\u00fcche selbst gekochte Gericht: im Unterricht werden &#8211; sowohl in der Welt der kleinsten Teilchen als&nbsp;auch auf makroskopischer Ebene &#8211; stets der Alltagsbezug gesucht und wo m\u00f6glich praktisch gearbeitet.&nbsp;Durch&nbsp;zahlreiche Modelle und Versuche, sowie Expertenvortr\u00e4ge und Exkursionen ist ein abwechslungsreicher, attraktiver Unterricht am GRG m\u00f6glich, so dass es am Ende hoffentlich hei\u00dft: Bio? \u2013 logisch!<\/p>\n","protected":false},"excerpt":{"rendered":"<p>Alles BIO oder was? BIOlebensmittel aus dem Supermarkt, BIOgasanlagen&nbsp;f\u00fcr die Energiegewinnung, BIOtechnologische Verfahren zum Nachweis von Erkrankungen oder einfach nur der Grundbaustein eines jeden Lebewesens: die Zelle. \u00dcberall steht nicht nur BIO drauf, sondern ist auch BIO drin. Da liegt es nahe, diese Ph\u00e4nomene auch im Unterricht zu beleuchten! Ob Pantoffeltierchen unter dem Mikroskop, oder [&hellip;]<\/p>\n","protected":false},"author":18,"featured_media":0,"parent":1491,"menu_order":0,"comment_status":"closed","ping_status":"closed","template":"","meta":{"footnotes":""},"class_list":["post-1608","page","type-page","status-publish","hentry"],"_links":{"self":[{"href":"https:\/\/home.graf-rasso-gymnasium.de\/home\/wp-json\/wp\/v2\/pages\/1608","targetHints":{"allow":["GET"]}}],"collection":[{"href":"https:\/\/home.graf-rasso-gymnasium.de\/home\/wp-json\/wp\/v2\/pages"}],"about":[{"href":"https:\/\/home.graf-rasso-gymnasium.de\/home\/wp-json\/wp\/v2\/types\/page"}],"author":[{"embeddable":true,"href":"https:\/\/home.graf-rasso-gymnasium.de\/home\/wp-json\/wp\/v2\/users\/18"}],"replies":[{"embeddable":true,"href":"https:\/\/home.graf-rasso-gymnasium.de\/home\/wp-json\/wp\/v2\/comments?post=1608"}],"version-history":[{"count":46,"href":"https:\/\/home.graf-rasso-gymnasium.de\/home\/wp-json\/wp\/v2\/pages\/1608\/revisions"}],"predecessor-version":[{"id":18517,"href":"https:\/\/home.graf-rasso-gymnasium.de\/home\/wp-json\/wp\/v2\/pages\/1608\/revisions\/18517"}],"up":[{"embeddable":true,"href":"https:\/\/home.graf-rasso-gymnasium.de\/home\/wp-json\/wp\/v2\/pages\/1491"}],"wp:attachment":[{"href":"https:\/\/home.graf-rasso-gymnasium.de\/home\/wp-json\/wp\/v2\/media?parent=1608"}],"curies":[{"name":"wp","href":"https:\/\/api.w.org\/{rel}","templated":true}]}}