{"id":1627,"date":"2013-07-22T11:33:31","date_gmt":"2013-07-22T09:33:31","guid":{"rendered":"https:\/\/home.graf-rasso-gymnasium.de\/home\/?page_id=1627"},"modified":"2026-01-17T15:18:59","modified_gmt":"2026-01-17T14:18:59","slug":"wirtschaftrecht","status":"publish","type":"page","link":"https:\/\/home.graf-rasso-gymnasium.de\/home\/faecher\/wirtschaftrecht\/","title":{"rendered":"Wirtschaft\/Recht"},"content":{"rendered":"\n<figure class=\"wp-block-image aligncenter size-full is-resized\"><a href=\"https:\/\/home.graf-rasso-gymnasium.de\/home\/files\/2013\/07\/2024-25\/WiRe-Logo-GRG-2026.png\" target=\"_blank\" rel=\"noreferrer noopener\"><img loading=\"lazy\" decoding=\"async\" width=\"1024\" height=\"1024\" src=\"https:\/\/home.graf-rasso-gymnasium.de\/home\/files\/2013\/07\/2024-25\/WiRe-Logo-GRG-2026.png\" alt=\"\" class=\"wp-image-18474\" style=\"width:400px\" srcset=\"https:\/\/home.graf-rasso-gymnasium.de\/home\/files\/2013\/07\/2024-25\/WiRe-Logo-GRG-2026.png 1024w, https:\/\/home.graf-rasso-gymnasium.de\/home\/files\/2013\/07\/2024-25\/WiRe-Logo-GRG-2026-300x300.png 300w, https:\/\/home.graf-rasso-gymnasium.de\/home\/files\/2013\/07\/2024-25\/WiRe-Logo-GRG-2026-768x768.png 768w\" sizes=\"auto, (max-width: 1024px) 100vw, 1024px\" \/><\/a><\/figure>\n\n\n\n<p>Inflationsrate, Exporte, Staatsverschuldung \u2026 &#8211; t\u00e4glich erscheinen neue Meldungen aus dem Bereich der Wirtschaft! Das Fach Wirtschaft und Recht vermittelt unseren Sch\u00fclerinnen und Sch\u00fclern zentrale Kompetenzen f\u00fcr ein verantwortungsbewusstes Handeln in einer dynamischen Gesellschaft. Wenige, aber hochmotivierte Lehrkr\u00e4fte unterrichten das Fach in den Jahrgangsstufen 10-13.\u00a0In der Oberstufe bieten wir regelm\u00e4\u00dfig Leistungsf\u00e4cher und Seminare an und bei der Teilnahme am Projekt \u201eJunior\u201c gr\u00fcnden unsere Sch\u00fclerinnen und Sch\u00fcler erfolgreich Sch\u00fclerfirmen. Zus\u00e4tzlich st\u00e4rken Planspiele und Wettbewerbe die F\u00e4higkeit, Entscheidungen fundiert zu treffen. Durch enge Kooperationen mit lokalen Institutionen erhalten unsere Lernenden wertvolle Erfahrungen auch au\u00dferhalb des Unterrichts. So bereiten\u00a0wir optimal auf Studium, Beruf und gesellschaftliche Teilhabe vor.<\/p>\n","protected":false},"excerpt":{"rendered":"<p>Inflationsrate, Exporte, Staatsverschuldung \u2026 &#8211; t\u00e4glich erscheinen neue Meldungen aus dem Bereich der Wirtschaft! Das Fach Wirtschaft und Recht vermittelt unseren Sch\u00fclerinnen und Sch\u00fclern zentrale Kompetenzen f\u00fcr ein verantwortungsbewusstes Handeln in einer dynamischen Gesellschaft. Wenige, aber hochmotivierte Lehrkr\u00e4fte unterrichten das Fach in den Jahrgangsstufen 10-13.\u00a0In der Oberstufe bieten wir regelm\u00e4\u00dfig Leistungsf\u00e4cher und Seminare an und [&hellip;]<\/p>\n","protected":false},"author":18,"featured_media":0,"parent":1491,"menu_order":0,"comment_status":"closed","ping_status":"closed","template":"","meta":{"footnotes":""},"class_list":["post-1627","page","type-page","status-publish","hentry"],"_links":{"self":[{"href":"https:\/\/home.graf-rasso-gymnasium.de\/home\/wp-json\/wp\/v2\/pages\/1627","targetHints":{"allow":["GET"]}}],"collection":[{"href":"https:\/\/home.graf-rasso-gymnasium.de\/home\/wp-json\/wp\/v2\/pages"}],"about":[{"href":"https:\/\/home.graf-rasso-gymnasium.de\/home\/wp-json\/wp\/v2\/types\/page"}],"author":[{"embeddable":true,"href":"https:\/\/home.graf-rasso-gymnasium.de\/home\/wp-json\/wp\/v2\/users\/18"}],"replies":[{"embeddable":true,"href":"https:\/\/home.graf-rasso-gymnasium.de\/home\/wp-json\/wp\/v2\/comments?post=1627"}],"version-history":[{"count":15,"href":"https:\/\/home.graf-rasso-gymnasium.de\/home\/wp-json\/wp\/v2\/pages\/1627\/revisions"}],"predecessor-version":[{"id":18547,"href":"https:\/\/home.graf-rasso-gymnasium.de\/home\/wp-json\/wp\/v2\/pages\/1627\/revisions\/18547"}],"up":[{"embeddable":true,"href":"https:\/\/home.graf-rasso-gymnasium.de\/home\/wp-json\/wp\/v2\/pages\/1491"}],"wp:attachment":[{"href":"https:\/\/home.graf-rasso-gymnasium.de\/home\/wp-json\/wp\/v2\/media?parent=1627"}],"curies":[{"name":"wp","href":"https:\/\/api.w.org\/{rel}","templated":true}]}}