{"id":16350,"date":"2023-11-02T18:20:18","date_gmt":"2023-11-02T17:20:18","guid":{"rendered":"https:\/\/home.graf-rasso-gymnasium.de\/home\/?page_id=16350"},"modified":"2026-01-17T15:48:53","modified_gmt":"2026-01-17T14:48:53","slug":"schulfairbesserer","status":"publish","type":"page","link":"https:\/\/home.graf-rasso-gymnasium.de\/home\/unsere-schule\/wahlunterrichte\/schulfairbesserer\/","title":{"rendered":"SchulFAIRbesserer"},"content":{"rendered":"\n<figure class=\"wp-block-image aligncenter size-full is-resized\"><img loading=\"lazy\" decoding=\"async\" width=\"346\" height=\"233\" src=\"https:\/\/home.graf-rasso-gymnasium.de\/home\/files\/2023\/11\/2024-25\/schulfairbesserer1.png\" alt=\"\" class=\"wp-image-18555\" style=\"width:554px;height:auto\" srcset=\"https:\/\/home.graf-rasso-gymnasium.de\/home\/files\/2023\/11\/2024-25\/schulfairbesserer1.png 346w, https:\/\/home.graf-rasso-gymnasium.de\/home\/files\/2023\/11\/2024-25\/schulfairbesserer1-300x202.png 300w\" sizes=\"auto, (max-width: 346px) 100vw, 346px\" \/><\/figure>\n\n\n\n<p><strong>Was machen die SchulFAIRbesserer?<\/strong><br \/><\/p>\n\n\n\n<p>\u201eWir k\u00fcmmern uns an der Schule im Allgemeinen um ziemlich alles, was mit Nachhaltigkeit und Umweltschutz zu tun hat. Dazu geh\u00f6ren zum Beispiel die fairen Waffeln, die wir bei verschiedenen Events backen und verkaufen, die regional produzierten Schulhefte oder die Zusammenarbeit mit der AG Ackerdemie, wenn wir gemeinsame Projekte umsetzen. Sobald es also etwas zu tun gibt, sind wir dabei.\u201c<br \/>\u201eSch\u00f6n ist, dass wir so eng mit der Ackerdemie zusammenarbeiten. Vieles passt da ganz gut zusammen. Wenn wir auf dem Acker etwas ernten, k\u00f6nnen wir SchulFAIRbesserer auch bei der Verarbeitung helfen und die Produkte zum Beispiel am Weihnachtsbasar verkaufen.\u201c<br \/>\u201eIch denke, wir sind eine gro\u00dfe Gemeinschaft, die mit der Schule gut zusammenarbeitet. Auch wenn ich erst seit diesem Jahr dabei bin und der einzige Junge bin, f\u00fchle ich mich jetzt schon als Teil dieser Gemeinschaft und hoffe, dass wir noch viel bewirken k\u00f6nnen.\u201c<br \/>\u201eWir SchulFAIRbesserer versuchen, die Schule und ihre Gemeinschaft fairer und nachhaltiger zu gestalten.\u201c<br \/>\u201eWir sind auch f\u00fcr die Schulkleidung verantwortlich. Besonders viel Spa\u00df macht es, wenn die vielen gro\u00dfen Pakete ankommen und wir als Erste die neue Kleidung in den H\u00e4nden halten. Und dann hei\u00dft es mindestens eine Stunde unterrichtsfrei, weil wir die Pullis und T-Shirts jedem pers\u00f6nlich im Klassenzimmer \u00fcbergeben.\u201c<\/p>\n\n\n\n<figure class=\"wp-block-image aligncenter size-full is-resized\"><img loading=\"lazy\" decoding=\"async\" width=\"453\" height=\"340\" src=\"https:\/\/home.graf-rasso-gymnasium.de\/home\/files\/2023\/11\/2024-25\/schulfairbesserer2.jpg\" alt=\"\" class=\"wp-image-18557\" style=\"aspect-ratio:1.3323736227229943;width:552px;height:auto\" srcset=\"https:\/\/home.graf-rasso-gymnasium.de\/home\/files\/2023\/11\/2024-25\/schulfairbesserer2.jpg 453w, https:\/\/home.graf-rasso-gymnasium.de\/home\/files\/2023\/11\/2024-25\/schulfairbesserer2-300x225.jpg 300w\" sizes=\"auto, (max-width: 453px) 100vw, 453px\" \/><\/figure>\n\n\n\n<p><br \/>\u201eIch liebe unsere Waffeln. Inzwischen backen wir die schon richtig professionell. Und sie sind etwas ganz Besonderes: So leckere Waffeln mit Zutaten aus biologischem Anbau und m\u00f6glichst regional \u2013 das bekommt man nicht \u00fcberall!\u201c<br \/>\u201eWir haben so viele Ideen! Hoffentlich k\u00f6nnen wir noch vieles umsetzen.\u201c<br \/>\u201eBesonders toll finde ich unseren Kleiderkreisel. Erstens muss man endlich den eigenen Kleiderschrank ausr\u00e4umen, und zweitens gibt es so viele tolle neue Kleidungsst\u00fccke, die man einfach so mitnehmen darf, wenn sie einem gefallen. Wir sollten das eigentlich viel \u00f6fter machen!\u201c<\/p>\n","protected":false},"excerpt":{"rendered":"<p>Was machen die SchulFAIRbesserer? \u201eWir k\u00fcmmern uns an der Schule im Allgemeinen um ziemlich alles, was mit Nachhaltigkeit und Umweltschutz zu tun hat. Dazu geh\u00f6ren zum Beispiel die fairen Waffeln, die wir bei verschiedenen Events backen und verkaufen, die regional produzierten Schulhefte oder die Zusammenarbeit mit der AG Ackerdemie, wenn wir gemeinsame Projekte umsetzen. Sobald [&hellip;]<\/p>\n","protected":false},"author":18,"featured_media":0,"parent":8284,"menu_order":0,"comment_status":"closed","ping_status":"closed","template":"","meta":{"footnotes":""},"class_list":["post-16350","page","type-page","status-publish","hentry"],"_links":{"self":[{"href":"https:\/\/home.graf-rasso-gymnasium.de\/home\/wp-json\/wp\/v2\/pages\/16350","targetHints":{"allow":["GET"]}}],"collection":[{"href":"https:\/\/home.graf-rasso-gymnasium.de\/home\/wp-json\/wp\/v2\/pages"}],"about":[{"href":"https:\/\/home.graf-rasso-gymnasium.de\/home\/wp-json\/wp\/v2\/types\/page"}],"author":[{"embeddable":true,"href":"https:\/\/home.graf-rasso-gymnasium.de\/home\/wp-json\/wp\/v2\/users\/18"}],"replies":[{"embeddable":true,"href":"https:\/\/home.graf-rasso-gymnasium.de\/home\/wp-json\/wp\/v2\/comments?post=16350"}],"version-history":[{"count":6,"href":"https:\/\/home.graf-rasso-gymnasium.de\/home\/wp-json\/wp\/v2\/pages\/16350\/revisions"}],"predecessor-version":[{"id":18567,"href":"https:\/\/home.graf-rasso-gymnasium.de\/home\/wp-json\/wp\/v2\/pages\/16350\/revisions\/18567"}],"up":[{"embeddable":true,"href":"https:\/\/home.graf-rasso-gymnasium.de\/home\/wp-json\/wp\/v2\/pages\/8284"}],"wp:attachment":[{"href":"https:\/\/home.graf-rasso-gymnasium.de\/home\/wp-json\/wp\/v2\/media?parent=16350"}],"curies":[{"name":"wp","href":"https:\/\/api.w.org\/{rel}","templated":true}]}}