{"id":1636,"date":"2013-07-22T11:36:33","date_gmt":"2013-07-22T10:36:33","guid":{"rendered":"https:\/\/home.graf-rasso-gymnasium.de\/home\/?page_id=1636"},"modified":"2026-02-10T11:40:54","modified_gmt":"2026-02-10T10:40:54","slug":"geographie","status":"publish","type":"page","link":"https:\/\/home.graf-rasso-gymnasium.de\/home\/faecher\/geographie\/","title":{"rendered":"Geographie"},"content":{"rendered":"\n<figure class=\"wp-block-image aligncenter size-full is-resized\"><a href=\"https:\/\/home.graf-rasso-gymnasium.de\/home\/files\/2026\/02\/2024-25\/Geo.png\" target=\"_blank\" rel=\"noreferrer noopener\"><img loading=\"lazy\" decoding=\"async\" width=\"1024\" height=\"1024\" src=\"https:\/\/home.graf-rasso-gymnasium.de\/home\/files\/2026\/02\/2024-25\/Geo.png\" alt=\"\" class=\"wp-image-18656\" style=\"width:400px\" srcset=\"https:\/\/home.graf-rasso-gymnasium.de\/home\/files\/2026\/02\/2024-25\/Geo.png 1024w, https:\/\/home.graf-rasso-gymnasium.de\/home\/files\/2026\/02\/2024-25\/Geo-300x300.png 300w, https:\/\/home.graf-rasso-gymnasium.de\/home\/files\/2026\/02\/2024-25\/Geo-768x768.png 768w\" sizes=\"auto, (max-width: 1024px) 100vw, 1024px\" \/><\/a><\/figure>\n\n\n\n<p>Geographie zwischen \u201eStadt, Land, Fluss\u201c und dem Wissen, \u201ewas die Welt im Innersten zusammenh\u00e4lt\u201c<\/p>\n\n\n\n<p>Wer mit offenen Augen, Neugier im Herzen und Lust auf Abenteuer durch die Welt geht, sieht mehr als andere. Deshalb stellen wir in der Geographie viele Fragen und nutzen das Wissen aus vielen Bereichen, um diese zu untersuchen: Wer lebt wo und warum? Wie arbeiten die Menschen in einer Region und warum stehen da manchmal K\u00fche und manchmal nicht? Welche Voraussetzungen erf\u00fcllt der Naturraum, was geh\u00f6rt zur Kultur, welche Auswirkung hat mein Handeln auf meine Umwelt? Sind St\u00e4dte eigentlich alle gleich und wie sehen sie in Zukunft aus? Was hat mein Ausflug auf die Zugspitze mit H\u00f6henstufen im Gebirge zu tun? Wie entwickeln sich Bev\u00f6lkerungszahlen \u2013 und warum nicht \u00fcberall gleich? Wir gehen Dingen auf den Grund, gewinnen Erkenntnisse und entdecken Freude an umfassendem Allgemeinwissen und der unfassbaren Vielfalt auf unserem Planeten.<\/p>\n","protected":false},"excerpt":{"rendered":"<p>Geographie zwischen \u201eStadt, Land, Fluss\u201c und dem Wissen, \u201ewas die Welt im Innersten zusammenh\u00e4lt\u201c Wer mit offenen Augen, Neugier im Herzen und Lust auf Abenteuer durch die Welt geht, sieht mehr als andere. Deshalb stellen wir in der Geographie viele Fragen und nutzen das Wissen aus vielen Bereichen, um diese zu untersuchen: Wer lebt wo [&hellip;]<\/p>\n","protected":false},"author":18,"featured_media":0,"parent":1491,"menu_order":0,"comment_status":"closed","ping_status":"closed","template":"","meta":{"footnotes":""},"class_list":["post-1636","page","type-page","status-publish","hentry"],"_links":{"self":[{"href":"https:\/\/home.graf-rasso-gymnasium.de\/home\/wp-json\/wp\/v2\/pages\/1636","targetHints":{"allow":["GET"]}}],"collection":[{"href":"https:\/\/home.graf-rasso-gymnasium.de\/home\/wp-json\/wp\/v2\/pages"}],"about":[{"href":"https:\/\/home.graf-rasso-gymnasium.de\/home\/wp-json\/wp\/v2\/types\/page"}],"author":[{"embeddable":true,"href":"https:\/\/home.graf-rasso-gymnasium.de\/home\/wp-json\/wp\/v2\/users\/18"}],"replies":[{"embeddable":true,"href":"https:\/\/home.graf-rasso-gymnasium.de\/home\/wp-json\/wp\/v2\/comments?post=1636"}],"version-history":[{"count":21,"href":"https:\/\/home.graf-rasso-gymnasium.de\/home\/wp-json\/wp\/v2\/pages\/1636\/revisions"}],"predecessor-version":[{"id":18680,"href":"https:\/\/home.graf-rasso-gymnasium.de\/home\/wp-json\/wp\/v2\/pages\/1636\/revisions\/18680"}],"up":[{"embeddable":true,"href":"https:\/\/home.graf-rasso-gymnasium.de\/home\/wp-json\/wp\/v2\/pages\/1491"}],"wp:attachment":[{"href":"https:\/\/home.graf-rasso-gymnasium.de\/home\/wp-json\/wp\/v2\/media?parent=1636"}],"curies":[{"name":"wp","href":"https:\/\/api.w.org\/{rel}","templated":true}]}}