{"id":1642,"date":"2013-07-22T11:40:00","date_gmt":"2013-07-22T09:40:00","guid":{"rendered":"https:\/\/home.graf-rasso-gymnasium.de\/home\/?page_id=1642"},"modified":"2026-01-17T15:38:56","modified_gmt":"2026-01-17T14:38:56","slug":"smv-schulsanitaetsdienst","status":"publish","type":"page","link":"https:\/\/home.graf-rasso-gymnasium.de\/home\/unsere-schule\/wahlunterrichte\/smv-schulsanitaetsdienst\/","title":{"rendered":"Schulsanit\u00e4tsdienst"},"content":{"rendered":"\n<figure class=\"wp-block-image aligncenter size-large is-resized\"><img loading=\"lazy\" decoding=\"async\" width=\"1024\" height=\"768\" src=\"https:\/\/home.graf-rasso-gymnasium.de\/home\/files\/2013\/07\/2024-25\/WhatsApp-Image-2025-11-17-at-18.19.34-1024x768.jpeg\" alt=\"\" class=\"wp-image-18552\" style=\"width:957px;height:auto\" srcset=\"https:\/\/home.graf-rasso-gymnasium.de\/home\/files\/2013\/07\/2024-25\/WhatsApp-Image-2025-11-17-at-18.19.34-1024x768.jpeg 1024w, https:\/\/home.graf-rasso-gymnasium.de\/home\/files\/2013\/07\/2024-25\/WhatsApp-Image-2025-11-17-at-18.19.34-300x225.jpeg 300w, https:\/\/home.graf-rasso-gymnasium.de\/home\/files\/2013\/07\/2024-25\/WhatsApp-Image-2025-11-17-at-18.19.34-768x576.jpeg 768w, https:\/\/home.graf-rasso-gymnasium.de\/home\/files\/2013\/07\/2024-25\/WhatsApp-Image-2025-11-17-at-18.19.34-1536x1152.jpeg 1536w, https:\/\/home.graf-rasso-gymnasium.de\/home\/files\/2013\/07\/2024-25\/WhatsApp-Image-2025-11-17-at-18.19.34.jpeg 1600w\" sizes=\"auto, (max-width: 1024px) 100vw, 1024px\" \/><\/figure>\n\n\n\n<p><strong>Welcome to the \u201cSANI side of life\u201c<\/strong><\/p>\n\n\n\n<p>Aus den Jahrgangsstufen 9-13 finden sich jedes Jahr besonders hilfsbereite und engagierte junge Menschen im Wahlkurs Schulsanit\u00e4tsdienst zusammen, die sich \u2013 als Ersthelfer vom BRK ausgebildet \u2013 um verletzte bzw. erkrankte Sch\u00fclerinnen und Sch\u00fcler k\u00fcmmern. Bei den w\u00f6chentlich stattfindenden Treffen werden Eins\u00e4tze nachbesprochen und m\u00f6gliche Einsatzszenarien durchgespielt, um f\u00fcr den Ernstfall in und au\u00dferhalb der Schule bestens vorbereitet zu sein. Dazu geh\u00f6ren nat\u00fcrlich auch immer wieder Einheiten zur gezielten F\u00f6rderung von Zusammenarbeit, Vertrauen und Kommunikation innerhalb eines Teams sowie im Umgang mit Patienten.<\/p>\n","protected":false},"excerpt":{"rendered":"<p>Welcome to the \u201cSANI side of life\u201c Aus den Jahrgangsstufen 9-13 finden sich jedes Jahr besonders hilfsbereite und engagierte junge Menschen im Wahlkurs Schulsanit\u00e4tsdienst zusammen, die sich \u2013 als Ersthelfer vom BRK ausgebildet \u2013 um verletzte bzw. erkrankte Sch\u00fclerinnen und Sch\u00fcler k\u00fcmmern. Bei den w\u00f6chentlich stattfindenden Treffen werden Eins\u00e4tze nachbesprochen und m\u00f6gliche Einsatzszenarien durchgespielt, um [&hellip;]<\/p>\n","protected":false},"author":2,"featured_media":0,"parent":8284,"menu_order":5,"comment_status":"closed","ping_status":"closed","template":"","meta":{"footnotes":""},"class_list":["post-1642","page","type-page","status-publish","hentry"],"_links":{"self":[{"href":"https:\/\/home.graf-rasso-gymnasium.de\/home\/wp-json\/wp\/v2\/pages\/1642","targetHints":{"allow":["GET"]}}],"collection":[{"href":"https:\/\/home.graf-rasso-gymnasium.de\/home\/wp-json\/wp\/v2\/pages"}],"about":[{"href":"https:\/\/home.graf-rasso-gymnasium.de\/home\/wp-json\/wp\/v2\/types\/page"}],"author":[{"embeddable":true,"href":"https:\/\/home.graf-rasso-gymnasium.de\/home\/wp-json\/wp\/v2\/users\/2"}],"replies":[{"embeddable":true,"href":"https:\/\/home.graf-rasso-gymnasium.de\/home\/wp-json\/wp\/v2\/comments?post=1642"}],"version-history":[{"count":16,"href":"https:\/\/home.graf-rasso-gymnasium.de\/home\/wp-json\/wp\/v2\/pages\/1642\/revisions"}],"predecessor-version":[{"id":18553,"href":"https:\/\/home.graf-rasso-gymnasium.de\/home\/wp-json\/wp\/v2\/pages\/1642\/revisions\/18553"}],"up":[{"embeddable":true,"href":"https:\/\/home.graf-rasso-gymnasium.de\/home\/wp-json\/wp\/v2\/pages\/8284"}],"wp:attachment":[{"href":"https:\/\/home.graf-rasso-gymnasium.de\/home\/wp-json\/wp\/v2\/media?parent=1642"}],"curies":[{"name":"wp","href":"https:\/\/api.w.org\/{rel}","templated":true}]}}