{"id":16449,"date":"2023-12-08T15:41:11","date_gmt":"2023-12-08T14:41:11","guid":{"rendered":"https:\/\/home.graf-rasso-gymnasium.de\/home\/?page_id=16449"},"modified":"2024-05-02T17:38:18","modified_gmt":"2024-05-02T15:38:18","slug":"einschreibung-fuer-das-schuljahr-2024-25-von-zuhause-aus","status":"publish","type":"page","link":"https:\/\/home.graf-rasso-gymnasium.de\/home\/einschreibung-fuer-das-schuljahr-2024-25-von-zuhause-aus\/","title":{"rendered":"Einschreibung f\u00fcr das Schuljahr 2024\/25: von zuhause aus"},"content":{"rendered":"\n<h5 class=\"wp-block-heading\">Aufnahme in die Klasse 5 des Graf-Rasso-Gymnasiums<\/h5>\n\n\n\n<p>Sehr geehrte Eltern!<\/p>\n\n\n\n<p>Die Einschreibung f\u00fcr das Schuljahr 2024\/25 findet <strong>per Briefeinwurf\/Postversand<\/strong> statt. Sie werden gebeten, alle ben\u00f6tigten Unterlagen f\u00fcr die Anmeldung am Graf-Rasso-Gymnasium <strong>schriftlich <\/strong>einzureichen. <\/p>\n\n\n\n<p>Die Abgabe aller Unterlagen erfolgt bis <strong>Di. 07.05.2024<\/strong>, sp\u00e4testens bis Mi., 08.05.2024, 12 Uhr. Alle n\u00f6tigen Formulare gibt es weiter unter zum Download.<\/p>\n\n\n\n<p>Bitte stellen Sie f\u00fcr die Einschreibung einen Umschlag zusammen, in dem folgende Unterlagen enthalten sind:<\/p>\n\n\n\n<h5 class=\"wp-block-heading\">Zwingend notwendige Unterlagen <\/h5>\n\n\n\n<ul class=\"wp-block-list\">\n<li><strong>Anmeldebogen<\/strong> zur Einschreibung am GRG bitte ausf\u00fcllen und unterschreiben (steht weiter unten als pdf-Datei zum Download bereit)<\/li>\n\n\n\n<li><strong>\u00dcbertrittszeugnis<\/strong> im Original, verbleibt am Graf-Rasso-Gymnasium<br \/>(dies gilt nur f\u00fcr Sch\u00fclerinnen und Sch\u00fcler aus Klasse 4 einer staatlichen oder staatlich anerkannten Grundschule), oder<\/li>\n\n\n\n<li>Kopie des aktuellen <strong>Zwischenzeugnisses der 5. Klasse<\/strong> oder Information \u00fcber das Notenbild (dies gilt nur f\u00fcr Sch\u00fclerinnen und Sch\u00fcler der Klasse 5 einer staatlichen oder staatlich anerkannten Mittel- oder Realschule)<\/li>\n\n\n\n<li>Kopie der<strong> Geburtsurkunde<\/strong>, evtl. mit beglaubigter \u00dcbersetzung<\/li>\n\n\n\n<li>zwei <strong>Lichtbilder<\/strong> (Passfotos) f\u00fcr Sch\u00fclerausweis und evtl. MVG-Ausweis<\/li>\n\n\n\n<li>Kopie des <strong>Impfpasses<\/strong> (Vollzug des seit 01.03.2020 geltenden Masernschutzgesetzes)<\/li>\n<\/ul>\n\n\n\n<h5 class=\"wp-block-heading\">Optionale Unterlagen<\/h5>\n\n\n\n<ul class=\"wp-block-list\">\n<li>Antrag <strong>Kostenfreiheit des Schulwegs<\/strong> (LRA F\u00fcrstenfeldbruck) \u2013 nur falls Schulweg &gt; 3 km<\/li>\n\n\n\n<li>Antrag <strong>MVG IsarCardSchule<\/strong> &#8211; nur falls Schulweg &gt; 3 km und nicht Fahrrad benutzt wird bzw. zu Fu\u00df gegangen wird<\/li>\n\n\n\n<li>Antrag <strong>Schlie\u00dffach Rent-a-Box<\/strong><\/li>\n\n\n\n<li>Antrag <strong>Offene Ganztagsschule (oGTS)<\/strong> \u2013 Nachmittagsbetreuung ab 13 Uhr<br \/>(dazu zus\u00e4tzlich notwendig: Entbindung von der Verschwiegenheitspflicht)<\/li>\n\n\n\n<li>\u00c4rztliche Bescheinigung wegen <strong>LRS<\/strong> (<strong>Lese-Rechtschreib-St\u00f6rung<\/strong>) oder ggf. andere \u00e4rztliche Bescheinigung<\/li>\n<\/ul>\n\n\n\n<h5 class=\"wp-block-heading\">Abgabe der Unterlagen<\/h5>\n\n\n\n<p>Dieser Umschlag muss im Briefkasten des Graf-Rasso-Gymnasiums eingeworfen oder zugestellt sein bis<\/p>\n\n\n\n<p class=\"has-large-font-size\"><strong>Dienstag, 07.05.2024<\/strong>,<\/p>\n\n\n\n<p class=\"has-medium-font-size\">sp\u00e4tester Eingang Mittwoch, 08.05.2024, 12 Uhr.<\/p>\n\n\n\n<p>Falls Sie die Unterlagen nicht herunterladen und ausdrucken k\u00f6nnen, so k\u00f6nnen alle Formulare auch am Graf-Rasso-Gymnasium abgeholt werden. Sie stehen zur Abholung bereit ab Dienstag, 30.04.2024.<\/p>\n\n\n\n<p>Falls Sie R\u00fcckfragen haben, stehen wir Ihnen an den Einschreibetagen 07.\/08.05.2024 pers\u00f6nlich oder bis dahin auch telefonisch zur Verf\u00fcgung. Bitte lassen Sie sich \u00fcber 08141 6111-0 einen Telefontermin bei der Schulleitung geben.<\/p>\n\n\n\n<h5 class=\"wp-block-heading\">Formulare und Dokumente zum Download<\/h5>\n\n\n\n<p><a href=\"https:\/\/home.graf-rasso-gymnasium.de\/home\/files\/2024\/05\/2023-24\/Einschreibung-SJ-2024-25.zip\" target=\"_blank\" rel=\"noreferrer noopener\">S\u00e4mtliche Dokumente k\u00f6nnen Sie hier auf einmal als Zip-Datei herunterladen<\/a>.<\/p>\n\n\n\n<p>Alternativ stehen Ihnen im Folgenden alle ben\u00f6tigten Dokumente im Einzelnen zum Download bereit:<\/p>\n\n\n\n<ul class=\"wp-block-list\">\n<li><a href=\"https:\/\/home.graf-rasso-gymnasium.de\/home\/files\/2024\/03\/2023-24\/Einschreibung-Information-der-Eltern-SJ-2024-25-1.pdf\" target=\"_blank\" rel=\"noreferrer noopener\">Allgemeine Informationen zur Einschreibung Schuljahr 2024\/25<\/a><\/li>\n\n\n\n<li><a href=\"https:\/\/home.graf-rasso-gymnasium.de\/home\/files\/2023\/12\/2023-24\/Einschreibung-2024-Infoblatt-Eltern-Checkliste.pdf\" target=\"_blank\" rel=\"noreferrer noopener\">Notwendige Informationen zur Einschreibung Schuljahr 2024 (enth\u00e4lt die Informationen auf dieser Seite mit praktischer Checkliste)<\/a><\/li>\n<\/ul>\n\n\n\n<p><strong>Zwingend notwendige Unterlagen zur Einschreibung:<\/strong><\/p>\n\n\n\n<ul class=\"wp-block-list\">\n<li><a href=\"https:\/\/home.graf-rasso-gymnasium.de\/home\/files\/2023\/12\/2023-24\/Einschreibung-Anmeldebogen-2024.pdf\" target=\"_blank\" rel=\"noreferrer noopener\">Anmeldebogen zur Einschreibung am GRG<\/a><\/li>\n<\/ul>\n\n\n\n<p><strong>Weitere Formulare und Dokumente:<\/strong><\/p>\n\n\n\n<ul class=\"wp-block-list\">\n<li><a href=\"https:\/\/home.graf-rasso-gymnasium.de\/home\/files\/2023\/12\/2023-24\/2024-Masernschutzgesetz-Elterninformation-02-2020.pdf\" target=\"_blank\" rel=\"noreferrer noopener\">Masernschutzgesetz Elterninformation Feb 2020<\/a><\/li>\n\n\n\n<li><a href=\"https:\/\/home.graf-rasso-gymnasium.de\/home\/files\/2023\/12\/2023-24\/Anleitung-Impfpassueberpruefung.pdf\" target=\"_blank\" rel=\"noreferrer noopener\">Anleitung Impfpass\u00fcberpr\u00fcfung<\/a><\/li>\n\n\n\n<li><a href=\"https:\/\/home.graf-rasso-gymnasium.de\/home\/files\/2023\/12\/2023-24\/MVG-Bestellschein-IsarCardSchule.pdf\" target=\"_blank\" rel=\"noreferrer noopener\">MVG Bestellschein IsarCardSchule<\/a><\/li>\n\n\n\n<li><a href=\"https:\/\/home.graf-rasso-gymnasium.de\/home\/files\/2024\/02\/2023-24\/Kostenfreiheit-des-Schulweges-V2.pdf\" target=\"_blank\" rel=\"noreferrer noopener\">Infoblatt: MVV Kostenfreiheit des Schulwegs<\/a><\/li>\n\n\n\n<li><a href=\"https:\/\/home.graf-rasso-gymnasium.de\/home\/files\/2024\/03\/2023-24\/GRG-Vormerkung-Schliessfaecher-Oelert-24-25.pdf\" target=\"_blank\" rel=\"noreferrer noopener\">Antrag: Schlie\u00dffach-Rent-a-Box<\/a><\/li>\n\n\n\n<li><a href=\"https:\/\/home.graf-rasso-gymnasium.de\/home\/files\/2023\/12\/2023-24\/Anmeldung-fuer-die-offene-Ganztagsschule_2024_25.pdf\" target=\"_blank\" rel=\"noreferrer noopener\">oGTS: Anmeldung f\u00fcr die Offene Ganztagsschule am GRG<\/a><\/li>\n\n\n\n<li><a href=\"https:\/\/home.graf-rasso-gymnasium.de\/home\/files\/2023\/12\/2023-24\/Erklaerung-Entbindung-Verschwiegenheitspflicht-OGTS.pdf\" target=\"_blank\" rel=\"noreferrer noopener\">oGTS: Entbindung Verschwiegenheitspflicht<\/a><\/li>\n\n\n\n<li><a href=\"https:\/\/home.graf-rasso-gymnasium.de\/home\/files\/2024\/01\/2023-24\/Flyer-oGts-2024-25.pdf\" target=\"_blank\" rel=\"noreferrer noopener\">oGTS: Info-Flyer<\/a><\/li>\n\n\n\n<li><a href=\"https:\/\/home.graf-rasso-gymnasium.de\/home\/files\/2024\/02\/2023-24\/FAQ-Offene-Ganztagsschule-am-GRG-24-25.pdf\" target=\"_blank\" rel=\"noreferrer noopener\">oGTS: FAQ<\/a><\/li>\n<\/ul>\n\n\n\n<h5 class=\"wp-block-heading\">Probeunterricht f\u00fcr den \u00dcbertritt in die 5. Klasse<\/h5>\n\n\n\n<ul class=\"wp-block-list\">\n<li>Probeunterricht findet auf Antrag statt f\u00fcr Sch\u00fclerinnen und Sch\u00fcler staatlicher oder staatlich anerkannter Grundschulen (4. Klasse) ohne gymnasialen Eignungsvermerk im \u00dcbertrittszeugnis und f\u00fcr Sch\u00fclerinnen und Sch\u00fcler staatlich genehmigter Grundschulen (Rudolf-Steiner, Montessori, etc.)<\/li>\n\n\n\n<li>Der Probeunterricht f\u00fcr beide Gymnasien findet dieses Schuljahr am Viscardi Gymnasium statt. Termin Probeunterricht:<strong> Di. 14.05. \u2013 Do. 16.05.2024,<\/strong> Treffpunkt 8 Uhr in der Aula Viscardi Gymnasium.<\/li>\n\n\n\n<li><a href=\"https:\/\/home.graf-rasso-gymnasium.de\/home\/files\/2023\/12\/2023-24\/Probeunterricht-2024-Infoblatt-Eltern.pdf\" target=\"_blank\" rel=\"noreferrer noopener\">Elterninformationen zum Probeunterricht 2024<\/a>.<\/li>\n\n\n\n<li>Informationen des Kultusministeriums:<br \/><a href=\"http:\/\/www.km.bayern.de\/ministerium\/schule-und-ausbildung\/schularten\/gymnasium.html\" target=\"_blank\" rel=\"noreferrer noopener\">http:\/\/www.km.bayern.de\/ministerium\/schule-und-ausbildung\/schularten\/gymnasium.html<\/a><\/li>\n<\/ul>\n\n\n\n<p>Der Probeunterricht ist bestanden und damit die Aufnahme in das Gymnasium m\u00f6glich, falls in einem Fach mindestens die Note 3 und im anderen Fach mindestens die Note 4 erzielt wurde (bei 2 x Note 4: Antrag der Eltern m\u00f6glich), siehe auch das pdf-Dokument mit Elterninformationen zum Probeunterricht 2024. <\/p>\n\n\n\n<h5 class=\"wp-block-heading\">Voranmeldung f\u00fcr Sch\u00fcler und Sch\u00fclerinnen der 5. Klasse Real- oder Mittelschule (mit Zwischenzeugnis)<\/h5>\n\n\n\n<ul class=\"wp-block-list\">\n<li>Diese Voranmeldung findet zeitgleich mit der Einschreibung statt, also schriftlich bis zum 07.05.2024, sp\u00e4testens bis zum 08.05.2024, 12 Uhr.<\/li>\n\n\n\n<li>Die Entscheidung \u00fcber die Aufnahme erfolgt dann mit dem Jahreszeugnis am letzten Schultag 26.07.2024 bis 14 Uhr oder in den ersten Sommerferientagen 29.\/30.07.2024, 10 \u2013 12 Uhr (Sekretariat GRG).<\/li>\n\n\n\n<li>Bedingungen f\u00fcr den \u00dcbertritt:<br \/><a href=\"http:\/\/www.km.bayern.de\/ministerium\/schule-und-ausbildung\/schularten\/uebertritt-schulartwechsel.html\" target=\"_blank\" rel=\"noreferrer noopener\">http:\/\/www.km.bayern.de\/ministerium\/schule-und-ausbildung\/schularten\/uebertritt-schulartwechsel.html<\/a><\/li>\n<\/ul>\n\n\n\n<p>Wir freuen uns auf unsere neuen Sch\u00fclerinnen und Sch\u00fcler!<\/p>\n\n\n\n<p>Jan Wolthuis<br \/>StD, Schulleiter GRG<\/p>\n","protected":false},"excerpt":{"rendered":"<p>Aufnahme in die Klasse 5 des Graf-Rasso-Gymnasiums Sehr geehrte Eltern! Die Einschreibung f\u00fcr das Schuljahr 2024\/25 findet per Briefeinwurf\/Postversand statt. Sie werden gebeten, alle ben\u00f6tigten Unterlagen f\u00fcr die Anmeldung am Graf-Rasso-Gymnasium schriftlich einzureichen. Die Abgabe aller Unterlagen erfolgt bis Di. 07.05.2024, sp\u00e4testens bis Mi., 08.05.2024, 12 Uhr. Alle n\u00f6tigen Formulare gibt es weiter unter zum [&hellip;]<\/p>\n","protected":false},"author":18,"featured_media":0,"parent":0,"menu_order":0,"comment_status":"closed","ping_status":"closed","template":"","meta":{"footnotes":""},"class_list":["post-16449","page","type-page","status-publish","hentry"],"_links":{"self":[{"href":"https:\/\/home.graf-rasso-gymnasium.de\/home\/wp-json\/wp\/v2\/pages\/16449","targetHints":{"allow":["GET"]}}],"collection":[{"href":"https:\/\/home.graf-rasso-gymnasium.de\/home\/wp-json\/wp\/v2\/pages"}],"about":[{"href":"https:\/\/home.graf-rasso-gymnasium.de\/home\/wp-json\/wp\/v2\/types\/page"}],"author":[{"embeddable":true,"href":"https:\/\/home.graf-rasso-gymnasium.de\/home\/wp-json\/wp\/v2\/users\/18"}],"replies":[{"embeddable":true,"href":"https:\/\/home.graf-rasso-gymnasium.de\/home\/wp-json\/wp\/v2\/comments?post=16449"}],"version-history":[{"count":27,"href":"https:\/\/home.graf-rasso-gymnasium.de\/home\/wp-json\/wp\/v2\/pages\/16449\/revisions"}],"predecessor-version":[{"id":17121,"href":"https:\/\/home.graf-rasso-gymnasium.de\/home\/wp-json\/wp\/v2\/pages\/16449\/revisions\/17121"}],"wp:attachment":[{"href":"https:\/\/home.graf-rasso-gymnasium.de\/home\/wp-json\/wp\/v2\/media?parent=16449"}],"curies":[{"name":"wp","href":"https:\/\/api.w.org\/{rel}","templated":true}]}}