{"id":18277,"date":"2025-12-19T07:48:24","date_gmt":"2025-12-19T06:48:24","guid":{"rendered":"https:\/\/home.graf-rasso-gymnasium.de\/home\/?page_id=18277"},"modified":"2026-01-09T07:08:58","modified_gmt":"2026-01-09T06:08:58","slug":"p-seminar-wirtschaft-2025-26","status":"publish","type":"page","link":"https:\/\/home.graf-rasso-gymnasium.de\/home\/p-seminar-wirtschaft-2025-26\/","title":{"rendered":"P-Seminar Wirtschaft 2025\/26"},"content":{"rendered":"\n<figure class=\"wp-block-image aligncenter size-large is-resized\"><img loading=\"lazy\" decoding=\"async\" width=\"604\" height=\"1024\" src=\"https:\/\/home.graf-rasso-gymnasium.de\/home\/files\/2025\/12\/2024-25\/P-Seminar-604x1024.png\" alt=\"\" class=\"wp-image-18278\" style=\"aspect-ratio:0.5898776478197596;width:254px;height:auto\" srcset=\"https:\/\/home.graf-rasso-gymnasium.de\/home\/files\/2025\/12\/2024-25\/P-Seminar-604x1024.png 604w, https:\/\/home.graf-rasso-gymnasium.de\/home\/files\/2025\/12\/2024-25\/P-Seminar-177x300.png 177w, https:\/\/home.graf-rasso-gymnasium.de\/home\/files\/2025\/12\/2024-25\/P-Seminar-768x1301.png 768w, https:\/\/home.graf-rasso-gymnasium.de\/home\/files\/2025\/12\/2024-25\/P-Seminar.png 776w\" sizes=\"auto, (max-width: 604px) 100vw, 604px\" \/><\/figure>\n\n\n\n<p>Unsere Juniorfirma GRGelato besteht aus mehreren Teams, die gemeinsam an einer richtig coolen Idee arbeiten: unserem eigenen Schul-Eis! <\/p>\n\n\n\n<p>Den Anfang macht unsere Produktion: David Meyer, der Abteilungsleiter, mit seinem Team bestehend aus: Julian Karlstetter, Benjamin Hering, Robert Meyer und Robert Junghardt. Sie k\u00fcmmern sich darum, dass unser Eis \u00fcberhaupt entsteht. Gemeinsam mit der Eisdiele Fellini entwickeln sie eine Sorte, die perfekt zu unserer Schule passt. Welche Geschmacksrichtung es wird? Das entscheidet ihr! <\/p>\n\n\n\n<p>Die Sch\u00fcler*innen des GRGs stimmen dar\u00fcber ab und das Gewinner-Eis gibt es dann sowohl direkt bei Fellini als auch bei uns am GRG zu kaufen. <\/p>\n\n\n\n<p>Unser Marketingteam: die Abteilungsleiterin Eva Lessman mit ihrem Team bestehend aus Viola Rottiers und Jannika Ochs sorgt daf\u00fcr, dass jeder von unserem GRGelato erf\u00e4hrt. \u00dcber unsere Website bringen sie das Eis an die Leute und lassen keine Gelegenheit aus, unser Projekt kreativ in Szene zu setzen. <\/p>\n\n\n\n<p>In der Verwaltung arbeiten Leni Reischmann als Abteilungsleiterin und Delphine Reif. Sie behalten den \u00dcberblick \u00fcber alles, was im Hintergrund passiert: Personal, Organisation, Protokolle und Zusatzangebote. Wenn jemand Kontakt zu unserer Juniorfirma aufnimmt, ist die Verwaltung die erste Anlaufstelle und hilft dabei, jedes Anliegen an die richtige Stelle weiterzuleiten. Erreichbar sind sie unter <a href=\"mailto:grgelato.info@gmail.com\">grgelato.info@gmail.com<\/a>. <\/p>\n\n\n\n<p>Das Team Finanzen besteht aus dem Abteilungsleiter Fabian Ivanjko und Emilian Meichsner. Sie sorgen daf\u00fcr, dass wir finanziell den \u00dcberblick behalten. Sie koordinieren Einnahmen und Ausgaben und verwalten unser Startkapital, das wir durch Anteilsscheine im Wert von 10 \u20ac sammeln. <\/p>\n\n\n\n<p>Geleitet wird das Ganze von unserem Vorstand, bestehend aus Helin Zara Wei\u00dfe und Lena Bayreuther. Sie halten alles zusammen, f\u00fchren die w\u00f6chentlichen Meetings und sind das Bindeglied zwischen Abteilungen, Schulleitung und externen Partnern. <\/p>\n\n\n\n<p>Gemeinsam arbeiten wir daran, GRGelato zu einem besonderen Schulprojekt zu machen \u2013 organisiert, kreativ &amp; vor allem lecker.<\/p>\n","protected":false},"excerpt":{"rendered":"<p>Unsere Juniorfirma GRGelato besteht aus mehreren Teams, die gemeinsam an einer richtig coolen Idee arbeiten: unserem eigenen Schul-Eis! Den Anfang macht unsere Produktion: David Meyer, der Abteilungsleiter, mit seinem Team bestehend aus: Julian Karlstetter, Benjamin Hering, Robert Meyer und Robert Junghardt. Sie k\u00fcmmern sich darum, dass unser Eis \u00fcberhaupt entsteht. Gemeinsam mit der Eisdiele Fellini [&hellip;]<\/p>\n","protected":false},"author":20,"featured_media":0,"parent":0,"menu_order":0,"comment_status":"closed","ping_status":"closed","template":"","meta":{"footnotes":""},"class_list":["post-18277","page","type-page","status-publish","hentry"],"_links":{"self":[{"href":"https:\/\/home.graf-rasso-gymnasium.de\/home\/wp-json\/wp\/v2\/pages\/18277","targetHints":{"allow":["GET"]}}],"collection":[{"href":"https:\/\/home.graf-rasso-gymnasium.de\/home\/wp-json\/wp\/v2\/pages"}],"about":[{"href":"https:\/\/home.graf-rasso-gymnasium.de\/home\/wp-json\/wp\/v2\/types\/page"}],"author":[{"embeddable":true,"href":"https:\/\/home.graf-rasso-gymnasium.de\/home\/wp-json\/wp\/v2\/users\/20"}],"replies":[{"embeddable":true,"href":"https:\/\/home.graf-rasso-gymnasium.de\/home\/wp-json\/wp\/v2\/comments?post=18277"}],"version-history":[{"count":3,"href":"https:\/\/home.graf-rasso-gymnasium.de\/home\/wp-json\/wp\/v2\/pages\/18277\/revisions"}],"predecessor-version":[{"id":18351,"href":"https:\/\/home.graf-rasso-gymnasium.de\/home\/wp-json\/wp\/v2\/pages\/18277\/revisions\/18351"}],"wp:attachment":[{"href":"https:\/\/home.graf-rasso-gymnasium.de\/home\/wp-json\/wp\/v2\/media?parent=18277"}],"curies":[{"name":"wp","href":"https:\/\/api.w.org\/{rel}","templated":true}]}}