{"id":18449,"date":"2026-01-17T13:12:34","date_gmt":"2026-01-17T12:12:34","guid":{"rendered":"https:\/\/home.graf-rasso-gymnasium.de\/home\/?page_id=18449"},"modified":"2026-01-17T13:12:34","modified_gmt":"2026-01-17T12:12:34","slug":"sekretariat","status":"publish","type":"page","link":"https:\/\/home.graf-rasso-gymnasium.de\/home\/sekretariat\/","title":{"rendered":"Sekretariat"},"content":{"rendered":"\n<figure class=\"wp-block-image aligncenter size-large\"><img loading=\"lazy\" decoding=\"async\" width=\"1024\" height=\"682\" src=\"https:\/\/home.graf-rasso-gymnasium.de\/home\/files\/2026\/01\/2024-25\/2025-11-19_GRG-Sekretariat_07_web-1024x682.jpg\" alt=\"\" class=\"wp-image-18450\" srcset=\"https:\/\/home.graf-rasso-gymnasium.de\/home\/files\/2026\/01\/2024-25\/2025-11-19_GRG-Sekretariat_07_web-1024x682.jpg 1024w, https:\/\/home.graf-rasso-gymnasium.de\/home\/files\/2026\/01\/2024-25\/2025-11-19_GRG-Sekretariat_07_web-300x200.jpg 300w, https:\/\/home.graf-rasso-gymnasium.de\/home\/files\/2026\/01\/2024-25\/2025-11-19_GRG-Sekretariat_07_web-768x512.jpg 768w, https:\/\/home.graf-rasso-gymnasium.de\/home\/files\/2026\/01\/2024-25\/2025-11-19_GRG-Sekretariat_07_web-1536x1023.jpg 1536w, https:\/\/home.graf-rasso-gymnasium.de\/home\/files\/2026\/01\/2024-25\/2025-11-19_GRG-Sekretariat_07_web.jpg 2048w\" sizes=\"auto, (max-width: 1024px) 100vw, 1024px\" \/><\/figure>\n\n\n\n<p>Das Sekretariat ist Anlaufstelle f\u00fcr alle Sch\u00fcler, Lehrkr\u00e4fte und Eltern.\u00a0Hier werden allt\u00e4gliche Sch\u00fclerangelegenheiten behandelt. So z\u00e4hlen zu den Aufgaben die Verwaltung der Sch\u00fclerakten, die Entgegennahme von Krankmeldungen oder die organisatorische Begleitung von Sch\u00fcleraufnahmen und der Einschreibung der neuen f\u00fcnften Klassen. \u00a0Zudem k\u00fcmmern sich die hier t\u00e4tigen Verwaltungsangestellten um den E-Mail-Verkehr sowie den Posteingang. Sie unterst\u00fctzen die Schulleitung bei der Organisation des Abiturs, der Verwaltung der Personalakten sowie im Bereich der Finanzen. Sie sind u.a. auch f\u00fcr die Datenpflege in der Allgemeinen Schulsoftware, das Archiv, Materialeink\u00e4ufe, Unfallmeldungen und Zeugnisangelegenheiten verantwortlich.<\/p>\n","protected":false},"excerpt":{"rendered":"<p>Das Sekretariat ist Anlaufstelle f\u00fcr alle Sch\u00fcler, Lehrkr\u00e4fte und Eltern.\u00a0Hier werden allt\u00e4gliche Sch\u00fclerangelegenheiten behandelt. So z\u00e4hlen zu den Aufgaben die Verwaltung der Sch\u00fclerakten, die Entgegennahme von Krankmeldungen oder die organisatorische Begleitung von Sch\u00fcleraufnahmen und der Einschreibung der neuen f\u00fcnften Klassen. \u00a0Zudem k\u00fcmmern sich die hier t\u00e4tigen Verwaltungsangestellten um den E-Mail-Verkehr sowie den Posteingang. Sie unterst\u00fctzen [&hellip;]<\/p>\n","protected":false},"author":20,"featured_media":0,"parent":0,"menu_order":0,"comment_status":"closed","ping_status":"closed","template":"","meta":{"footnotes":""},"class_list":["post-18449","page","type-page","status-publish","hentry"],"_links":{"self":[{"href":"https:\/\/home.graf-rasso-gymnasium.de\/home\/wp-json\/wp\/v2\/pages\/18449","targetHints":{"allow":["GET"]}}],"collection":[{"href":"https:\/\/home.graf-rasso-gymnasium.de\/home\/wp-json\/wp\/v2\/pages"}],"about":[{"href":"https:\/\/home.graf-rasso-gymnasium.de\/home\/wp-json\/wp\/v2\/types\/page"}],"author":[{"embeddable":true,"href":"https:\/\/home.graf-rasso-gymnasium.de\/home\/wp-json\/wp\/v2\/users\/20"}],"replies":[{"embeddable":true,"href":"https:\/\/home.graf-rasso-gymnasium.de\/home\/wp-json\/wp\/v2\/comments?post=18449"}],"version-history":[{"count":1,"href":"https:\/\/home.graf-rasso-gymnasium.de\/home\/wp-json\/wp\/v2\/pages\/18449\/revisions"}],"predecessor-version":[{"id":18451,"href":"https:\/\/home.graf-rasso-gymnasium.de\/home\/wp-json\/wp\/v2\/pages\/18449\/revisions\/18451"}],"wp:attachment":[{"href":"https:\/\/home.graf-rasso-gymnasium.de\/home\/wp-json\/wp\/v2\/media?parent=18449"}],"curies":[{"name":"wp","href":"https:\/\/api.w.org\/{rel}","templated":true}]}}