{"id":18452,"date":"2026-01-17T13:14:49","date_gmt":"2026-01-17T12:14:49","guid":{"rendered":"https:\/\/home.graf-rasso-gymnasium.de\/home\/?page_id=18452"},"modified":"2026-01-17T13:14:49","modified_gmt":"2026-01-17T12:14:49","slug":"hausmeister","status":"publish","type":"page","link":"https:\/\/home.graf-rasso-gymnasium.de\/home\/hausmeister\/","title":{"rendered":"Hausmeister"},"content":{"rendered":"\n<p>Die Hausmeister sind Ansprechpartner f\u00fcr alle Fragen rund um unser sch\u00f6nes Geb\u00e4ude.\u00a0 Sie helfen bei Veranstaltungen mit,\u00a0k\u00fcmmern sich um Probleme in den R\u00e4umen und Klassenzimmern, koordinieren zusammen mit dem Sachaufwandstr\u00e4ger alle im Haus stattfindenden Handwerkerarbeiten sowie die Reinigung des Hauses und die M\u00fcllentsorgung. Sie sorgen f\u00fcr einen reibungslosen Zugang in das Geb\u00e4ude\u00a0und beheben kleinere Defekte, die im Alltag auftreten.<\/p>\n","protected":false},"excerpt":{"rendered":"<p>Die Hausmeister sind Ansprechpartner f\u00fcr alle Fragen rund um unser sch\u00f6nes Geb\u00e4ude.\u00a0 Sie helfen bei Veranstaltungen mit,\u00a0k\u00fcmmern sich um Probleme in den R\u00e4umen und Klassenzimmern, koordinieren zusammen mit dem Sachaufwandstr\u00e4ger alle im Haus stattfindenden Handwerkerarbeiten sowie die Reinigung des Hauses und die M\u00fcllentsorgung. Sie sorgen f\u00fcr einen reibungslosen Zugang in das Geb\u00e4ude\u00a0und beheben kleinere Defekte, [&hellip;]<\/p>\n","protected":false},"author":20,"featured_media":0,"parent":0,"menu_order":0,"comment_status":"closed","ping_status":"closed","template":"","meta":{"footnotes":""},"class_list":["post-18452","page","type-page","status-publish","hentry"],"_links":{"self":[{"href":"https:\/\/home.graf-rasso-gymnasium.de\/home\/wp-json\/wp\/v2\/pages\/18452","targetHints":{"allow":["GET"]}}],"collection":[{"href":"https:\/\/home.graf-rasso-gymnasium.de\/home\/wp-json\/wp\/v2\/pages"}],"about":[{"href":"https:\/\/home.graf-rasso-gymnasium.de\/home\/wp-json\/wp\/v2\/types\/page"}],"author":[{"embeddable":true,"href":"https:\/\/home.graf-rasso-gymnasium.de\/home\/wp-json\/wp\/v2\/users\/20"}],"replies":[{"embeddable":true,"href":"https:\/\/home.graf-rasso-gymnasium.de\/home\/wp-json\/wp\/v2\/comments?post=18452"}],"version-history":[{"count":1,"href":"https:\/\/home.graf-rasso-gymnasium.de\/home\/wp-json\/wp\/v2\/pages\/18452\/revisions"}],"predecessor-version":[{"id":18453,"href":"https:\/\/home.graf-rasso-gymnasium.de\/home\/wp-json\/wp\/v2\/pages\/18452\/revisions\/18453"}],"wp:attachment":[{"href":"https:\/\/home.graf-rasso-gymnasium.de\/home\/wp-json\/wp\/v2\/media?parent=18452"}],"curies":[{"name":"wp","href":"https:\/\/api.w.org\/{rel}","templated":true}]}}