{"id":18565,"date":"2026-01-17T15:48:57","date_gmt":"2026-01-17T14:48:57","guid":{"rendered":"https:\/\/home.graf-rasso-gymnasium.de\/home\/?page_id=18565"},"modified":"2026-01-30T15:41:29","modified_gmt":"2026-01-30T14:41:29","slug":"umweltschule-2","status":"publish","type":"page","link":"https:\/\/home.graf-rasso-gymnasium.de\/home\/umweltschule-2\/","title":{"rendered":"BNE"},"content":{"rendered":"\n<figure class=\"wp-block-image aligncenter size-large\"><img loading=\"lazy\" decoding=\"async\" width=\"1024\" height=\"683\" src=\"https:\/\/home.graf-rasso-gymnasium.de\/home\/files\/2023\/11\/2024-25\/DSC08287-1024x683.jpg\" alt=\"\" class=\"wp-image-18559\" srcset=\"https:\/\/home.graf-rasso-gymnasium.de\/home\/files\/2023\/11\/2024-25\/DSC08287-1024x683.jpg 1024w, https:\/\/home.graf-rasso-gymnasium.de\/home\/files\/2023\/11\/2024-25\/DSC08287-300x200.jpg 300w, https:\/\/home.graf-rasso-gymnasium.de\/home\/files\/2023\/11\/2024-25\/DSC08287-768x512.jpg 768w, https:\/\/home.graf-rasso-gymnasium.de\/home\/files\/2023\/11\/2024-25\/DSC08287-1536x1024.jpg 1536w, https:\/\/home.graf-rasso-gymnasium.de\/home\/files\/2023\/11\/2024-25\/DSC08287-2048x1365.jpg 2048w\" sizes=\"auto, (max-width: 1024px) 100vw, 1024px\" \/><\/figure>\n\n\n\n<p>Wir freuen wir uns sehr, dass sich das Graf-Rasso-Gymnasium erneut erfolgreich als Umweltschule in Europa bewerben konnte und daf\u00fcr die h\u00f6chste Auszeichnung mit drei Sternen erhalten hat.<\/p>\n\n\n\n<p>Danke an alle, die hierzu beigetragen haben und tagt\u00e4glich mithelfen, unsere Schule St\u00fcck um St\u00fcck nachhaltiger zu gestalten.<\/p>\n\n\n\n<p>Wir blicken gespannt auf weitere interessante Projekte \u2013 und freuen uns \u00fcber jede tatkr\u00e4ftige Unterst\u00fctzung!<\/p>\n\n\n\n<figure class=\"wp-block-image aligncenter size-full is-resized\"><img loading=\"lazy\" decoding=\"async\" width=\"1000\" height=\"998\" src=\"https:\/\/home.graf-rasso-gymnasium.de\/home\/files\/2023\/11\/2023-24\/eco-schools_rgb_germany.jpg\" alt=\"\" class=\"wp-image-16353\" style=\"width:200px\" srcset=\"https:\/\/home.graf-rasso-gymnasium.de\/home\/files\/2023\/11\/2023-24\/eco-schools_rgb_germany.jpg 1000w, https:\/\/home.graf-rasso-gymnasium.de\/home\/files\/2023\/11\/2023-24\/eco-schools_rgb_germany-300x300.jpg 300w, https:\/\/home.graf-rasso-gymnasium.de\/home\/files\/2023\/11\/2023-24\/eco-schools_rgb_germany-768x766.jpg 768w\" sizes=\"auto, (max-width: 1000px) 100vw, 1000px\" \/><\/figure>\n","protected":false},"excerpt":{"rendered":"<p>Wir freuen wir uns sehr, dass sich das Graf-Rasso-Gymnasium erneut erfolgreich als Umweltschule in Europa bewerben konnte und daf\u00fcr die h\u00f6chste Auszeichnung mit drei Sternen erhalten hat. Danke an alle, die hierzu beigetragen haben und tagt\u00e4glich mithelfen, unsere Schule St\u00fcck um St\u00fcck nachhaltiger zu gestalten. Wir blicken gespannt auf weitere interessante Projekte \u2013 und freuen [&hellip;]<\/p>\n","protected":false},"author":20,"featured_media":0,"parent":0,"menu_order":0,"comment_status":"closed","ping_status":"closed","template":"","meta":{"footnotes":""},"class_list":["post-18565","page","type-page","status-publish","hentry"],"_links":{"self":[{"href":"https:\/\/home.graf-rasso-gymnasium.de\/home\/wp-json\/wp\/v2\/pages\/18565","targetHints":{"allow":["GET"]}}],"collection":[{"href":"https:\/\/home.graf-rasso-gymnasium.de\/home\/wp-json\/wp\/v2\/pages"}],"about":[{"href":"https:\/\/home.graf-rasso-gymnasium.de\/home\/wp-json\/wp\/v2\/types\/page"}],"author":[{"embeddable":true,"href":"https:\/\/home.graf-rasso-gymnasium.de\/home\/wp-json\/wp\/v2\/users\/20"}],"replies":[{"embeddable":true,"href":"https:\/\/home.graf-rasso-gymnasium.de\/home\/wp-json\/wp\/v2\/comments?post=18565"}],"version-history":[{"count":3,"href":"https:\/\/home.graf-rasso-gymnasium.de\/home\/wp-json\/wp\/v2\/pages\/18565\/revisions"}],"predecessor-version":[{"id":18632,"href":"https:\/\/home.graf-rasso-gymnasium.de\/home\/wp-json\/wp\/v2\/pages\/18565\/revisions\/18632"}],"wp:attachment":[{"href":"https:\/\/home.graf-rasso-gymnasium.de\/home\/wp-json\/wp\/v2\/media?parent=18565"}],"curies":[{"name":"wp","href":"https:\/\/api.w.org\/{rel}","templated":true}]}}