{"id":18627,"date":"2026-01-30T15:38:52","date_gmt":"2026-01-30T14:38:52","guid":{"rendered":"https:\/\/home.graf-rasso-gymnasium.de\/home\/?page_id=18627"},"modified":"2026-01-30T15:43:59","modified_gmt":"2026-01-30T14:43:59","slug":"willkommen-3","status":"publish","type":"page","link":"https:\/\/home.graf-rasso-gymnasium.de\/home\/willkommen-3\/","title":{"rendered":"Willkommen"},"content":{"rendered":"\n<p><h3>Herzlich Willkommen auf unserer Homepage!<\/h3><\/p>\n\n\n\n<p>Wir freuen uns \u00fcber Ihr Interesse an unserer Schule. Das Graf-Rasso-Gymnasium liegt als eines von sieben Gymnasien im Landkreis am s\u00fcd\u00f6stlichen Stadtrand von F\u00fcrstenfeldbruck und wir bilden zusammen mit der FOS\/BOS ein Schulzentrum.<\/p>\n\n\n\n<p>Unsere Schule soll in der heutigen Zeit ein Ort der Stabilit\u00e4t und der Orientierung sein und unser Ziel ist es, jedem Einzelnen eine positive Lernumgebung zu bieten, in welcher auf der einen Seite der Wissens- und Kompetenzerwerb, auf der anderen Seite Wertevermittlung, Neugier und ein wertsch\u00e4tzender Umgang untereinander im Mittelpunkt des schulischen Lebens und Arbeitens stehen<strong>.<\/strong><\/p>\n\n\n\n<p>Wir sehen unsere Aufgabe darin, unsere Sch\u00fclerinnen und Sch\u00fcler auf ihrem Weg zu begleiten und eine vertiefte Allgemeinbildung zu vermitteln. Gleichzeitig ist uns ein lebendiges und vielf\u00e4ltiges Schulleben wichtig.<\/p>\n\n\n\n<p>Wichtige Bausteine unserer (t\u00e4glichen) p\u00e4dagogischen Arbeit sind u.a.:<\/p>\n\n\n\n<ul class=\"wp-block-list\">\n<li>ein gemeinsames Qualit\u00e4tsverst\u00e4ndnis von gutem Unterricht, auch in digitaler Hinsicht<\/li>\n\n\n\n<li>das Doppelstunden- und Fachraumprinzip<\/li>\n\n\n\n<li>die Eigenverantwortung der Sch\u00fclerinnen und Sch\u00fcler<\/li>\n\n\n\n<li>ein schl\u00fcssiges Leistungserhebungskonzept<\/li>\n\n\n\n<li>die Teilnahme an Wettbewerben und ein bereicherndes F\u00f6rderprogramm<\/li>\n\n\n\n<li>die Kooperation mit au\u00dferschulischen Partnern im Bereich der Universit\u00e4ten, Unternehmen und verschiedener Institutionen<\/li>\n\n\n\n<li>ein durchdachtes Fahrtenkonzept<\/li>\n\n\n\n<li>ein breites Wahlunterrichtsangebot<\/li>\n<\/ul>\n\n\n\n<p>Eine gelingende Kommunikation mit klaren und transparenten Strukturen stellen dabei die Grundlage f\u00fcr unsere Zusammenarbeit innerhalb der Schulgemeinschaft dar. Weitere Informationen zu speziellen Schwerpunkten finden Sie auf den Seiten zu unseren Ausbildungsrichtungen, zur Bildung f\u00fcr nachhaltige Entwicklung (BNE) oder auch zur Digitalen Schule der Zukunft.<\/p>\n","protected":false},"excerpt":{"rendered":"<p>Herzlich Willkommen auf unserer Homepage! Wir freuen uns \u00fcber Ihr Interesse an unserer Schule. Das Graf-Rasso-Gymnasium liegt als eines von sieben Gymnasien im Landkreis am s\u00fcd\u00f6stlichen Stadtrand von F\u00fcrstenfeldbruck und wir bilden zusammen mit der FOS\/BOS ein Schulzentrum. Unsere Schule soll in der heutigen Zeit ein Ort der Stabilit\u00e4t und der Orientierung sein und unser [&hellip;]<\/p>\n","protected":false},"author":20,"featured_media":0,"parent":0,"menu_order":0,"comment_status":"closed","ping_status":"closed","template":"","meta":{"footnotes":""},"class_list":["post-18627","page","type-page","status-publish","hentry"],"_links":{"self":[{"href":"https:\/\/home.graf-rasso-gymnasium.de\/home\/wp-json\/wp\/v2\/pages\/18627","targetHints":{"allow":["GET"]}}],"collection":[{"href":"https:\/\/home.graf-rasso-gymnasium.de\/home\/wp-json\/wp\/v2\/pages"}],"about":[{"href":"https:\/\/home.graf-rasso-gymnasium.de\/home\/wp-json\/wp\/v2\/types\/page"}],"author":[{"embeddable":true,"href":"https:\/\/home.graf-rasso-gymnasium.de\/home\/wp-json\/wp\/v2\/users\/20"}],"replies":[{"embeddable":true,"href":"https:\/\/home.graf-rasso-gymnasium.de\/home\/wp-json\/wp\/v2\/comments?post=18627"}],"version-history":[{"count":3,"href":"https:\/\/home.graf-rasso-gymnasium.de\/home\/wp-json\/wp\/v2\/pages\/18627\/revisions"}],"predecessor-version":[{"id":18634,"href":"https:\/\/home.graf-rasso-gymnasium.de\/home\/wp-json\/wp\/v2\/pages\/18627\/revisions\/18634"}],"wp:attachment":[{"href":"https:\/\/home.graf-rasso-gymnasium.de\/home\/wp-json\/wp\/v2\/media?parent=18627"}],"curies":[{"name":"wp","href":"https:\/\/api.w.org\/{rel}","templated":true}]}}