{"id":1874,"date":"2013-07-22T14:36:58","date_gmt":"2013-07-22T12:36:58","guid":{"rendered":"https:\/\/home.graf-rasso-gymnasium.de\/home\/?page_id=1874"},"modified":"2024-10-27T22:25:45","modified_gmt":"2024-10-27T21:25:45","slug":"elternbeirat","status":"publish","type":"page","link":"https:\/\/home.graf-rasso-gymnasium.de\/home\/unsere-schule\/elternbeirat\/","title":{"rendered":"Elternbeirat"},"content":{"rendered":"<p><strong>Herzlich willkommen auf der Seite des Elternbeirats!<\/strong><\/p>\n<p>Im Oktober 2024 wurde der Elternbeirat neu gew\u00e4hlt. Wir bedanken uns f\u00fcr das Vertrauen, das Sie uns damit entgegen bringen und freuen uns auf zwei ereignisreiche Schuljahre und einen regen Austausch innerhalb der Schulfamilie.<\/p>\n<p><img loading=\"lazy\" decoding=\"async\" class=\"aligncenter wp-image-17496 size-full\" src=\"https:\/\/home.graf-rasso-gymnasium.de\/home\/files\/2024\/10\/2024-25\/EB-2024-2026_HP.jpg\" alt=\"\" width=\"1000\" height=\"1500\" srcset=\"https:\/\/home.graf-rasso-gymnasium.de\/home\/files\/2024\/10\/2024-25\/EB-2024-2026_HP.jpg 1000w, https:\/\/home.graf-rasso-gymnasium.de\/home\/files\/2024\/10\/2024-25\/EB-2024-2026_HP-200x300.jpg 200w, https:\/\/home.graf-rasso-gymnasium.de\/home\/files\/2024\/10\/2024-25\/EB-2024-2026_HP-683x1024.jpg 683w, https:\/\/home.graf-rasso-gymnasium.de\/home\/files\/2024\/10\/2024-25\/EB-2024-2026_HP-768x1152.jpg 768w\" sizes=\"auto, (max-width: 1000px) 100vw, 1000px\" \/><\/p>\n<p>Der Elternbeirat vertritt die Belange der Eltern bei der Zusammenarbeit zwischen Schulleitung, Lehrkr\u00e4ften, Eltern und Sch\u00fclerInnen.<\/p>\n<p><strong>Das sind die Aufgaben des Elternbeirats:<\/strong><\/p>\n<ul>\n<li>Vertretung der Elterninteressen gegen\u00fcber der Schulleitung<\/li>\n<li>Regelm\u00e4\u00dfige Elternbeiratsitzungen, zusammen mit Mitgliedern der Schulleitung und zweimal im Jahr mit den KlassenelternsprecherInnen<\/li>\n<li>Regelm\u00e4\u00dfige Treffen der Elternbeir\u00e4te der Landkreisgymnasien<\/li>\n<li>Regelm\u00e4\u00dfige Treffen des Schulforums (Lehrervertreter, SMV, Elternbeiratsvertreter)<\/li>\n<li>Mitgliedschaft in der Landes Eltern Vereinigung Bayern (LEV); hier werden schulpolitische Themen diskutiert<\/li>\n<li>Information der Sch\u00fclerInnen und Eltern \u00fcber interessante Themen und Veranstaltungen (Elternbriefe, Homepage)<\/li>\n<li>Tatkr\u00e4ftige Mithilfe bei Veranstaltungen<\/li>\n<\/ul>\n<p><strong>W\u00fcnsche, Anregungen, Fragen? Wir freuen uns \u00fcber Ihre Nachricht:<\/strong><\/p>\n<ul>\n<li>per E-Mail an: <a href=\"mailto:eb-grg@gmx.de\">eb-grg@gmx.de<\/a><\/li>\n<li>einzelne <a href=\"\/home\/2018\/10\/mitglieder-des-elternbeirates-2018-2020\/\">Mitglieder des Elternbeirats<\/a>.<\/li>\n<\/ul>\n<p><strong>Aktuelle Beitr\u00e4ge:<\/strong><\/p>\n<p><u>Elternbeiratswahl 2024-2026<\/u><\/p>\n<p>Die Wahl fand in diesem Jahr erstmals als Online-Wahl statt. Die zugrundeliegende Wahlordnung f\u00fcr die Elternbeiratswahl finden Sie hier:<\/p>\n<p><a href=\"https:\/\/home.graf-rasso-gymnasium.de\/home\/files\/2024\/09\/2024-25\/2024_WAHLORDNUNG_final-HP.pdf\" data-wplink-edit=\"true\">2024_WAHLORDNUNG_final &#8211; HP<\/a><\/p>\n<p>\u00a0<\/p>\n\n\n<p><\/p>\n","protected":false},"excerpt":{"rendered":"<p>Herzlich willkommen auf der Seite des Elternbeirats! Im Oktober 2024 wurde der Elternbeirat neu gew\u00e4hlt. Wir bedanken uns f\u00fcr das Vertrauen, das Sie uns damit entgegen bringen und freuen uns auf zwei ereignisreiche Schuljahre und einen regen Austausch innerhalb der Schulfamilie. Der Elternbeirat vertritt die Belange der Eltern bei der Zusammenarbeit zwischen Schulleitung, Lehrkr\u00e4ften, Eltern [&hellip;]<\/p>\n","protected":false},"author":2,"featured_media":0,"parent":1653,"menu_order":4,"comment_status":"closed","ping_status":"closed","template":"","meta":{"footnotes":""},"class_list":["post-1874","page","type-page","status-publish","hentry"],"_links":{"self":[{"href":"https:\/\/home.graf-rasso-gymnasium.de\/home\/wp-json\/wp\/v2\/pages\/1874","targetHints":{"allow":["GET"]}}],"collection":[{"href":"https:\/\/home.graf-rasso-gymnasium.de\/home\/wp-json\/wp\/v2\/pages"}],"about":[{"href":"https:\/\/home.graf-rasso-gymnasium.de\/home\/wp-json\/wp\/v2\/types\/page"}],"author":[{"embeddable":true,"href":"https:\/\/home.graf-rasso-gymnasium.de\/home\/wp-json\/wp\/v2\/users\/2"}],"replies":[{"embeddable":true,"href":"https:\/\/home.graf-rasso-gymnasium.de\/home\/wp-json\/wp\/v2\/comments?post=1874"}],"version-history":[{"count":61,"href":"https:\/\/home.graf-rasso-gymnasium.de\/home\/wp-json\/wp\/v2\/pages\/1874\/revisions"}],"predecessor-version":[{"id":17526,"href":"https:\/\/home.graf-rasso-gymnasium.de\/home\/wp-json\/wp\/v2\/pages\/1874\/revisions\/17526"}],"up":[{"embeddable":true,"href":"https:\/\/home.graf-rasso-gymnasium.de\/home\/wp-json\/wp\/v2\/pages\/1653"}],"wp:attachment":[{"href":"https:\/\/home.graf-rasso-gymnasium.de\/home\/wp-json\/wp\/v2\/media?parent=1874"}],"curies":[{"name":"wp","href":"https:\/\/api.w.org\/{rel}","templated":true}]}}