{"id":18908,"date":"2026-04-15T10:54:08","date_gmt":"2026-04-15T08:54:08","guid":{"rendered":"https:\/\/home.graf-rasso-gymnasium.de\/home\/?page_id=18908"},"modified":"2026-04-15T10:54:08","modified_gmt":"2026-04-15T08:54:08","slug":"tutoren","status":"publish","type":"page","link":"https:\/\/home.graf-rasso-gymnasium.de\/home\/tutoren\/","title":{"rendered":"Tutoren"},"content":{"rendered":"\n<figure class=\"wp-block-image aligncenter size-full is-resized\"><img loading=\"lazy\" decoding=\"async\" width=\"470\" height=\"303\" src=\"https:\/\/home.graf-rasso-gymnasium.de\/home\/files\/2026\/04\/2024-25\/image-1.png\" alt=\"\" class=\"wp-image-18909\" style=\"width:582px;height:auto\" srcset=\"https:\/\/home.graf-rasso-gymnasium.de\/home\/files\/2026\/04\/2024-25\/image-1.png 470w, https:\/\/home.graf-rasso-gymnasium.de\/home\/files\/2026\/04\/2024-25\/image-1-300x193.png 300w\" sizes=\"auto, (max-width: 470px) 100vw, 470px\" \/><figcaption class=\"wp-element-caption\">Spielenachmittag auf dem Schulgel\u00e4nde<\/figcaption><\/figure>\n\n\n\n<p><strong>Die Tutoren am GRG \u2013 ein Team mit viel Herz und noch mehr Geduld!<\/strong><\/p>\n\n\n\n<p>Gleich am ersten Schultag der F\u00fcnftkl\u00e4ssler beginnt das pers\u00f6nliche Unterst\u00fctzungsprogramm unserer Kleinsten: In den ersten Schulwochen bieten unsere Tutoren einen Abholservice an und lotsen die F\u00fcnftkl\u00e4ssler ins richtige Klassenzimmer.<\/p>\n\n\n\n<p>Doch das ist nur der Anfang: Weitere Aufgaben der Tutoren sind die Planung, Organisation und Durchf\u00fchrung verschiedener Aktionen wie die Begleitung der F\u00fcnftkl\u00e4ssler bei der Schulhausrallye, die Mitorganisation der Kennenlerntage, die Organisation von Bastel-\/Spiele-\/Kino- und Ackernachmittagen. Dabei werden sie Vertraute, Freunde und Ansprechpartner f\u00fcr unsere Kleinsten.<\/p>\n\n\n\n<p>\u201eTutor sein\u201d ist eine herausfordernde und verantwortungsvolle Aufgabe. Daher findet jedes Jahr eine zweit\u00e4gige Schulung der Tutoren durch den KJR statt.<\/p>\n\n\n\n<p>Auch die Tutoren selbst profitieren von ihrer T\u00e4tigkeit. Sie erhalten durch ihr soziales Engagement Anerkennung und erwerben Kompetenzen wie Verantwortungsbewusstsein, Teamf\u00e4higkeit und Toleranzbereitschaft, die heute zu den Schl\u00fcsselqualifikationen z\u00e4hlen. Tutoren gestalten das Schulleben aktiv mit, treten in Kommunikation mit anderen Sch\u00fclern, Lehrkr\u00e4ften, Direktorat und Eltern.<br \/>Wie wunderbar, dass sich jedes Jahr wieder junge Menschen finden, die all diese Aufgaben ehrenamtlich \u00fcbernehmen \u2013 trotz Lernstress, Pubert\u00e4t und Handy!<\/p>\n","protected":false},"excerpt":{"rendered":"<p>Die Tutoren am GRG \u2013 ein Team mit viel Herz und noch mehr Geduld! Gleich am ersten Schultag der F\u00fcnftkl\u00e4ssler beginnt das pers\u00f6nliche Unterst\u00fctzungsprogramm unserer Kleinsten: In den ersten Schulwochen bieten unsere Tutoren einen Abholservice an und lotsen die F\u00fcnftkl\u00e4ssler ins richtige Klassenzimmer. Doch das ist nur der Anfang: Weitere Aufgaben der Tutoren sind die [&hellip;]<\/p>\n","protected":false},"author":20,"featured_media":0,"parent":0,"menu_order":0,"comment_status":"closed","ping_status":"closed","template":"","meta":{"footnotes":""},"class_list":["post-18908","page","type-page","status-publish","hentry"],"_links":{"self":[{"href":"https:\/\/home.graf-rasso-gymnasium.de\/home\/wp-json\/wp\/v2\/pages\/18908","targetHints":{"allow":["GET"]}}],"collection":[{"href":"https:\/\/home.graf-rasso-gymnasium.de\/home\/wp-json\/wp\/v2\/pages"}],"about":[{"href":"https:\/\/home.graf-rasso-gymnasium.de\/home\/wp-json\/wp\/v2\/types\/page"}],"author":[{"embeddable":true,"href":"https:\/\/home.graf-rasso-gymnasium.de\/home\/wp-json\/wp\/v2\/users\/20"}],"replies":[{"embeddable":true,"href":"https:\/\/home.graf-rasso-gymnasium.de\/home\/wp-json\/wp\/v2\/comments?post=18908"}],"version-history":[{"count":1,"href":"https:\/\/home.graf-rasso-gymnasium.de\/home\/wp-json\/wp\/v2\/pages\/18908\/revisions"}],"predecessor-version":[{"id":18910,"href":"https:\/\/home.graf-rasso-gymnasium.de\/home\/wp-json\/wp\/v2\/pages\/18908\/revisions\/18910"}],"wp:attachment":[{"href":"https:\/\/home.graf-rasso-gymnasium.de\/home\/wp-json\/wp\/v2\/media?parent=18908"}],"curies":[{"name":"wp","href":"https:\/\/api.w.org\/{rel}","templated":true}]}}