{"id":18911,"date":"2026-04-15T10:56:01","date_gmt":"2026-04-15T08:56:01","guid":{"rendered":"https:\/\/home.graf-rasso-gymnasium.de\/home\/?page_id=18911"},"modified":"2026-04-15T10:56:14","modified_gmt":"2026-04-15T08:56:14","slug":"streitschlichter","status":"publish","type":"page","link":"https:\/\/home.graf-rasso-gymnasium.de\/home\/streitschlichter\/","title":{"rendered":"Streitschlichter"},"content":{"rendered":"\n<figure class=\"wp-block-image aligncenter size-full is-resized\"><img loading=\"lazy\" decoding=\"async\" width=\"246\" height=\"300\" src=\"https:\/\/home.graf-rasso-gymnasium.de\/home\/files\/2026\/04\/2024-25\/Bild1.jpg\" alt=\"\" class=\"wp-image-18912\" style=\"width:324px;height:auto\"\/><\/figure>\n\n\n\n<p><strong>Richtig streiten \u2013 sch\u00f6ner streiten!<\/strong><\/p>\n\n\n\n<p>Gerade der Lebensraum Schule ist pr\u00e4destiniert f\u00fcr das Auftreten von Konflikten, da viele Menschen mit unterschiedlichen Standpunkten aufeinandertreffen. Die M\u00f6glichkeit der&nbsp;<strong>konstruktiven Konfliktl\u00f6sung<\/strong>&nbsp;mit Hilfe eines Streitschlichterprogramms f\u00f6rdert die Sozialkompetenz von Sch\u00fclerinnen und Sch\u00fclern. Lernen sie doch hier, dass genaues Zuh\u00f6ren und Nachfragen oftmals mehr zur L\u00f6sung eines Konflikts beitr\u00e4gt als ein Schimpfwort oder gar ein k\u00f6rperlicher Angriff. Auch die klassische Aufteilung in Gut und B\u00f6se wird an dieser Stelle hinterfragt. Der Fingerzeig auf den vermeintlich eindeutigen Schuldigen ist so beliebt, weil man Konflikte so schnell beendet \u2013 aber eben nicht l\u00f6st. Die Realit\u00e4t pr\u00e4sentiert sich jedoch oft nicht in Schwarz und Wei\u00df, sondern in Graut\u00f6nen.<\/p>\n\n\n\n<p>In diesem Schuljahr stehen zehn Sch\u00fclerinnen und Sch\u00fcler zur Verf\u00fcgung! Nach ersten Theorieeinheiten, praktischen \u00dcbungen und einem Workshop durch einen externen Coach m\u00f6chten sie m\u00f6glichst vielen anderen Sch\u00fclern und Sch\u00fclerinnen vermitteln, dass richtig Streiten gelernt sein will!<\/p>\n\n\n\n<p>Die Streitschlichtung steht allen Sch\u00fclerinnen und Sch\u00fclern offen, die Hilfe bei Konflikten mit Freunden und Freundinnen ben\u00f6tigen. Sie wird aber auch bewusst von Lehrkr\u00e4ften eingesetzt, die erkennen, dass eine schulische Ma\u00dfnahme zwar darauf hinweist, dass das gezeigte Verhalten nicht in Ordnung ist, den Kern des Problems jedoch nicht behandelt.<\/p>\n\n\n\n<p>Wenn Sch\u00fclerinnen und Sch\u00fcler eine Streitschlichtung ben\u00f6tigen, k\u00f6nnen sie sich an eine Lehrkraft ihres Vertrauens wenden, sich in den Pausen bei der Lehrkraft Laura Fehr melden, eine Streitschlichtung via Email (<a href=\"mailto:laura.fehr@schule.bayern.de\">laura.fehr@schule.bayern.de<\/a>) anfragen oder einfach einen Zettel mit den wichtigsten Informationen in den Streitschlichter-Briefkasten im B-Trakt werfen.<\/p>\n\n\n\n<p>Die Streitschlichtung selbst wird von Sch\u00fclerinnen und Sch\u00fclern durchgef\u00fchrt, die das Geh\u00f6rte vertraulich behandeln.<\/p>\n\n\n\n<p>Konflikte sind ein normaler Bestandteil des menschlichen Zusammenlebens, also keine Angst vor Konflikten! Meldet euch gerne bei uns.<\/p>\n","protected":false},"excerpt":{"rendered":"<p>Richtig streiten \u2013 sch\u00f6ner streiten! Gerade der Lebensraum Schule ist pr\u00e4destiniert f\u00fcr das Auftreten von Konflikten, da viele Menschen mit unterschiedlichen Standpunkten aufeinandertreffen. Die M\u00f6glichkeit der&nbsp;konstruktiven Konfliktl\u00f6sung&nbsp;mit Hilfe eines Streitschlichterprogramms f\u00f6rdert die Sozialkompetenz von Sch\u00fclerinnen und Sch\u00fclern. Lernen sie doch hier, dass genaues Zuh\u00f6ren und Nachfragen oftmals mehr zur L\u00f6sung eines Konflikts beitr\u00e4gt als ein [&hellip;]<\/p>\n","protected":false},"author":20,"featured_media":0,"parent":0,"menu_order":0,"comment_status":"closed","ping_status":"closed","template":"","meta":{"footnotes":""},"class_list":["post-18911","page","type-page","status-publish","hentry"],"_links":{"self":[{"href":"https:\/\/home.graf-rasso-gymnasium.de\/home\/wp-json\/wp\/v2\/pages\/18911","targetHints":{"allow":["GET"]}}],"collection":[{"href":"https:\/\/home.graf-rasso-gymnasium.de\/home\/wp-json\/wp\/v2\/pages"}],"about":[{"href":"https:\/\/home.graf-rasso-gymnasium.de\/home\/wp-json\/wp\/v2\/types\/page"}],"author":[{"embeddable":true,"href":"https:\/\/home.graf-rasso-gymnasium.de\/home\/wp-json\/wp\/v2\/users\/20"}],"replies":[{"embeddable":true,"href":"https:\/\/home.graf-rasso-gymnasium.de\/home\/wp-json\/wp\/v2\/comments?post=18911"}],"version-history":[{"count":2,"href":"https:\/\/home.graf-rasso-gymnasium.de\/home\/wp-json\/wp\/v2\/pages\/18911\/revisions"}],"predecessor-version":[{"id":18914,"href":"https:\/\/home.graf-rasso-gymnasium.de\/home\/wp-json\/wp\/v2\/pages\/18911\/revisions\/18914"}],"wp:attachment":[{"href":"https:\/\/home.graf-rasso-gymnasium.de\/home\/wp-json\/wp\/v2\/media?parent=18911"}],"curies":[{"name":"wp","href":"https:\/\/api.w.org\/{rel}","templated":true}]}}