{"id":3750,"date":"2013-11-06T13:35:12","date_gmt":"2013-11-06T12:35:12","guid":{"rendered":"https:\/\/home.graf-rasso-gymnasium.de\/home\/?page_id=3750"},"modified":"2026-01-17T15:54:10","modified_gmt":"2026-01-17T14:54:10","slug":"individuelle-foerderung","status":"publish","type":"page","link":"https:\/\/home.graf-rasso-gymnasium.de\/home\/unsere-schule\/weiteres\/individuelle-foerderung\/","title":{"rendered":"Individuelle F\u00f6rderung"},"content":{"rendered":"<h3>Individuelle F\u00f6rderung in der Mittelstufe<\/h3>\n<p><strong>Liebe Eltern und liebe Sch\u00fclerinnen und Sch\u00fcler der 8., 9. und 10. Jahrgangsstufen,<\/strong><\/p>\n<p>das GRG bietet Mittelstufensch\u00fclern der Jahrgangsstufen 8, 9 und 10 ein F\u00f6rderprogramm zur Individuellen F\u00f6rderung an, zus\u00e4tzlich gibt es ein Angebot zum individuellen Lerncoaching. Einige Sch\u00fcler, bei denen die Lehrkr\u00e4fte des GRG F\u00f6rderbedarf sehen, werden zu einem 1. verpflichtenden Termin eingeladen. Die weitere Belegung ist jedoch freiwillig; sie erfolgt grunds\u00e4tzlich durch die Eltern.<\/p>\n<ul>\n<li>In den abiturrelevanten F\u00e4chern Deutsch, Mathematik und allen drei Fremdsprachen bieten wir \u00fcber den Lehrplan hinaus Grundwissensauffrischungen, \u00dcbungseinheiten zur Festigung der f\u00e4cherrelevanten Kompetenzen, Konversationstraining in den Fremdsprachen oder Einzelcoaching an.<\/li>\n<li>Die M\u00f6glichkeiten variieren von der Einzel- bis zur Gruppenbetreuung. Wir bieten bewusst verschiedene Verfahren an, um f\u00fcr jedes Fach und f\u00fcr jede Lernsituation das Angebot zu machen, das den gr\u00f6\u00dften Erfolg verspricht.<\/li>\n<li>Das Ziel dieser Individuellen F\u00f6rderangebote ist es, die unterschiedlichen Bed\u00fcrfnisse unserer Sch\u00fclerinnen und Sch\u00fcler, die ihre schulischen Leistungen verbessern wollen, besser zu ber\u00fccksichtigen. Das erfordert allerdings auch einen zus\u00e4tzlichen Zeiteinsatz und zus\u00e4tzliche Leistungsbereitschaft von Seiten der (freiwilligen, aber nach Anmeldung: verbindlichen) Teilnehmer.<\/li>\n<li>Die Evaluation des letzten Schuljahres ergab eine deutliche Verbesserung oder zumindest Stabilisierung bei den weitaus meisten Sch\u00fclern, die die Individuelle F\u00f6rderung besucht haben.<\/li>\n<\/ul>\n<p>Je nach Zusammensetzung der Gruppen k\u00f6nnen nach der Auftaktveranstaltung auch andere, vom Stundenplan her f\u00fcr alle passende Termine vereinbart werden.<\/p>\n<p>Leider k\u00f6nnen wir nicht garantieren, dass alle Sch\u00fclerinnen und Sch\u00fcler, die sich anmelden, auch am F\u00f6rderprogramm teilnehmen k\u00f6nnen, da je nach Inhalt der Kurse nur gewisse Gruppengr\u00f6\u00dfen Sinn machen. Die Entscheidung trifft der Kursleiter. Au\u00dferdem kann es in Einzelf\u00e4llen zu Kollisionen mit dem Stundenplan des Pflichtunterrichts kommen. Pflichtunterricht hat nat\u00fcrlich Vorrang.<\/p>\n<p>Wir hoffen sehr, m\u00f6glichst viele motivierte Teilnehmer aufnehmen zu k\u00f6nnen, um ihren Schulerfolg zu unterst\u00fctzen.<\/p>\n<p>Mit freundlichen Gr\u00fc\u00dfen<\/p>\n<p>StD Ph. Raths<br \/>\nStellv. Schulleiter<\/p>\n<p>OStRin A. Stoecker<br \/>\nBeratungslehrerin<\/p>\n","protected":false},"excerpt":{"rendered":"<p>Individuelle F\u00f6rderung in der Mittelstufe Liebe Eltern und liebe Sch\u00fclerinnen und Sch\u00fcler der 8., 9. und 10. Jahrgangsstufen, das GRG bietet Mittelstufensch\u00fclern der Jahrgangsstufen 8, 9 und 10 ein F\u00f6rderprogramm zur Individuellen F\u00f6rderung an, zus\u00e4tzlich gibt es ein Angebot zum individuellen Lerncoaching. Einige Sch\u00fcler, bei denen die Lehrkr\u00e4fte des GRG F\u00f6rderbedarf sehen, werden zu einem [&hellip;]<\/p>\n","protected":false},"author":2,"featured_media":0,"parent":8839,"menu_order":2,"comment_status":"closed","ping_status":"closed","template":"","meta":{"footnotes":""},"class_list":["post-3750","page","type-page","status-publish","hentry"],"_links":{"self":[{"href":"https:\/\/home.graf-rasso-gymnasium.de\/home\/wp-json\/wp\/v2\/pages\/3750","targetHints":{"allow":["GET"]}}],"collection":[{"href":"https:\/\/home.graf-rasso-gymnasium.de\/home\/wp-json\/wp\/v2\/pages"}],"about":[{"href":"https:\/\/home.graf-rasso-gymnasium.de\/home\/wp-json\/wp\/v2\/types\/page"}],"author":[{"embeddable":true,"href":"https:\/\/home.graf-rasso-gymnasium.de\/home\/wp-json\/wp\/v2\/users\/2"}],"replies":[{"embeddable":true,"href":"https:\/\/home.graf-rasso-gymnasium.de\/home\/wp-json\/wp\/v2\/comments?post=3750"}],"version-history":[{"count":25,"href":"https:\/\/home.graf-rasso-gymnasium.de\/home\/wp-json\/wp\/v2\/pages\/3750\/revisions"}],"predecessor-version":[{"id":11356,"href":"https:\/\/home.graf-rasso-gymnasium.de\/home\/wp-json\/wp\/v2\/pages\/3750\/revisions\/11356"}],"up":[{"embeddable":true,"href":"https:\/\/home.graf-rasso-gymnasium.de\/home\/wp-json\/wp\/v2\/pages\/8839"}],"wp:attachment":[{"href":"https:\/\/home.graf-rasso-gymnasium.de\/home\/wp-json\/wp\/v2\/media?parent=3750"}],"curies":[{"name":"wp","href":"https:\/\/api.w.org\/{rel}","templated":true}]}}