{"id":4391,"date":"2014-04-05T06:44:38","date_gmt":"2014-04-05T04:44:38","guid":{"rendered":"https:\/\/home.graf-rasso-gymnasium.de\/home\/?page_id=4391"},"modified":"2026-01-17T15:27:02","modified_gmt":"2026-01-17T14:27:02","slug":"smv-vertreter","status":"publish","type":"page","link":"https:\/\/home.graf-rasso-gymnasium.de\/home\/unsere-schule\/wahlunterrichte\/smv-vertreter\/","title":{"rendered":"Sch\u00fclersprecher\/SMV-Vertretung"},"content":{"rendered":"\n<p>Zur SMV (Sch\u00fclermitverantwortung) geh\u00f6ren alle Sch\u00fclerinnen und Sch\u00fcler einer Schule. Gew\u00e4hlte Vertreter der SMV sind dar\u00fcber hinaus die Klassensprecher und die Sch\u00fclersprecher. <br \/>Das sind unsere frisch gew\u00e4hlten Sch\u00fclersprecher und unsere Verbindungslehrer:<\/p>\n\n\n\n<figure class=\"wp-block-image aligncenter size-large\"><a href=\"https:\/\/home.graf-rasso-gymnasium.de\/home\/files\/2014\/04\/2024-25\/SSP-VL-25_26-scaled.jpg\"><img loading=\"lazy\" decoding=\"async\" width=\"1024\" height=\"768\" src=\"https:\/\/home.graf-rasso-gymnasium.de\/home\/files\/2014\/04\/2024-25\/SSP-VL-25_26-1024x768.jpg\" alt=\"\" class=\"wp-image-18341\" srcset=\"https:\/\/home.graf-rasso-gymnasium.de\/home\/files\/2014\/04\/2024-25\/SSP-VL-25_26-1024x768.jpg 1024w, https:\/\/home.graf-rasso-gymnasium.de\/home\/files\/2014\/04\/2024-25\/SSP-VL-25_26-300x225.jpg 300w, https:\/\/home.graf-rasso-gymnasium.de\/home\/files\/2014\/04\/2024-25\/SSP-VL-25_26-768x576.jpg 768w, https:\/\/home.graf-rasso-gymnasium.de\/home\/files\/2014\/04\/2024-25\/SSP-VL-25_26-1536x1152.jpg 1536w, https:\/\/home.graf-rasso-gymnasium.de\/home\/files\/2014\/04\/2024-25\/SSP-VL-25_26-2048x1536.jpg 2048w\" sizes=\"auto, (max-width: 1024px) 100vw, 1024px\" \/><\/a><\/figure>\n\n\n\n<p class=\"has-small-font-size\"><em>von links nach rechts:<\/em><br \/><strong>Hr. Huber<\/strong> (Verbindungslehrer) <br \/><strong>Johanna Wotschikowsky<\/strong>, 10d (3. Sch\u00fclersprecherin) <br \/><strong>Ava Bagheri<\/strong>, 10b (2. Sch\u00fclersprecherin) <br \/><strong>Fabian Sterba<\/strong> (1. Sch\u00fclersprecher) <br \/><strong>Fr. Herweg<\/strong> (Verbindungslehrerin)<\/p>\n\n\n\n<p class=\"has-small-font-size\"><\/p>\n\n\n\n<p>Die SMV trifft sich immer am Dienstag in der 7. Stunde in C.1.04. Die wohl wichtigste Aktivit\u00e4t ist das Vertreten der Interessen der Sch\u00fclerinnen und Sch\u00fcler gegen\u00fcber anderen (schulischen) Institutionen. Das Planen und Gestalten von schulischen Aktionen, wie zum Beispiel die Faschingsparty oder Schule als Staat, ist ein weiteres, wichtiges Element der SMV-Arbeit. Gleichzeitig kooperieren wir auch mit anderen Schulen, um auch \u00fcberregionale Events zu veranstalten. Um uns zu erreichen, kann man entweder einfach in der Pause im SMV-Zimmer vorbei schauen, oder sich an einen der drei Sch\u00fclersprecher oder an einen der beiden Verbindungslehrer wenden.<\/p>\n\n\n\n<p>Wenn ihr uns kontaktieren wollt:<br \/>smv@graf-rasso-gymnasium.de<\/p>\n\n\n\n<figure class=\"wp-block-image size-large\"><a href=\"https:\/\/home.graf-rasso-gymnasium.de\/home\/files\/2014\/04\/2024-25\/SMV-Gruppenbild-25-1-scaled.jpg\"><img loading=\"lazy\" decoding=\"async\" width=\"1024\" height=\"683\" src=\"https:\/\/home.graf-rasso-gymnasium.de\/home\/files\/2014\/04\/2024-25\/SMV-Gruppenbild-25-1-1024x683.jpg\" alt=\"\" class=\"wp-image-18339\" srcset=\"https:\/\/home.graf-rasso-gymnasium.de\/home\/files\/2014\/04\/2024-25\/SMV-Gruppenbild-25-1-1024x683.jpg 1024w, https:\/\/home.graf-rasso-gymnasium.de\/home\/files\/2014\/04\/2024-25\/SMV-Gruppenbild-25-1-300x200.jpg 300w, https:\/\/home.graf-rasso-gymnasium.de\/home\/files\/2014\/04\/2024-25\/SMV-Gruppenbild-25-1-768x512.jpg 768w, https:\/\/home.graf-rasso-gymnasium.de\/home\/files\/2014\/04\/2024-25\/SMV-Gruppenbild-25-1-1536x1025.jpg 1536w, https:\/\/home.graf-rasso-gymnasium.de\/home\/files\/2014\/04\/2024-25\/SMV-Gruppenbild-25-1-2048x1366.jpg 2048w\" sizes=\"auto, (max-width: 1024px) 100vw, 1024px\" \/><\/a><figcaption class=\"wp-element-caption\"><strong>Wir sind die diesj\u00e4hrige SMV.<\/strong><\/figcaption><\/figure>\n\n\n\n<p>Am Anfang eines jeden Schuljahres stehen die Klassensprecherwahlen an, meistens eine aufregende Sache, doch was bedeutet es eigentlich Klassensprecher zu sein? Das Amt des Klassensprechers ist auch im Bayerischen Erziehungs- und Unterrichtsgesetz (BayEUG) Art. 62 und in der Bayerischen Schulordnung (BaySchO) \u00a78 verankert. Die Aufgaben bestehen darin, die Interessen der Sch\u00fclerinnen und Sch\u00fcler der eigenen Klasse zu vertreten und ein st\u00e4ndiges Mitglied der Klassensprecherversammlung zu sein. Auf dieser informieren die Sch\u00fclersprecher \u00fcber aktuelle Themen, Projekte und Veranstaltungen. Die Klassensprecher tragen diese Informationen dann in ihre Klassen weiter, umgekehrt haben sie dort die M\u00f6glichkeit Anliegen aus der eigenen Klasse vorzubringen, die die Sch\u00fclersprecher dann weitertragen k\u00f6nnen. Au\u00dferdem w\u00e4hlen sie immer am Ende des Schuljahres die Verbindungslehrer f\u00fcr das kommende Jahr. Anders als an anderen Schulen, sind die Klassensprecher am GRG nicht automatisch Teil der SMV. Dennoch ist das Amt der Klassensprecher wichtig und sollte nicht vernachl\u00e4ssigt werden. In diesem Schuljahr k\u00f6nnen wir uns wieder \u00fcber eine sehr aktive Klassensprecherversammlung freuen.&nbsp;<\/p>\n","protected":false},"excerpt":{"rendered":"<p>Zur SMV (Sch\u00fclermitverantwortung) geh\u00f6ren alle Sch\u00fclerinnen und Sch\u00fcler einer Schule. Gew\u00e4hlte Vertreter der SMV sind dar\u00fcber hinaus die Klassensprecher und die Sch\u00fclersprecher. Das sind unsere frisch gew\u00e4hlten Sch\u00fclersprecher und unsere Verbindungslehrer: von links nach rechts:Hr. Huber (Verbindungslehrer) Johanna Wotschikowsky, 10d (3. Sch\u00fclersprecherin) Ava Bagheri, 10b (2. Sch\u00fclersprecherin) Fabian Sterba (1. Sch\u00fclersprecher) Fr. Herweg (Verbindungslehrerin) Die [&hellip;]<\/p>\n","protected":false},"author":18,"featured_media":0,"parent":8284,"menu_order":4,"comment_status":"closed","ping_status":"closed","template":"","meta":{"footnotes":""},"class_list":["post-4391","page","type-page","status-publish","hentry"],"_links":{"self":[{"href":"https:\/\/home.graf-rasso-gymnasium.de\/home\/wp-json\/wp\/v2\/pages\/4391","targetHints":{"allow":["GET"]}}],"collection":[{"href":"https:\/\/home.graf-rasso-gymnasium.de\/home\/wp-json\/wp\/v2\/pages"}],"about":[{"href":"https:\/\/home.graf-rasso-gymnasium.de\/home\/wp-json\/wp\/v2\/types\/page"}],"author":[{"embeddable":true,"href":"https:\/\/home.graf-rasso-gymnasium.de\/home\/wp-json\/wp\/v2\/users\/18"}],"replies":[{"embeddable":true,"href":"https:\/\/home.graf-rasso-gymnasium.de\/home\/wp-json\/wp\/v2\/comments?post=4391"}],"version-history":[{"count":54,"href":"https:\/\/home.graf-rasso-gymnasium.de\/home\/wp-json\/wp\/v2\/pages\/4391\/revisions"}],"predecessor-version":[{"id":18345,"href":"https:\/\/home.graf-rasso-gymnasium.de\/home\/wp-json\/wp\/v2\/pages\/4391\/revisions\/18345"}],"up":[{"embeddable":true,"href":"https:\/\/home.graf-rasso-gymnasium.de\/home\/wp-json\/wp\/v2\/pages\/8284"}],"wp:attachment":[{"href":"https:\/\/home.graf-rasso-gymnasium.de\/home\/wp-json\/wp\/v2\/media?parent=4391"}],"curies":[{"name":"wp","href":"https:\/\/api.w.org\/{rel}","templated":true}]}}