{"id":5737,"date":"2014-11-18T15:32:44","date_gmt":"2014-11-18T13:32:44","guid":{"rendered":"https:\/\/home.graf-rasso-gymnasium.de\/home\/?page_id=5737"},"modified":"2024-09-24T20:33:08","modified_gmt":"2024-09-24T18:33:08","slug":"schulforum-am-grg","status":"publish","type":"page","link":"https:\/\/home.graf-rasso-gymnasium.de\/home\/unsere-schule\/schulforum-am-grg\/","title":{"rendered":"Schulforum"},"content":{"rendered":"<p>Wie an anderen bayerischen Gymnasien auch gibt es am Graf-Rasso-Gymnasium ein Schulforum. Es besteht aus jeweils drei Vertreterinnen bzw. Vertretern von Sch\u00fclern, Lehrern und Elternbeir\u00e4ten, welche mindestens einmal pro Halbjahr unter dem Vorsitz der Schulleitung zu einer Sitzung zusammenkommen (Vgl. BayEUG, Art. 69 . Am GRG sind wenigstens drei Sitzungen im Laufe eines Schuljahres \u00fcblich.<\/p>\n<p>Aktuell setzt sich das GRG-Schulforum unter dem Vorsitz von Herrn OStD Wolthuis aus folgenden Mitgliedern zusammen:<\/p>\n<ul>\n<li>Sch\u00fclervertretung<\/li>\n<li>Elternvertreter<\/li>\n<li>Vertreter des Lehrerkollegiums<\/li>\n<li>sowie Herrn G\u00fcnter Sigl als regelm\u00e4\u00dfiger Vertreter des Sachaufwandstr\u00e4gers (Schulreferat des Landratsamtes F\u00fcrstenfeldbruck)<\/li>\n<\/ul>\n<p>Das Schulforum trifft in bestimmten Fragen Entscheidungen. Beispielsweise wird in diesem Gremium \u00fcber die Durchf\u00fchrung von gr\u00f6\u00dferen Schulveranstaltungen, z.B. des Weihnachtsbasars, entschieden. Weitere typische Themen des Schulforums sind Projekte der Schulentwicklung- und Profilbildung sowie zur Erziehungspartnerschaft zwischen Elternhaus und Schule.<\/p>\n<p>In anderen Bereichen muss das Schulforum vor einer Entscheidung geh\u00f6rt werden. Dies gilt beispielsweise f\u00fcr Bauma\u00dfnahmen, die Schulsozialarbeit oder Fragen der Schulwegsicherheit und Unfallverh\u00fctung.<\/p>\n<p>Jedes Mitglied des Schulforums kann auch den Kompetenzbereich des Schulforums betreffende Antr\u00e4ge einbringen. Weil zahlreiche Sachverhalte des Schulalltags unter die Beratungs- oder sogar die Entscheidungskompetenz des Schulforums fallen, ist das GRG-Schulforum auch ein Gremium, auf das zahlreiche Innovationen und Schulentwicklungsans\u00e4tze der letzten Jahre zur\u00fcckgehen.<\/p>\n<p>Die bedeutendste Ver\u00e4nderung der j\u00fcngeren Vergangenheit, die von den Sch\u00fclervertretern im Schulforum angesto\u00dfen wurde, ist die Einf\u00fchrung des Lehrerfachraum- und Doppelstundenprinzips am Graf-Rasso-Gymnasium. Seit Beginn des Schuljahres 2014\/15 sind die Klassenzimmer Lehrern als Raumpaten zugeordnet, die den \u00fcberwiegenden Teil ihres Unterrichts in einem Klassenzimmer abhalten, statt wie fr\u00fcher je nach Stundenplan st\u00e4ndig den Raum zu wechseln. Soweit es der Stundenplan bzw. die Stundentafeln der F\u00e4cher es erlauben, wechseln also die Sch\u00fcler zu Unterrichtsbeginn und am Ende der Pausen die R\u00e4umlichkeiten.<\/p>\n","protected":false},"excerpt":{"rendered":"<p>Wie an anderen bayerischen Gymnasien auch gibt es am Graf-Rasso-Gymnasium ein Schulforum. Es besteht aus jeweils drei Vertreterinnen bzw. Vertretern von Sch\u00fclern, Lehrern und Elternbeir\u00e4ten, welche mindestens einmal pro Halbjahr unter dem Vorsitz der Schulleitung zu einer Sitzung zusammenkommen (Vgl. BayEUG, Art. 69 . Am GRG sind wenigstens drei Sitzungen im Laufe eines Schuljahres \u00fcblich. [&hellip;]<\/p>\n","protected":false},"author":2,"featured_media":0,"parent":1653,"menu_order":0,"comment_status":"closed","ping_status":"closed","template":"","meta":{"footnotes":""},"class_list":["post-5737","page","type-page","status-publish","hentry"],"_links":{"self":[{"href":"https:\/\/home.graf-rasso-gymnasium.de\/home\/wp-json\/wp\/v2\/pages\/5737","targetHints":{"allow":["GET"]}}],"collection":[{"href":"https:\/\/home.graf-rasso-gymnasium.de\/home\/wp-json\/wp\/v2\/pages"}],"about":[{"href":"https:\/\/home.graf-rasso-gymnasium.de\/home\/wp-json\/wp\/v2\/types\/page"}],"author":[{"embeddable":true,"href":"https:\/\/home.graf-rasso-gymnasium.de\/home\/wp-json\/wp\/v2\/users\/2"}],"replies":[{"embeddable":true,"href":"https:\/\/home.graf-rasso-gymnasium.de\/home\/wp-json\/wp\/v2\/comments?post=5737"}],"version-history":[{"count":13,"href":"https:\/\/home.graf-rasso-gymnasium.de\/home\/wp-json\/wp\/v2\/pages\/5737\/revisions"}],"predecessor-version":[{"id":17413,"href":"https:\/\/home.graf-rasso-gymnasium.de\/home\/wp-json\/wp\/v2\/pages\/5737\/revisions\/17413"}],"up":[{"embeddable":true,"href":"https:\/\/home.graf-rasso-gymnasium.de\/home\/wp-json\/wp\/v2\/pages\/1653"}],"wp:attachment":[{"href":"https:\/\/home.graf-rasso-gymnasium.de\/home\/wp-json\/wp\/v2\/media?parent=5737"}],"curies":[{"name":"wp","href":"https:\/\/api.w.org\/{rel}","templated":true}]}}