{"id":8239,"date":"2017-01-22T19:35:07","date_gmt":"2017-01-22T18:35:07","guid":{"rendered":"https:\/\/home.graf-rasso-gymnasium.de\/home\/?page_id=8239"},"modified":"2023-11-10T16:28:44","modified_gmt":"2023-11-10T15:28:44","slug":"schuelerbibliothek","status":"publish","type":"page","link":"https:\/\/home.graf-rasso-gymnasium.de\/home\/unsere-schule\/wahlunterrichte\/schuelerbibliothek\/","title":{"rendered":"Sch\u00fclerleseb\u00fccherei"},"content":{"rendered":"\n<p>Die Lesef\u00f6rderung unserer Sch\u00fclerinnen und Sch\u00fcler ist am GRG nicht nur im Unterricht ein wichtiger Aspekt. In der hauseigenen Sch\u00fclerleseb\u00fccherei ist es m\u00f6glich, aus einem vielf\u00e4ltigen Leseangebot von mittlerweile mehr als 3000 B\u00fcchern auszuw\u00e4hlen. Neben altersgerechten Romanen aus verschiedensten Genres (<em>Abenteuer<\/em>, <em>Familie und Freunde<\/em> bis hin zu <em>Fantasy<\/em> und <em>Thriller<\/em>) gibt es auch zahlreiche Klassiker der Kinderbuchliteratur und Sachb\u00fccher zu vielen spannenden und alltagsrelevanten Themen. F\u00fcr \u201eLesefaule\u201c oder solche, die noch ihren Bilderb\u00fcchern hinterher trauern, bieten wir au\u00dferdem unterhaltsame und informative Alternativen in Form der <em>Graphic Novel <\/em>an. In unserer neu etablierten \u201eRegenbogenbteilung\u201c geht es bunt zu: Hier stehen aktuelle Titel, die verschiedene Kulturen, Lebensweisen, Geschlechter und Identit\u00e4ten repr\u00e4sentieren und Themen wie Diversit\u00e4t und Toleranz in den Mittelpunkt stellen. Auch fremdsprachliche Literatur auf Englisch, Franz\u00f6sisch und sogar auf Latein ist Teil des Bestands.<\/p>\n\n\n\n<p>Interessierte Sch\u00fclerinnen und Sch\u00fcler der Unter- und Mittelstufe k\u00f6nnen durch die Mitarbeit im Team der Sch\u00fclerleseb\u00fccherei organisatorische F\u00e4higkeiten erwerben, anwenden und eigene Ideen in unterschiedlichen Bereichen einbringen. So sind sie zum Beispiel selbst\u00e4ndig f\u00fcr den Ausleihbetrieb, die Pr\u00e4sentation von Neuzug\u00e4ngen und die Erstellung von Leseempfehlungen zust\u00e4ndig.<\/p>\n\n\n\n<p>Die Leiterinnen des Teams, Frau Diederichs und Frau Gerlich, sind Ansprechpartnerinnen in allen Belangen rund um die Sch\u00fclerleseb\u00fccherei und organisieren verschiedene Events wie z.B. Aktionen zum Bundesweiten Vorlesetag, zur Lesef\u00f6rderung und die beliebte und mittlerweile etablierte Ausstellung \u201eDie 100 Besten &#8211;&nbsp; neue Kinder- und Jugendb\u00fccher\u201c des B\u00f6rsenvereins des Deutschen Buchhandels.<\/p>\n\n\n\n<p>Unsere Leserinnen und Leser haben die M\u00f6glichkeit, B\u00fccherw\u00fcnsche f\u00fcr Neuanschaffungen zu \u00e4u\u00dfern; dazu steht immer ein Briefkasten mit Wunschzetteln bereit. Gute Anregungen werden gerne in den Lesefundus unserer Schule aufgenommen.<\/p>\n\n\n\n<p>Um B\u00fccher entleihen zu k\u00f6nnen, ben\u00f6tigt man einen Bibliotheksausweis, der automatisch mit dem Sch\u00fclerausweis kombiniert und im Sekretariat ausgestellt wird.\u2028<\/p>\n\n\n\n<p>Zu finden sind wir zwischen dem Lehrerzimmer und der gro\u00dfen Bibliothek im A-Trakt unseres Schulgeb\u00e4udes.&nbsp;Die aktuellen \u00d6ffnungszeiten, in der Regel Montag-Freitag jeweils in der ersten Pause, befinden sich an der T\u00fcr zur Bibliothek.<\/p>\n\n\n\n<p>Wir freuen uns \u00fcber viel Besuch von Leseratten und B\u00fccherfreunden und -freundinnen aller Altersgruppen!<\/p>\n\n\n\n<p><em>Das Team der Sch\u00fclerleseb\u00fccherei<\/em><\/p>\n\n\n\n<figure class=\"wp-block-image aligncenter size-large\"><a href=\"https:\/\/home.graf-rasso-gymnasium.de\/home\/files\/2017\/01\/2023-24\/IMG_7920-scaled.jpeg\" target=\"_blank\" rel=\"noreferrer noopener\"><img loading=\"lazy\" decoding=\"async\" width=\"1024\" height=\"768\" src=\"https:\/\/home.graf-rasso-gymnasium.de\/home\/files\/2017\/01\/2023-24\/IMG_7920-1024x768.jpeg\" alt=\"\" class=\"wp-image-16384\" srcset=\"https:\/\/home.graf-rasso-gymnasium.de\/home\/files\/2017\/01\/2023-24\/IMG_7920-1024x768.jpeg 1024w, https:\/\/home.graf-rasso-gymnasium.de\/home\/files\/2017\/01\/2023-24\/IMG_7920-300x225.jpeg 300w, https:\/\/home.graf-rasso-gymnasium.de\/home\/files\/2017\/01\/2023-24\/IMG_7920-768x576.jpeg 768w, https:\/\/home.graf-rasso-gymnasium.de\/home\/files\/2017\/01\/2023-24\/IMG_7920-1536x1152.jpeg 1536w, https:\/\/home.graf-rasso-gymnasium.de\/home\/files\/2017\/01\/2023-24\/IMG_7920-2048x1536.jpeg 2048w\" sizes=\"auto, (max-width: 1024px) 100vw, 1024px\" \/><\/a><\/figure>\n","protected":false},"excerpt":{"rendered":"<p>Die Lesef\u00f6rderung unserer Sch\u00fclerinnen und Sch\u00fcler ist am GRG nicht nur im Unterricht ein wichtiger Aspekt. In der hauseigenen Sch\u00fclerleseb\u00fccherei ist es m\u00f6glich, aus einem vielf\u00e4ltigen Leseangebot von mittlerweile mehr als 3000 B\u00fcchern auszuw\u00e4hlen. Neben altersgerechten Romanen aus verschiedensten Genres (Abenteuer, Familie und Freunde bis hin zu Fantasy und Thriller) gibt es auch zahlreiche Klassiker [&hellip;]<\/p>\n","protected":false},"author":2,"featured_media":16384,"parent":8284,"menu_order":0,"comment_status":"closed","ping_status":"closed","template":"","meta":{"footnotes":""},"class_list":["post-8239","page","type-page","status-publish","has-post-thumbnail","hentry"],"_links":{"self":[{"href":"https:\/\/home.graf-rasso-gymnasium.de\/home\/wp-json\/wp\/v2\/pages\/8239","targetHints":{"allow":["GET"]}}],"collection":[{"href":"https:\/\/home.graf-rasso-gymnasium.de\/home\/wp-json\/wp\/v2\/pages"}],"about":[{"href":"https:\/\/home.graf-rasso-gymnasium.de\/home\/wp-json\/wp\/v2\/types\/page"}],"author":[{"embeddable":true,"href":"https:\/\/home.graf-rasso-gymnasium.de\/home\/wp-json\/wp\/v2\/users\/2"}],"replies":[{"embeddable":true,"href":"https:\/\/home.graf-rasso-gymnasium.de\/home\/wp-json\/wp\/v2\/comments?post=8239"}],"version-history":[{"count":8,"href":"https:\/\/home.graf-rasso-gymnasium.de\/home\/wp-json\/wp\/v2\/pages\/8239\/revisions"}],"predecessor-version":[{"id":16385,"href":"https:\/\/home.graf-rasso-gymnasium.de\/home\/wp-json\/wp\/v2\/pages\/8239\/revisions\/16385"}],"up":[{"embeddable":true,"href":"https:\/\/home.graf-rasso-gymnasium.de\/home\/wp-json\/wp\/v2\/pages\/8284"}],"wp:featuredmedia":[{"embeddable":true,"href":"https:\/\/home.graf-rasso-gymnasium.de\/home\/wp-json\/wp\/v2\/media\/16384"}],"wp:attachment":[{"href":"https:\/\/home.graf-rasso-gymnasium.de\/home\/wp-json\/wp\/v2\/media?parent=8239"}],"curies":[{"name":"wp","href":"https:\/\/api.w.org\/{rel}","templated":true}]}}