{"id":8623,"date":"2017-08-04T08:01:25","date_gmt":"2017-08-04T06:01:25","guid":{"rendered":"https:\/\/home.graf-rasso-gymnasium.de\/home\/?page_id=8623"},"modified":"2018-04-14T08:48:29","modified_gmt":"2018-04-14T06:48:29","slug":"zur-geschichte-des-grg-online-ausstellung-p-seminar","status":"publish","type":"page","link":"https:\/\/home.graf-rasso-gymnasium.de\/home\/unsere-schule\/weiteres\/zur-geschichte-des-grg-online-ausstellung-p-seminar\/","title":{"rendered":"Zur Geschichte des GRG (Online-Ausstellung P-Seminar)"},"content":{"rendered":"<p>Auf unserer Schulhomepage erscheinen regelm\u00e4\u00dfig Nachrichten und Informationen \u00fcber aktuelle Ereignisse an der Schule. Doch Fakten \u00fcber Vergangenes, das ja auch ma\u00dfgeblich daf\u00fcr ist, was unsere Schule ausmacht, lie\u00dfen sich bisher nur versteckt finden.<\/p>\n<p>Wir, das Projekt-Seminar \u201eGraf-Werbitte?!-Gymnasium \u2013 Seminar zur Geschichte des GRG\u201c haben es uns unter Anleitung von OStR Bernd Ruoff von Ende 2014 bis Anfang 2016 zur Aufgabe gemacht, der Geschichte unserer Schule in der Gegenwart eine gr\u00f6\u00dfere Pr\u00e4senz zu verleihen und zumindest ein Basiswissen bei Sch\u00fclern und Lehrern dar\u00fcber zu schaffen, wie unsere Schule eigentlich entstand und welche wichtigen Schritte es bis hin zur heutigen Entwicklung gab.<\/p>\n<p>Die Ergebnisse unserer Arbeit haben wir in einer Ausstellung pr\u00e4sentiert, die am 29.11.2015 <a href=\"https:\/\/home.graf-rasso-gymnasium.de\/home\/?p=7116\">feierlich er\u00f6ffnet<\/a> wurde und bis 04.12.2015 in der Aula der Schule besucht werden konnte. Zum Nachlesen finden Sie diese Ausstellung zur Geschichte des Graf-Rasso-Gymnasiums in digitalisierter Form hier.<\/p>\n<p>Wenn Sie noch genaueres \u00fcber die Entstehung des jetzigen Schulgeb\u00e4udes wissen m\u00f6chten, finden Sie <a href=\"https:\/\/home.graf-rasso-gymnasium.de\/home\/?page_id=3207\">hier<\/a> die bilderreiche Dokumentation des Baufortschritts bis hin zur Er\u00f6ffnung, die StD Dionys Zink zusammengestellt hat.<\/p>\n<p>Zudem k\u00f6nnte Sie eine ausf\u00fchrliche <a href=\"https:\/\/home.graf-rasso-gymnasium.de\/home\/aktuelles-aus-dem-schuljahr\/chronik-1945-1995\/\">Chronik der Jahre 1945-1995<\/a> interessieren, die aus Anlass der 50-Jahr-Feier des Graf-Rasso-Gymnasiums durch die damalige Lehrerin Anna Andlauer erarbeitet wurde. In dieser Chronik werden vor allem die Schritte zur Gr\u00fcndung der Schule detailliert aufgezeigt und Sie werden, wenn Sie pers\u00f6nlich mit der fr\u00fcheren Schule verbunden waren, viele f\u00fcr die Schule pr\u00e4gende Personen wiederfinden.<\/p>\n<p>Wir, die keine pers\u00f6nlichen Verbindungen zur \u00e4lteren Geschichte der Schule mehr haben, haben uns bem\u00fcht, Ihnen einen \u00fcbersichtlichen \u00dcberblick \u00fcber Eckpunkte zu geben und die \u00e4ltere Geschichte der Schule aus heutiger Sicht aufzuarbeiten. Unsere Ausstellung ist in verschiedene Kategorien wie zum Beispiel die Person des Grafen Rasso, die Umz\u00fcge der Schule und Au\u00dferschulische Aktivit\u00e4ten gegliedert.<\/p>\n<p><a href=\"https:\/\/home.graf-rasso-gymnasium.de\/home\/files\/2016-17\/P-Seminar_Geschichte_GRG_klein.pdf\">Download des Ausstellungskatalogs (pdf)<\/a><\/p>\n","protected":false},"excerpt":{"rendered":"<p>Auf unserer Schulhomepage erscheinen regelm\u00e4\u00dfig Nachrichten und Informationen \u00fcber aktuelle Ereignisse an der Schule. Doch Fakten \u00fcber Vergangenes, das ja auch ma\u00dfgeblich daf\u00fcr ist, was unsere Schule ausmacht, lie\u00dfen sich bisher nur versteckt finden. Wir, das Projekt-Seminar \u201eGraf-Werbitte?!-Gymnasium \u2013 Seminar zur Geschichte des GRG\u201c haben es uns unter Anleitung von OStR Bernd Ruoff von Ende [&hellip;]<\/p>\n","protected":false},"author":2,"featured_media":0,"parent":8839,"menu_order":17,"comment_status":"closed","ping_status":"closed","template":"","meta":{"footnotes":""},"class_list":["post-8623","page","type-page","status-publish","hentry"],"_links":{"self":[{"href":"https:\/\/home.graf-rasso-gymnasium.de\/home\/wp-json\/wp\/v2\/pages\/8623","targetHints":{"allow":["GET"]}}],"collection":[{"href":"https:\/\/home.graf-rasso-gymnasium.de\/home\/wp-json\/wp\/v2\/pages"}],"about":[{"href":"https:\/\/home.graf-rasso-gymnasium.de\/home\/wp-json\/wp\/v2\/types\/page"}],"author":[{"embeddable":true,"href":"https:\/\/home.graf-rasso-gymnasium.de\/home\/wp-json\/wp\/v2\/users\/2"}],"replies":[{"embeddable":true,"href":"https:\/\/home.graf-rasso-gymnasium.de\/home\/wp-json\/wp\/v2\/comments?post=8623"}],"version-history":[{"count":9,"href":"https:\/\/home.graf-rasso-gymnasium.de\/home\/wp-json\/wp\/v2\/pages\/8623\/revisions"}],"predecessor-version":[{"id":9745,"href":"https:\/\/home.graf-rasso-gymnasium.de\/home\/wp-json\/wp\/v2\/pages\/8623\/revisions\/9745"}],"up":[{"embeddable":true,"href":"https:\/\/home.graf-rasso-gymnasium.de\/home\/wp-json\/wp\/v2\/pages\/8839"}],"wp:attachment":[{"href":"https:\/\/home.graf-rasso-gymnasium.de\/home\/wp-json\/wp\/v2\/media?parent=8623"}],"curies":[{"name":"wp","href":"https:\/\/api.w.org\/{rel}","templated":true}]}}