{"id":9466,"date":"2018-02-22T15:39:32","date_gmt":"2018-02-22T14:39:32","guid":{"rendered":"https:\/\/home.graf-rasso-gymnasium.de\/home\/?page_id=9466"},"modified":"2022-09-21T09:45:30","modified_gmt":"2022-09-21T07:45:30","slug":"latein-lehrwerke","status":"publish","type":"page","link":"https:\/\/home.graf-rasso-gymnasium.de\/home\/faecher\/latein\/latein-lehrwerke\/","title":{"rendered":"Latein: Lehrwerke und Arbeitshefte"},"content":{"rendered":"<h3>Jahrgangsstufe 6-8<\/h3>\n<p>In den Jahrgangsstufen 6-8 arbeiten wir am Graf Rasso-Gymnasium mit dem<br \/>\nLehrbuch Agite I, II und III.<br \/>\nZu den Lehrb\u00fcchern kaufen sich die Sch\u00fcler meist noch das Arbeitsheft.<br \/>\nWeitere \u00dcbungsmaterialien gibt der Westermann-Verlag den Lehrkr\u00e4ften<br \/>\ndurch die dazugeh\u00f6rige digitale Bi-Box an die Hand, die die Fachschaft<br \/>\nLatein f\u00fcr alle drei Jahrgangsstufen k\u00e4uflich erworben hat.<\/p>\n<p><img loading=\"lazy\" decoding=\"async\" class=\"aligncenter\" src=\"https:\/\/home.graf-rasso-gymnasium.de\/home\/files\/2020-21\/latein_lehrwerke_prima.jpg\" width=\"632\" height=\"474\" \/><\/p>\n<h3>Jahrgangsstufe 9 und 10<\/h3>\n<p>Die Lehrwerke in der 9. und 10. Klasse vom Buchner Verlag hei\u00dfen Lesebuch Latein 1 und 2.<\/p>\n<p><img loading=\"lazy\" decoding=\"async\" class=\"wp-image-14615  aligncenter\" src=\"https:\/\/home.graf-rasso-gymnasium.de\/home\/files\/2021-22\/Lesebuch-300x253.jpg\" alt=\"\" width=\"631\" height=\"532\" srcset=\"https:\/\/home.graf-rasso-gymnasium.de\/home\/files\/2021-22\/Lesebuch-300x253.jpg 300w, https:\/\/home.graf-rasso-gymnasium.de\/home\/files\/2021-22\/Lesebuch.jpg 640w\" sizes=\"auto, (max-width: 631px) 100vw, 631px\" \/><\/p>\n<p>In der 9. Klasse lesen wir in der Regel die Autoren Nepos, C\u00e4sar, Martial, Catull und von Ovid erarbeiten wir uns ausgew\u00e4hlte Stellen der Ars Amatoria.<br \/>\nCicero, Plinius und zwei oder drei Verwandlungsgeschichten von Ovid sind der 10. Klasse vorbehalten.<br \/>\nAb der 9. Klasse wird an alle Sch\u00fcler die lateinische Grammatik \u201eForma\u201c ausgeliehen.<\/p>\n<p><img loading=\"lazy\" decoding=\"async\" class=\"alignnone size-full wp-image-9489\" src=\"https:\/\/home.graf-rasso-gymnasium.de\/home\/files\/2017-18\/latein_lehrwerke_forma.jpg\" alt=\"\" width=\"480\" height=\"640\" srcset=\"https:\/\/home.graf-rasso-gymnasium.de\/home\/files\/2017-18\/latein_lehrwerke_forma.jpg 480w, https:\/\/home.graf-rasso-gymnasium.de\/home\/files\/2017-18\/latein_lehrwerke_forma-225x300.jpg 225w\" sizes=\"auto, (max-width: 480px) 100vw, 480px\" \/><\/p>\n","protected":false},"excerpt":{"rendered":"<p>Jahrgangsstufe 6-8 In den Jahrgangsstufen 6-8 arbeiten wir am Graf Rasso-Gymnasium mit dem Lehrbuch Agite I, II und III. Zu den Lehrb\u00fcchern kaufen sich die Sch\u00fcler meist noch das Arbeitsheft. Weitere \u00dcbungsmaterialien gibt der Westermann-Verlag den Lehrkr\u00e4ften durch die dazugeh\u00f6rige digitale Bi-Box an die Hand, die die Fachschaft Latein f\u00fcr alle drei Jahrgangsstufen k\u00e4uflich erworben [&hellip;]<\/p>\n","protected":false},"author":2,"featured_media":9486,"parent":4448,"menu_order":0,"comment_status":"closed","ping_status":"closed","template":"","meta":{"footnotes":""},"class_list":["post-9466","page","type-page","status-publish","has-post-thumbnail","hentry"],"_links":{"self":[{"href":"https:\/\/home.graf-rasso-gymnasium.de\/home\/wp-json\/wp\/v2\/pages\/9466","targetHints":{"allow":["GET"]}}],"collection":[{"href":"https:\/\/home.graf-rasso-gymnasium.de\/home\/wp-json\/wp\/v2\/pages"}],"about":[{"href":"https:\/\/home.graf-rasso-gymnasium.de\/home\/wp-json\/wp\/v2\/types\/page"}],"author":[{"embeddable":true,"href":"https:\/\/home.graf-rasso-gymnasium.de\/home\/wp-json\/wp\/v2\/users\/2"}],"replies":[{"embeddable":true,"href":"https:\/\/home.graf-rasso-gymnasium.de\/home\/wp-json\/wp\/v2\/comments?post=9466"}],"version-history":[{"count":8,"href":"https:\/\/home.graf-rasso-gymnasium.de\/home\/wp-json\/wp\/v2\/pages\/9466\/revisions"}],"predecessor-version":[{"id":14616,"href":"https:\/\/home.graf-rasso-gymnasium.de\/home\/wp-json\/wp\/v2\/pages\/9466\/revisions\/14616"}],"up":[{"embeddable":true,"href":"https:\/\/home.graf-rasso-gymnasium.de\/home\/wp-json\/wp\/v2\/pages\/4448"}],"wp:featuredmedia":[{"embeddable":true,"href":"https:\/\/home.graf-rasso-gymnasium.de\/home\/wp-json\/wp\/v2\/media\/9486"}],"wp:attachment":[{"href":"https:\/\/home.graf-rasso-gymnasium.de\/home\/wp-json\/wp\/v2\/media?parent=9466"}],"curies":[{"name":"wp","href":"https:\/\/api.w.org\/{rel}","templated":true}]}}