{"id":9510,"date":"2018-03-04T15:03:42","date_gmt":"2018-03-04T14:03:42","guid":{"rendered":"https:\/\/home.graf-rasso-gymnasium.de\/home\/?page_id=9510"},"modified":"2024-01-27T15:46:42","modified_gmt":"2024-01-27T14:46:42","slug":"mebis","status":"publish","type":"page","link":"https:\/\/home.graf-rasso-gymnasium.de\/home\/unsere-schule\/digitale-bildung-am-grg\/mebis\/","title":{"rendered":"Mebis"},"content":{"rendered":"<p><strong>Die technisch wichtigen Sachen<\/strong><\/p>\n<ul>\n<li>Adresse: <a href=\"https:\/\/mebis.bayern.de\">https:\/\/mebis.bayern.de<\/a><\/li>\n<li>Den Mebis-Zugang kriegst du von <strong>Frau Sauer <\/strong>(marina.sauer@schule.bayern.de)<strong> oder Herrn Wendl<\/strong>. Wenn du einen neuen Zugang ben\u00f6tigst, melde dich bei einem davon.<\/li>\n<li><a style=\"text-decoration: none;\" title=\"1 GB kostenloser online-Speicherplatz auf mebis f\u00fcr jeden Sch\u00fcler\" href=\"https:\/\/lernplattform.mebis.bayern.de\/user\/files.php\" target=\"_blank\" rel=\"noopener noreferrer\">Jeder Nutzer kriegt 1 GB kostenlosen Online-Speicherplatz<\/a><\/li>\n<li>Du kannst nur in den Kursen arbeiten, in denen du Mitglied bist.<\/li>\n<li>Gebe eine <strong>funktionierende E-Mail-Adresse bei Mebis ein.<\/strong>\u00a0Nur dann kannst du dir dein Passwort schicken lassen, wenn du es vergessen hast. Ob man das hat, sieht man hier:<br \/>\n<img loading=\"lazy\" decoding=\"async\" class=\"alignnone size-full wp-image-9540\" src=\"https:\/\/home.graf-rasso-gymnasium.de\/home\/files\/2017-18\/mebis_email_eingabe_klein.png\" alt=\"\" width=\"400\" height=\"259\" srcset=\"https:\/\/home.graf-rasso-gymnasium.de\/home\/files\/2017-18\/mebis_email_eingabe_klein.png 400w, https:\/\/home.graf-rasso-gymnasium.de\/home\/files\/2017-18\/mebis_email_eingabe_klein-300x194.png 300w\" sizes=\"auto, (max-width: 400px) 100vw, 400px\" \/><\/li>\n<li>Genauere Anleitung hier:<br \/>\n<a href=\"https:\/\/www.mebis.bayern.de\/infoportal\/mebis_support\/schueler-und-schuelerinnen-support\/#sec3\">https:\/\/www.mebis.bayern.de\/infoportal\/mebis_support\/schueler-und-schuelerinnen-support\/#sec3<\/a><\/li>\n<\/ul>\n<p><strong>Was ist Mebis?<\/strong><\/p>\n<p>Mebis ist ein Internetportal, das das bayerische Kultusministerium den bayerischen Schulen zur Verf\u00fcgung stellt. Es besteht unter anderem aus<\/p>\n<ul>\n<li>einer <strong>Mediathek<\/strong> (wo man nach Unterrichtsfilmen zu bestimmten Themen suchen kann),<\/li>\n<li>einem <strong>Infoportal<\/strong> (mit Material f\u00fcr den Unterricht und die Schulentwicklung), und<\/li>\n<li>einem <strong>Pr\u00fcfungsarchiv<\/strong> &#8211; dort gibt es zum Beispiel Abitur- und Realschulabschlusspr\u00fcfungen und alte Jahrgangsstufenarbeiten. Manches davon ist aus Urheberrechtsgr\u00fcnden nur f\u00fcr Lehrer zug\u00e4nglich, aber auch ohne Anmeldung gibt es dort viel zum Herunterladen.<\/li>\n<\/ul>\n<p>Der Hauptbestandteil von Mebis ist aber die <strong>Lernplattform,<\/strong> die auf dem Learning-Management-System Moodle basiert. Damit k\u00f6nnen Schulen:<\/p>\n<ul>\n<li>Kurse einrichten f\u00fcr Lehrer und Lehrerinnen, Sch\u00fcler und Sch\u00fclerinnen,<\/li>\n<li>innerhalb dieser Kurse durch ein Nachrichtensystem kommunizieren,<\/li>\n<li>sich die Nachrichten an eine E-Mail-Adresse schicken lassen.<\/li>\n<\/ul>\n<p>Kursleiter und -leiterinnen (f\u00fcr den Anfang Lehrkr\u00e4fte, aber das muss nicht sein) k\u00f6nnen:<\/p>\n<ul>\n<li>den Kursteilnehmern Material pr\u00e4sentieren (Arbeitsbl\u00e4tter, Links, Bildersammlungen)<\/li>\n<li>den Kursteilnehmern Aufgaben stellen (Grammatik\u00fcbungen, Tests, Aufs\u00e4tze, Umfragen, Feedback)<\/li>\n<\/ul>\n<p>Mebis ist datenschutzrechtlich durch das Kultusministerium gepr\u00fcft und freigegeben. Ansonsten darf man in der Schule leider kaum irgendetwas nutzen, bei dem personenbezogene Daten gespeichert werden.<\/p>\n<p><strong>Mebis-Lernkurse<\/strong><\/p>\n<p>Kursreihe &#8222;Einfach Mebis&#8220; f\u00fcr Lehrer und Lehrerinnen:<br \/>\n<a href=\"https:\/\/www.mebis.bayern.de\/infoportal\/empfehlung\/kursreihe-einfach-mebis\/\">https:\/\/www.mebis.bayern.de\/infoportal\/empfehlung\/kursreihe-einfach-mebis\/<\/a><\/p>\n","protected":false},"excerpt":{"rendered":"<p>Die technisch wichtigen Sachen Adresse: https:\/\/mebis.bayern.de Den Mebis-Zugang kriegst du von Frau Sauer (marina.sauer@schule.bayern.de) oder Herrn Wendl. Wenn du einen neuen Zugang ben\u00f6tigst, melde dich bei einem davon. Jeder Nutzer kriegt 1 GB kostenlosen Online-Speicherplatz Du kannst nur in den Kursen arbeiten, in denen du Mitglied bist. Gebe eine funktionierende E-Mail-Adresse bei Mebis ein.\u00a0Nur dann [&hellip;]<\/p>\n","protected":false},"author":2,"featured_media":9524,"parent":9694,"menu_order":0,"comment_status":"closed","ping_status":"closed","template":"","meta":{"footnotes":""},"class_list":["post-9510","page","type-page","status-publish","has-post-thumbnail","hentry"],"_links":{"self":[{"href":"https:\/\/home.graf-rasso-gymnasium.de\/home\/wp-json\/wp\/v2\/pages\/9510","targetHints":{"allow":["GET"]}}],"collection":[{"href":"https:\/\/home.graf-rasso-gymnasium.de\/home\/wp-json\/wp\/v2\/pages"}],"about":[{"href":"https:\/\/home.graf-rasso-gymnasium.de\/home\/wp-json\/wp\/v2\/types\/page"}],"author":[{"embeddable":true,"href":"https:\/\/home.graf-rasso-gymnasium.de\/home\/wp-json\/wp\/v2\/users\/2"}],"replies":[{"embeddable":true,"href":"https:\/\/home.graf-rasso-gymnasium.de\/home\/wp-json\/wp\/v2\/comments?post=9510"}],"version-history":[{"count":46,"href":"https:\/\/home.graf-rasso-gymnasium.de\/home\/wp-json\/wp\/v2\/pages\/9510\/revisions"}],"predecessor-version":[{"id":16773,"href":"https:\/\/home.graf-rasso-gymnasium.de\/home\/wp-json\/wp\/v2\/pages\/9510\/revisions\/16773"}],"up":[{"embeddable":true,"href":"https:\/\/home.graf-rasso-gymnasium.de\/home\/wp-json\/wp\/v2\/pages\/9694"}],"wp:featuredmedia":[{"embeddable":true,"href":"https:\/\/home.graf-rasso-gymnasium.de\/home\/wp-json\/wp\/v2\/media\/9524"}],"wp:attachment":[{"href":"https:\/\/home.graf-rasso-gymnasium.de\/home\/wp-json\/wp\/v2\/media?parent=9510"}],"curies":[{"name":"wp","href":"https:\/\/api.w.org\/{rel}","templated":true}]}}