{"id":9592,"date":"2018-03-14T13:22:33","date_gmt":"2018-03-14T12:22:33","guid":{"rendered":"https:\/\/home.graf-rasso-gymnasium.de\/home\/?page_id=9592"},"modified":"2018-03-14T13:22:33","modified_gmt":"2018-03-14T12:22:33","slug":"latein-erwerb-des-latinums","status":"publish","type":"page","link":"https:\/\/home.graf-rasso-gymnasium.de\/home\/faecher\/latein\/latein-erwerb-des-latinums\/","title":{"rendered":"Latein: Erwerb des Latinums"},"content":{"rendered":"<p>In der Regel wird das Latinum \u00fcber den Pflichtunterricht nachgewiesen, wenn im Jahreszeugnis der Jahr\u00adgangsstufe 10 im Fach Latein mindestens die Note \u201eausreichend\u201c erreicht worden ist. <\/p>\n<p>In Ausnahmef\u00e4llen, z. B. bei Auslandsaufenthalt in Klasse 10, kann das Latinum auch \u00fcber eine schulinterne Feststellungspr\u00fcfung am Ende der Jahrgangsstufe 9 nachgewiesen werden, die von der Fachschaft Latein am Ende des Schuljahres auf Antrag angeboten wird. Die Lateinlehrer geben hierzu gerne Auskunft.<\/p>\n<p>Die Pr\u00fcfung besteht aus einem 90-min\u00fctigen schriftlichen und einem 20-min\u00fctigen m\u00fcndlichen Teil. Im schriftlichen Teil ist ein Originaltext von ca. 110 lateinischen W\u00f6rtern zu \u00fcbersetzen. Dabei darf ein genehmigtes Latein-W\u00f6rterbuch benutzt werden.<br \/>\nAuf die m\u00fcndliche Pr\u00fcfung kann auf Antrag verzichtet werden, wenn stattdessen die Gesamtnote der im Lauf der 9. Klasse erbrachten kleinen Leistungsnachweise (m\u00fcndliche Noten, Stegreifaufgaben etc.) in die Wertung eingebracht wird.<br \/>\nDie Noten des schriftlichen und m\u00fcndlichen Teils werden im Verh\u00e4ltnis 2:1 gewichtet. Die Feststellungspr\u00fcfung gilt als bestanden, wenn die Gesamtnote \u201eausreichend\u201c oder besser lautet und weder im schriftlichen noch im m\u00fcndlichen Teil die Note 6 erreicht wurde. <\/p>\n<p><a href=\"http:\/\/www.gesetze-bayern.de\/Content\/Document\/BayVwV273589?AspxAutoDetectCookieSupport=1\">Weitere Informationen sind in folgender Bekanntmachung des Kultusministeriums<\/a> zu finden (KMBek vom 20. Dezember 2012 Az.: VI.3-5 S 5510-6.133 551).<\/p>\n","protected":false},"excerpt":{"rendered":"<p>In der Regel wird das Latinum \u00fcber den Pflichtunterricht nachgewiesen, wenn im Jahreszeugnis der Jahr\u00adgangsstufe 10 im Fach Latein mindestens die Note \u201eausreichend\u201c erreicht worden ist. In Ausnahmef\u00e4llen, z. B. bei Auslandsaufenthalt in Klasse 10, kann das Latinum auch \u00fcber eine schulinterne Feststellungspr\u00fcfung am Ende der Jahrgangsstufe 9 nachgewiesen werden, die von der Fachschaft Latein [&hellip;]<\/p>\n","protected":false},"author":2,"featured_media":0,"parent":4448,"menu_order":0,"comment_status":"closed","ping_status":"closed","template":"","meta":{"footnotes":""},"class_list":["post-9592","page","type-page","status-publish","hentry"],"_links":{"self":[{"href":"https:\/\/home.graf-rasso-gymnasium.de\/home\/wp-json\/wp\/v2\/pages\/9592","targetHints":{"allow":["GET"]}}],"collection":[{"href":"https:\/\/home.graf-rasso-gymnasium.de\/home\/wp-json\/wp\/v2\/pages"}],"about":[{"href":"https:\/\/home.graf-rasso-gymnasium.de\/home\/wp-json\/wp\/v2\/types\/page"}],"author":[{"embeddable":true,"href":"https:\/\/home.graf-rasso-gymnasium.de\/home\/wp-json\/wp\/v2\/users\/2"}],"replies":[{"embeddable":true,"href":"https:\/\/home.graf-rasso-gymnasium.de\/home\/wp-json\/wp\/v2\/comments?post=9592"}],"version-history":[{"count":4,"href":"https:\/\/home.graf-rasso-gymnasium.de\/home\/wp-json\/wp\/v2\/pages\/9592\/revisions"}],"predecessor-version":[{"id":9596,"href":"https:\/\/home.graf-rasso-gymnasium.de\/home\/wp-json\/wp\/v2\/pages\/9592\/revisions\/9596"}],"up":[{"embeddable":true,"href":"https:\/\/home.graf-rasso-gymnasium.de\/home\/wp-json\/wp\/v2\/pages\/4448"}],"wp:attachment":[{"href":"https:\/\/home.graf-rasso-gymnasium.de\/home\/wp-json\/wp\/v2\/media?parent=9592"}],"curies":[{"name":"wp","href":"https:\/\/api.w.org\/{rel}","templated":true}]}}